{"id":10395,"date":"2019-02-11T00:13:52","date_gmt":"2019-02-10T23:13:52","guid":{"rendered":"https:\/\/www.medico.hr\/?page_id=10395"},"modified":"2024-06-03T11:11:17","modified_gmt":"2024-06-03T09:11:17","slug":"send-an-inquiry","status":"publish","type":"page","link":"https:\/\/www.medico.hr\/en\/send-an-inquiry\/","title":{"rendered":"Send an inquiry"},"content":{"rendered":"\n<p class=\"is-style-intro\">Please fill out the form to make an appointment for a medical examination or service, and we will respond to you as soon as possible.<\/p>\n\n\n\n<div class=\"wpcf7 no-js\" id=\"wpcf7-f10394-o1\" lang=\"en-US\" dir=\"ltr\" data-wpcf7-id=\"10394\">\n<div class=\"screen-reader-response\"><p role=\"status\" aria-live=\"polite\" aria-atomic=\"true\"><\/p> <ul><\/ul><\/div>\n<form action=\"\/en\/wp-json\/wp\/v2\/pages\/10395#wpcf7-f10394-o1\" method=\"post\" class=\"wpcf7-form init\" aria-label=\"Contact form\" novalidate=\"novalidate\" data-status=\"init\">\n<fieldset class=\"hidden-fields-container\"><input type=\"hidden\" name=\"_wpcf7\" value=\"10394\" \/><input type=\"hidden\" name=\"_wpcf7_version\" value=\"6.1.5\" \/><input type=\"hidden\" name=\"_wpcf7_locale\" value=\"en_US\" \/><input type=\"hidden\" name=\"_wpcf7_unit_tag\" value=\"wpcf7-f10394-o1\" \/><input type=\"hidden\" name=\"_wpcf7_container_post\" value=\"0\" \/><input type=\"hidden\" name=\"_wpcf7_posted_data_hash\" value=\"\" \/><input type=\"hidden\" name=\"_wpcf7_recaptcha_response\" value=\"\" \/>\n<\/fieldset>\n<div class=\"wpcf7-response-output\" aria-hidden=\"true\"><\/div>\n<p><label> Your name*<br \/>\n<span class=\"wpcf7-form-control-wrap\" data-name=\"your-name\"><input size=\"40\" maxlength=\"400\" class=\"wpcf7-form-control wpcf7-text wpcf7-validates-as-required form-control input-muted-light rounded-pill\" aria-required=\"true\" aria-invalid=\"false\" value=\"\" type=\"text\" name=\"your-name\" \/><\/span> <\/label>\n<\/p>\n<div class=\"row mb-4\">\n\t<div class=\"col-xl-6 mb-4 mb-xl-0\">\n\t\t<p><label> Your email*<br \/>\n<span class=\"wpcf7-form-control-wrap\" data-name=\"your-email\"><input size=\"40\" maxlength=\"400\" class=\"wpcf7-form-control wpcf7-email wpcf7-validates-as-required wpcf7-text wpcf7-validates-as-email form-control input-muted-light rounded-pill\" aria-required=\"true\" aria-invalid=\"false\" value=\"\" type=\"email\" name=\"your-email\" \/><\/span> <\/label>\n\t\t<\/p>\n\t<\/div>\n\t<div class=\"col-xl-6\">\n\t\t<p><label> Phone number*<br \/>\n<span class=\"wpcf7-form-control-wrap\" data-name=\"your-phone\"><input size=\"40\" maxlength=\"400\" class=\"wpcf7-form-control wpcf7-text wpcf7-validates-as-required form-control input-muted-light rounded-pill\" aria-required=\"true\" aria-invalid=\"false\" value=\"\" type=\"text\" name=\"your-phone\" \/><\/span> <\/label>\n\t\t<\/p>\n\t<\/div>\n<\/div>\n<p><label> Preferred check-in date<br \/>\n<span class=\"wpcf7-form-control-wrap\" data-name=\"datum-1\"><input class=\"wpcf7-form-control wpcf7-date wpcf7-validates-as-date form-control input-muted-light rounded-pill\" aria-invalid=\"false\" value=\"\" type=\"date\" name=\"datum-1\" \/><\/span> <\/label>\n<\/p>\n<div class=\"row mb-4\">\n\t<div class=\"col-xl-6 mb-4 mb-xl-0\">\n\t\t<p><label> Doctor<br \/>\n<span class=\"wpcf7-form-control-wrap\" data-name=\"cf7-dropdown\"><select class=\"wpcf7-form-control wpcf7-select form-select input-muted-light rounded-pill\" id=\"cf7-team\" aria-invalid=\"false\" name=\"cf7-dropdown\"><option value=\"\">&#8212;Please choose an option&#8212;<\/option><option value=\"Rijeka--10448\">Primarius Zorica Aleri\u0107, MD, PhD<\/option><option value=\"Rijeka,Pula--10452\">Teuta Aleri\u0107 Primorac, MD<\/option><option value=\"Pula--10461\">Manuela Balaban Kumpare, MD, MSc<\/option><option value=\"Rijeka--10469\">Nenad Bi\u0107ani\u0107, MD<\/option><option value=\"Pula--10472\">Aleksandra Blagoni\u0107, MD, PhD<\/option><option value=\"Rijeka,Pula--10475\">Fabio Bo\u017eac, MD<\/option><option value=\"Rijeka--10482\">Dragan Bo\u017ei\u010devi\u0107, MD<\/option><option value=\"Rijeka--10488\">Boris Brozovi\u0107, MD, PhD<\/option><option value=\"Rijeka,Pula--10491\">Zlatko Buli\u0107, MD<\/option><option value=\"Rijeka--10494\">Vanja Bu\u0161i\u0107, MD<\/option><option value=\"Rijeka--10497\">Vi\u0161nja Butorac, MD<\/option><option value=\"Rijeka--10500\">Ana Car Peterko, MD<\/option><option value=\"Rijeka--10503\">Prof. \u017deljka Crn\u010devi\u0107 Orli\u0107, MD, PhD<\/option><option value=\"Rijeka,Pula--10506\">Mladen Defranceschi, MD, MSc<\/option><option value=\"Rijeka--10513\">\u017deljka Dikli\u0107, MD<\/option><option value=\"Rijeka--10516\">Lidija Dimitrovski, MD<\/option><option value=\"Rijeka--10519\">Dubravko Dobrovi\u0107, MD<\/option><option value=\"Rijeka--10525\">Antica Duleti\u0107 \u2013 Na\u010dinovi\u0107, MD, PhD<\/option><option value=\"Rijeka,Pula--10529\">Ass. Prof. Elizabeta Fi\u0161i\u0107, spec. med. biochem.<\/option><option value=\"Rijeka--10533\">Ana Gavrani\u0107, MD, PhD<\/option><option value=\"Rijeka,Pula--10536\">Assoc. Prof. Mirjana Graovac, MD, PhD<\/option><option value=\"Pula--10540\">Igor Grgorini\u0107, MD<\/option><option value=\"Rijeka--12389\">Petra Grube\u0161i\u0107, MD<\/option><option value=\"Rijeka--10544\">Primarius Igor Grubje\u0161i\u0107, MD, PhD<\/option><option value=\"Rijeka,Pula--10547\">Primarius Nikola Gr\u017ealja, MD, PhD<\/option><option value=\"Rijeka--10556\">Prof. Herman Haller, MD, PhD<\/option><option value=\"Rijeka--10564\">Ivan Host, MD<\/option><option value=\"Rijeka--10567\">Matea Igli\u0107 Debeli\u0107, MD<\/option><option value=\"Pula--10570\">Kornelije Ilovar, MD<\/option><option value=\"Rijeka--11189\">Ana Iveki\u0107 Jambro\u0161i\u0107, MD, PhD<\/option><option value=\"Rijeka--10573\">Prof. Mirko Ivki\u0107, MD, PhD<\/option><option value=\"Rijeka--12064\">Prof. Hari Jurdana, MD, PhD<\/option><option value=\"Pula--10577\">Primarius Lada Kalagac Fabris, MD, PhD<\/option><option value=\"Rijeka--10580\">Assoc. Prof. Tatjana Kehler, MD, PhD<\/option><option value=\"Rijeka--10583\">Sini\u0161a Kne\u017eevi\u0107, MD, PhD<\/option><option value=\"Rijeka--10586\">Ass. Prof. Zlatko Koli\u0107, MD, PhD<\/option><option value=\"Rijeka--10589\">Dean Komljenovi\u0107, MD<\/option><option value=\"Pula--10592\">Nadija Kompari\u0107, MD<\/option><option value=\"Rijeka--10595\">Prof. Damir Kova\u010devi\u0107, MD, PhD<\/option><option value=\"Rijeka--10598\">Nenad Kova\u010devi\u0107, MD<\/option><option value=\"Rijeka--11174\">Assoc. Prof. Ivan Kruljac, MD, PhD<\/option><option value=\"Rijeka,Pula--10601\">Gordan Lako\u0161, MD<\/option><option value=\"Rijeka--10605\">Milan Li\u010dina, MD<\/option><option value=\"Rijeka--10608\">Martina Linari\u0107, M.Sc. in Eng., PhD<\/option><option value=\"Rijeka--10611\">Iva Lustig Rubini\u0107, MD<\/option><option value=\"Rijeka--10614\">Ana \u2013 Marija Lu\u0161i\u010di\u0107, M.Sc. psych.<\/option><option value=\"Rijeka--10617\">Primarius Mihaela Mamula Sara\u010devi\u0107, MD, PhD<\/option><option value=\"Rijeka--10621\">Miljenko Manestar, MD, MSc<\/option><option value=\"Rijeka--10624\">Ass. Prof. Diana Mar\u017ei\u0107, MD, PhD<\/option><option value=\"Rijeka,Pula--10628\">Sendi Mati\u0107, MD, PhD<\/option><option value=\"Rijeka,Pula--12093\">Maja Merlak, MD, PhD<\/option><option value=\"Pula--10634\">Bojan Milanov, MD<\/option><option value=\"Rijeka--12380\">Miljenko Modri\u0107, MD<\/option><option value=\"Pula--10637\">Branka Mori\u0107 \u2013 Pauleti\u0107, MD<\/option><option value=\"Rijeka--10644\">Jasna Neki\u0107, MD, PhD<\/option><option value=\"Rijeka--10647\">Assoc. Prof. Primarius Lidija Orli\u0107, MD, PhD<\/option><option value=\"Pula--10650\">Du\u0161ko Pall, MD<\/option><option value=\"Rijeka--12398\">Tamara Paravi\u0107, MD<\/option><option value=\"Rijeka--10653\">Josip Penavi\u0107, MD<\/option><option value=\"Pula--10656\">Ljubomir Penezi\u0107, MD<\/option><option value=\"Rijeka--10659\">Darinka Peri\u0161a, MD<\/option><option value=\"Rijeka--10662\">Ass. Prof. Vjerislav Peterkovi\u0107, MD, PhD<\/option><option value=\"Rijeka--10665\">Prof. Primarius Sandra Peternel, MD<\/option><option value=\"Rijeka--10668\">Davor Petranovi\u0107, MD, MSc<\/option><option value=\"Pula--10671\">Marin Petrinovi\u0107, MD<\/option><option value=\"Rijeka--12407\">Andrej Ple\u0161e, MD<\/option><option value=\"Rijeka--10674\">Katarina Popovi\u0107, MD<\/option><option value=\"Pula--10677\">Claudio Primc, MD<\/option><option value=\"Rijeka--10680\">Davor Primc, MD, PhD<\/option><option value=\"Rijeka--10683\">Miroslav Prpi\u0107, MD<\/option><option value=\"Rijeka--10686\">\u0110eiti Prvulovi\u0107, MD, PhD<\/option><option value=\"Rijeka--10689\">Ivana Prvulovi\u0107, MD, PhD<\/option><option value=\"Pula--10691\">Sini\u0161a Punek, MD, PhD<\/option><option value=\"Rijeka--10695\">Suzana Sinov\u010di\u0107 \u2013 Kolanovi\u0107, MD<\/option><option value=\"Pula--10699\">Jozo Slip\u010devi\u0107, MD<\/option><option value=\"Rijeka--10702\">Primarius Jadranko Sokoli\u0107, MD, PhD<\/option><option value=\"Pula--10705\">Ass. Prof. Matija So\u0161i\u0107, MD, PhD<\/option><option value=\"Rijeka--10709\">Liliana Stojni\u0107 So\u0161a, MD, MSc<\/option><option value=\"Rijeka--10715\">PROF. Davor \u0160timac, MD, PhD<\/option><option value=\"Rijeka--10719\">Marija Tomac Stojmenovi\u0107<\/option><option value=\"Rijeka--11414\">Filip Tudor, MD<\/option><option value=\"Rijeka,Pula--10724\">Prof. Toni Valkovi\u0107, MD, PhD<\/option><option value=\"Rijeka--11183\">Primarius \u017deljko Vidas, MD, PhD<\/option><option value=\"Pula--10731\">Renato Vidos, MD<\/option><option value=\"Rijeka--10734\">Adriana Vi\u0161kovi\u0107, MD<\/option><option value=\"Rijeka--10737\">Bo\u017eidar Vuji\u010di\u0107, MD, PhD<\/option><option value=\"Rijeka--10739\">Ass. Prof. Duje Vukas, MD, PhD<\/option><option value=\"Rijeka,Pula--10744\">Natalija Vuleti\u0107, MD, PhD<\/option><option value=\"Rijeka--12416\">Marta Zatezalo, MD<\/option><option value=\"Rijeka--10747\">Prof. Marko Zeli\u0107, MD, PhD<\/option><\/select><\/span><\/label>\n\t\t<\/p>\n\t<\/div>\n\t<div class=\"col-xl-6\">\n\t\t<p><label> Desired location<br \/>\n<span class=\"wpcf7-form-control-wrap\" data-name=\"lokacija-1\"><select class=\"wpcf7-form-control wpcf7-select form-select input-muted-light rounded-pill\" id=\"cf7-locations\" aria-invalid=\"false\" name=\"lokacija-1\"><option value=\"\">&#8212;Please choose an option&#8212;<\/option><option value=\"Rijeka\">Rijeka<\/option><option value=\"Pula\">Pula<\/option><\/select><\/span><\/label>\n\t\t<\/p>\n\t<\/div>\n<\/div>\n<p><label> Subject of the inquiry*<br \/>\n<span class=\"wpcf7-form-control-wrap\" data-name=\"your-subject\"><input size=\"40\" maxlength=\"400\" class=\"wpcf7-form-control wpcf7-text wpcf7-validates-as-required form-control input-muted-light rounded-pill\" aria-required=\"true\" aria-invalid=\"false\" value=\"\" type=\"text\" name=\"your-subject\" \/><\/span> <\/label>\n<\/p>\n<p><label> Your message*<br \/>\n<span class=\"wpcf7-form-control-wrap\" data-name=\"your-message\"><textarea cols=\"40\" rows=\"10\" maxlength=\"2000\" class=\"wpcf7-form-control wpcf7-textarea wpcf7-validates-as-required form-control input-muted-light rounded-4\" aria-required=\"true\" aria-invalid=\"false\" name=\"your-message\"><\/textarea><\/span> <\/label>\n<\/p>\n<div class=\"text-center\">\n\t<p><span class=\"wpcf7-form-control-wrap\" data-name=\"acceptance-138\"><span class=\"wpcf7-form-control wpcf7-acceptance\"><span class=\"wpcf7-list-item\"><label><input type=\"checkbox\" name=\"acceptance-138\" value=\"1\" class=\"form-check-input rounded-pill\" aria-invalid=\"false\" \/><span class=\"wpcf7-list-item-label\">I accept the <a href=\"\/o-nama\/pravila-zastite-osobnih-podataka\/\" target=\"blank\">Rules of the Specialty Hospital Medico on the protection of personal data<\/a>.<\/span><\/label><\/span><\/span><\/span>\n\t<\/p>\n<span class=\"wpcf7-form-control-wrap recaptcha\" data-name=\"recaptcha\"><span data-sitekey=\"6LdqtpAUAAAAAJxsc-8KuZajP4L5q3dSyNOTd29w\" data-align=\"center\" class=\"wpcf7-form-control wpcf7-recaptcha g-recaptcha\"><\/span>\r\n<noscript>\r\n\t<div class=\"grecaptcha-noscript\">\r\n\t\t<iframe loading=\"lazy\" src=\"https:\/\/www.google.com\/recaptcha\/api\/fallback?k=6LdqtpAUAAAAAJxsc-8KuZajP4L5q3dSyNOTd29w\" frameborder=\"0\" scrolling=\"no\" width=\"310\" height=\"430\">\r\n\t\t<\/iframe>\r\n\t\t<textarea name=\"g-recaptcha-response\" rows=\"3\" cols=\"40\" placeholder=\"reCaptcha Response Here\">\r\n\t\t<\/textarea>\r\n\t<\/div>\r\n<\/noscript>\r\n<\/span>\n\t<p><input class=\"wpcf7-form-control wpcf7-submit has-spinner btn btn-secondary rounded-pill btn-p-y text-uppercase ms-5 mt-4\" type=\"submit\" value=\"Send\" \/>\n\t<\/p>\n<\/div>\n<\/form>\n<\/div>\n\n","protected":false},"excerpt":{"rendered":"<p>Please fill out the form to make an appointment for a medical examination or service, and we will respond to&#8230;<\/p>\n","protected":false},"author":1,"featured_media":0,"parent":0,"menu_order":0,"comment_status":"closed","ping_status":"closed","template":"","meta":{"_acf_changed":false,"footnotes":""},"class_list":["post-10395","page","type-page","status-publish","hentry"],"acf":[],"yoast_head":"<!-- This site is optimized with the Yoast SEO plugin v27.5 - https:\/\/yoast.com\/product\/yoast-seo-wordpress\/ -->\n<title>Send an inquiry | Specialty Hospital Medico<\/title>\n<meta name=\"description\" content=\"Please fill out the form to make an appointment for a medical examination or service, and we will respond to you as soon as possible.\" \/>\n<meta name=\"robots\" content=\"index, follow, max-snippet:-1, max-image-preview:large, max-video-preview:-1\" \/>\n<link rel=\"canonical\" href=\"https:\/\/www.medico.hr\/en\/send-an-inquiry\/\" \/>\n<meta property=\"og:locale\" content=\"en_US\" \/>\n<meta property=\"og:type\" content=\"article\" \/>\n<meta property=\"og:title\" content=\"Send an inquiry | Specialty Hospital Medico\" \/>\n<meta property=\"og:description\" content=\"Please fill out the form to make an appointment for a medical examination or service, and we will respond to you as soon as possible.\" \/>\n<meta property=\"og:url\" content=\"https:\/\/www.medico.hr\/en\/send-an-inquiry\/\" \/>\n<meta property=\"og:site_name\" content=\"Specialty Hospital Medico\" \/>\n<meta property=\"article:modified_time\" content=\"2024-06-03T09:11:17+00:00\" \/>\n<meta name=\"twitter:card\" content=\"summary_large_image\" \/>\n<script type=\"application\/ld+json\" class=\"yoast-schema-graph\">{\"@context\":\"https:\\\/\\\/schema.org\",\"@graph\":[{\"@type\":\"WebPage\",\"@id\":\"https:\\\/\\\/www.medico.hr\\\/en\\\/send-an-inquiry\\\/\",\"url\":\"https:\\\/\\\/www.medico.hr\\\/en\\\/send-an-inquiry\\\/\",\"name\":\"Send an inquiry | Specialty Hospital Medico\",\"isPartOf\":{\"@id\":\"https:\\\/\\\/www.medico.hr\\\/en\\\/#website\"},\"datePublished\":\"2019-02-10T23:13:52+00:00\",\"dateModified\":\"2024-06-03T09:11:17+00:00\",\"description\":\"Please fill out the form to make an appointment for a medical examination or service, and we will respond to you as soon as possible.\",\"breadcrumb\":{\"@id\":\"https:\\\/\\\/www.medico.hr\\\/en\\\/send-an-inquiry\\\/#breadcrumb\"},\"inLanguage\":\"en-US\",\"potentialAction\":[{\"@type\":\"ReadAction\",\"target\":[\"https:\\\/\\\/www.medico.hr\\\/en\\\/send-an-inquiry\\\/\"]}]},{\"@type\":\"BreadcrumbList\",\"@id\":\"https:\\\/\\\/www.medico.hr\\\/en\\\/send-an-inquiry\\\/#breadcrumb\",\"itemListElement\":[{\"@type\":\"ListItem\",\"position\":1,\"name\":\"Home\",\"item\":\"https:\\\/\\\/www.medico.hr\\\/en\\\/\"},{\"@type\":\"ListItem\",\"position\":2,\"name\":\"Send an inquiry\"}]},{\"@type\":\"WebSite\",\"@id\":\"https:\\\/\\\/www.medico.hr\\\/en\\\/#website\",\"url\":\"https:\\\/\\\/www.medico.hr\\\/en\\\/\",\"name\":\"Specijalna bolnica Medico\",\"description\":\"All in one day, in one place\",\"publisher\":{\"@id\":\"https:\\\/\\\/www.medico.hr\\\/en\\\/#organization\"},\"potentialAction\":[{\"@type\":\"SearchAction\",\"target\":{\"@type\":\"EntryPoint\",\"urlTemplate\":\"https:\\\/\\\/www.medico.hr\\\/en\\\/?s={search_term_string}\"},\"query-input\":{\"@type\":\"PropertyValueSpecification\",\"valueRequired\":true,\"valueName\":\"search_term_string\"}}],\"inLanguage\":\"en-US\"},{\"@type\":\"Organization\",\"@id\":\"https:\\\/\\\/www.medico.hr\\\/en\\\/#organization\",\"name\":\"Specijalna bolnica Medico\",\"url\":\"https:\\\/\\\/www.medico.hr\\\/en\\\/\",\"logo\":{\"@type\":\"ImageObject\",\"inLanguage\":\"en-US\",\"@id\":\"https:\\\/\\\/www.medico.hr\\\/en\\\/#\\\/schema\\\/logo\\\/image\\\/\",\"url\":\"https:\\\/\\\/www.medico.hr\\\/wp-content\\\/uploads\\\/2022\\\/03\\\/logo-medico.png\",\"contentUrl\":\"https:\\\/\\\/www.medico.hr\\\/wp-content\\\/uploads\\\/2022\\\/03\\\/logo-medico.png\",\"width\":391,\"height\":101,\"caption\":\"Specijalna bolnica Medico\"},\"image\":{\"@id\":\"https:\\\/\\\/www.medico.hr\\\/en\\\/#\\\/schema\\\/logo\\\/image\\\/\"}}]}<\/script>\n<!-- \/ Yoast SEO plugin. -->","yoast_head_json":{"title":"Send an inquiry | Specialty Hospital Medico","description":"Please fill out the form to make an appointment for a medical examination or service, and we will respond to you as soon as possible.","robots":{"index":"index","follow":"follow","max-snippet":"max-snippet:-1","max-image-preview":"max-image-preview:large","max-video-preview":"max-video-preview:-1"},"canonical":"https:\/\/www.medico.hr\/en\/send-an-inquiry\/","og_locale":"en_US","og_type":"article","og_title":"Send an inquiry | Specialty Hospital Medico","og_description":"Please fill out the form to make an appointment for a medical examination or service, and we will respond to you as soon as possible.","og_url":"https:\/\/www.medico.hr\/en\/send-an-inquiry\/","og_site_name":"Specialty Hospital Medico","article_modified_time":"2024-06-03T09:11:17+00:00","twitter_card":"summary_large_image","schema":{"@context":"https:\/\/schema.org","@graph":[{"@type":"WebPage","@id":"https:\/\/www.medico.hr\/en\/send-an-inquiry\/","url":"https:\/\/www.medico.hr\/en\/send-an-inquiry\/","name":"Send an inquiry | Specialty Hospital Medico","isPartOf":{"@id":"https:\/\/www.medico.hr\/en\/#website"},"datePublished":"2019-02-10T23:13:52+00:00","dateModified":"2024-06-03T09:11:17+00:00","description":"Please fill out the form to make an appointment for a medical examination or service, and we will respond to you as soon as possible.","breadcrumb":{"@id":"https:\/\/www.medico.hr\/en\/send-an-inquiry\/#breadcrumb"},"inLanguage":"en-US","potentialAction":[{"@type":"ReadAction","target":["https:\/\/www.medico.hr\/en\/send-an-inquiry\/"]}]},{"@type":"BreadcrumbList","@id":"https:\/\/www.medico.hr\/en\/send-an-inquiry\/#breadcrumb","itemListElement":[{"@type":"ListItem","position":1,"name":"Home","item":"https:\/\/www.medico.hr\/en\/"},{"@type":"ListItem","position":2,"name":"Send an inquiry"}]},{"@type":"WebSite","@id":"https:\/\/www.medico.hr\/en\/#website","url":"https:\/\/www.medico.hr\/en\/","name":"Specijalna bolnica Medico","description":"All in one day, in one place","publisher":{"@id":"https:\/\/www.medico.hr\/en\/#organization"},"potentialAction":[{"@type":"SearchAction","target":{"@type":"EntryPoint","urlTemplate":"https:\/\/www.medico.hr\/en\/?s={search_term_string}"},"query-input":{"@type":"PropertyValueSpecification","valueRequired":true,"valueName":"search_term_string"}}],"inLanguage":"en-US"},{"@type":"Organization","@id":"https:\/\/www.medico.hr\/en\/#organization","name":"Specijalna bolnica Medico","url":"https:\/\/www.medico.hr\/en\/","logo":{"@type":"ImageObject","inLanguage":"en-US","@id":"https:\/\/www.medico.hr\/en\/#\/schema\/logo\/image\/","url":"https:\/\/www.medico.hr\/wp-content\/uploads\/2022\/03\/logo-medico.png","contentUrl":"https:\/\/www.medico.hr\/wp-content\/uploads\/2022\/03\/logo-medico.png","width":391,"height":101,"caption":"Specijalna bolnica Medico"},"image":{"@id":"https:\/\/www.medico.hr\/en\/#\/schema\/logo\/image\/"}}]}},"_links":{"self":[{"href":"https:\/\/www.medico.hr\/en\/wp-json\/wp\/v2\/pages\/10395","targetHints":{"allow":["GET"]}}],"collection":[{"href":"https:\/\/www.medico.hr\/en\/wp-json\/wp\/v2\/pages"}],"about":[{"href":"https:\/\/www.medico.hr\/en\/wp-json\/wp\/v2\/types\/page"}],"author":[{"embeddable":true,"href":"https:\/\/www.medico.hr\/en\/wp-json\/wp\/v2\/users\/1"}],"replies":[{"embeddable":true,"href":"https:\/\/www.medico.hr\/en\/wp-json\/wp\/v2\/comments?post=10395"}],"version-history":[{"count":2,"href":"https:\/\/www.medico.hr\/en\/wp-json\/wp\/v2\/pages\/10395\/revisions"}],"predecessor-version":[{"id":10445,"href":"https:\/\/www.medico.hr\/en\/wp-json\/wp\/v2\/pages\/10395\/revisions\/10445"}],"wp:attachment":[{"href":"https:\/\/www.medico.hr\/en\/wp-json\/wp\/v2\/media?parent=10395"}],"curies":[{"name":"wp","href":"https:\/\/api.w.org\/{rel}","templated":true}]}}