{"id":11369,"date":"2019-01-21T13:53:11","date_gmt":"2019-01-21T12:53:11","guid":{"rendered":"https:\/\/www.medico.hr\/?page_id=11369"},"modified":"2025-07-17T12:15:27","modified_gmt":"2025-07-17T10:15:27","slug":"informazioni-sullospedale-specialistico-medico","status":"publish","type":"page","link":"https:\/\/www.medico.hr\/it\/informazioni-sullospedale-specialistico-medico\/","title":{"rendered":"Informazioni sull\u2019Ospedale Specialistico Medico"},"content":{"rendered":"\n<p class=\"is-style-intro\">Presso l\u2019Ospedale Specialistico Medico di Rijeka\/Fiume e Pula\/Pola, in un solo giorno, in un solo luogo, in un ambiente sicuro e affidabile, senza folla e attese, ci prendiamo cura della vostra salute con attenzione e responsabilit\u00e0.<\/p>\n\n\n\n<p>L\u2019Ospedale Specialistico Medico ha iniziato la sua attivit\u00e0 nel 1991 ed \u00e8 stata la pioniera della pratica privata nell\u2019erogazione di servizi sanitari nella Repubblica di Croazia. Siamo passati da una semplice clinica privata a un ospedale specialistico, che oggi rappresenta il punto di riferimento regionale nell\u2019assistenza sanitaria privata. Ci siamo consolidati come leader nell\u2019adozione e nell\u2019implementazione di tecnologie all\u2019avanguardia nella diagnostica e nel trattamento, mentre un importante ciclo di sviluppo \u00e8 iniziato con la trasformazione della nostra clinica in ospedale specialistico nell\u2019ottobre 2016 ed \u00e8 proseguito con l\u2019apertura dell\u2019unit\u00e0 operativa di Pola nel 2017.<\/p>\n\n\n\n<p>La nostra qualit\u00e0 e il nostro prestigio derivano principalmente dai nostri dipendenti dedicati, i quali, grazie a una lunga esperienza, alla formazione continua e all\u2019acquisizione constante di nuove competenze e abilit\u00e0, forniscono un servizio sanitario integrato di altissimo livello. Oltre centocinquanta dipendenti, di cui pi\u00f9 di sessanta medici, ofriamo ai nostri pazienti il miglior servizio sanitario possibile. Ne \u00e8 prova il fatto che ogni anno oltre 60&nbsp;000 pazienti ci affidano le loro cure sanitarie.<\/p>\n\n\n\n<p>Oggi Medico si distingue come ospedale specialistico dotato di diagnostica avanzata integrata, policlinico e chirurgia minimamente invasiva. Il nostro personale medico esperto e qualificato assicura assistenza ai pazienti in diciannove ambiti specialistici, che svolgiamo attraverso numerose specialit\u00e0 e sottospecialit\u00e0: laboratorio medico-biochimico, citologia, radiologia, medicina interna, gastroenterologia, cardiologia, nefrologia, pneumologia, ematologia, endocrinologia, neurologia, dermatologia e venereologia, oftalmologia, otorinolaringoiatria, urologia, ginecologia e ostetricia, chirurgia generale, neurochirurgia, ortopedia, chirurgia vascolare, chirurgia plastica, anestesiologia, rianimazione e terapia intensiva, reumatologia e psichiatria.<\/p>\n\n\n\n<p>Dopo oltre un quarto di secolo di attivit\u00e0 di successo a Fiume, nel 2017 Medico si e trasferito dall\u2019altra parte del Monte U\u010dka con il desiderio di rendere la qualit\u00e0 dei nostri servizi sanitari accessibile anche a tutti i cittadini dell\u2019Istria. A Pola, i numerosi pazienti dell\u2019area istriana possono usufruire di quasi tutti i servizi poliambulatoriali, e di una parte delle nostre prestazioni ospedaliere, attraverso oltre venti specialit\u00e0 e sottospecialit\u00e0 mediche, supportate da una diagnostica di laboratorio completa.<\/p>\n\n\n\n<p>L\u2019Ospedale Specialistico Medico \u00e8 un punto di riferimento per la qualit\u00e0, la sicurezza e l\u2019affidabilit\u00e0 dell\u2019assistenza sanitaria, e si distingue come leader nel conseguimento di accreditamenti e certificazioni internazionali. Siamo stati i primi in Croazia, gi\u00e0 nel 2017, a completare con successo il rigoroso processo di accreditamento, ottenendo il certificato di eccellenza della Commissione Internazionale di Accreditamento Americana (AACI). Oltre alla conferma degli standard AACI, Medico \u00e8 titolare delle certificazioni di qualit\u00e0 EN&nbsp;15224 e ISO 9001:2015, che rappresentano i pi\u00f9 alti standard per i servizi ospedalieri e poliambulatoriali specialistici.<\/p>\n\n\n\n<p>La certificazione rappresenta una garanzia di sicurezza per i pazienti, tutela dei loro diritti, qualit\u00e0 dei servizi sanitari, gestione dei rischi e protezione dei dati. Il tutto \u00e8 allineato ai pi\u00f9 elevati standard internazionali di qualit\u00e0 e sicurezza, che promuovono l\u2019eccellenza attraverso un processo continuo di monitoraggio, misurazione, analisi e attuazione di azioni correttive. Queste certificazioni attestano la nostra dedizione ai pazienti, l\u2019eccellenza professionale e l\u2019alta qualit\u00e0 del nostro operato.<\/p>\n\n\n\n<p>Sempre al vostro fianco, il vostro Medico!<\/p>\n","protected":false},"excerpt":{"rendered":"<p>Presso l\u2019Ospedale Specialistico Medico di Rijeka\/Fiume e Pula\/Pola, in un solo giorno, in un solo luogo, in un ambiente sicuro&#8230;<\/p>\n","protected":false},"author":1,"featured_media":11371,"parent":0,"menu_order":0,"comment_status":"closed","ping_status":"closed","template":"","meta":{"_acf_changed":false,"footnotes":""},"class_list":["post-11369","page","type-page","status-publish","has-post-thumbnail","hentry"],"acf":[],"yoast_head":"<!-- This site is optimized with the Yoast SEO plugin v27.5 - https:\/\/yoast.com\/product\/yoast-seo-wordpress\/ -->\n<title>Informazioni sull\u2019Ospedale Specialistico Medico | Ospedale Specialistico Medico<\/title>\n<meta name=\"description\" content=\"Presso l\u2019Ospedale Specialistico Medico di Rijeka\/Fiume e Pula\/Pola, in un solo giorno, in un solo luogo, in un ambiente sicuro e affidabile, senza folla e\" \/>\n<meta name=\"robots\" content=\"index, follow, max-snippet:-1, max-image-preview:large, max-video-preview:-1\" \/>\n<link rel=\"canonical\" href=\"https:\/\/www.medico.hr\/it\/informazioni-sullospedale-specialistico-medico\/\" \/>\n<meta property=\"og:locale\" content=\"it_IT\" \/>\n<meta property=\"og:type\" content=\"article\" \/>\n<meta property=\"og:title\" content=\"Informazioni sull\u2019Ospedale Specialistico Medico | Ospedale Specialistico Medico\" \/>\n<meta property=\"og:description\" content=\"Presso l\u2019Ospedale Specialistico Medico di Rijeka\/Fiume e Pula\/Pola, in un solo giorno, in un solo luogo, in un ambiente sicuro e affidabile, senza folla e\" \/>\n<meta property=\"og:url\" content=\"https:\/\/www.medico.hr\/it\/informazioni-sullospedale-specialistico-medico\/\" \/>\n<meta property=\"og:site_name\" content=\"Ospedale Specialistico Medico\" \/>\n<meta property=\"article:modified_time\" content=\"2025-07-17T10:15:27+00:00\" \/>\n<meta property=\"og:image\" content=\"https:\/\/www.medico.hr\/wp-content\/uploads\/2022\/03\/zgrada-zapad-Large.jpg\" \/>\n\t<meta property=\"og:image:width\" content=\"1560\" \/>\n\t<meta property=\"og:image:height\" content=\"1080\" \/>\n\t<meta property=\"og:image:type\" content=\"image\/jpeg\" \/>\n<meta name=\"twitter:card\" content=\"summary_large_image\" \/>\n<meta name=\"twitter:label1\" content=\"Tempo di lettura stimato\" \/>\n\t<meta name=\"twitter:data1\" content=\"3 minuti\" \/>\n<script type=\"application\/ld+json\" class=\"yoast-schema-graph\">{\"@context\":\"https:\\\/\\\/schema.org\",\"@graph\":[{\"@type\":\"WebPage\",\"@id\":\"https:\\\/\\\/www.medico.hr\\\/it\\\/informazioni-sullospedale-specialistico-medico\\\/\",\"url\":\"https:\\\/\\\/www.medico.hr\\\/it\\\/informazioni-sullospedale-specialistico-medico\\\/\",\"name\":\"Informazioni sull\u2019Ospedale Specialistico Medico | Ospedale Specialistico Medico\",\"isPartOf\":{\"@id\":\"https:\\\/\\\/www.medico.hr\\\/it\\\/#website\"},\"primaryImageOfPage\":{\"@id\":\"https:\\\/\\\/www.medico.hr\\\/it\\\/informazioni-sullospedale-specialistico-medico\\\/#primaryimage\"},\"image\":{\"@id\":\"https:\\\/\\\/www.medico.hr\\\/it\\\/informazioni-sullospedale-specialistico-medico\\\/#primaryimage\"},\"thumbnailUrl\":\"https:\\\/\\\/www.medico.hr\\\/wp-content\\\/uploads\\\/2022\\\/03\\\/zgrada-zapad-Large.jpg\",\"datePublished\":\"2019-01-21T12:53:11+00:00\",\"dateModified\":\"2025-07-17T10:15:27+00:00\",\"description\":\"Presso l\u2019Ospedale Specialistico Medico di Rijeka\\\/Fiume e Pula\\\/Pola, in un solo giorno, in un solo luogo, in un ambiente sicuro e affidabile, senza folla e\",\"breadcrumb\":{\"@id\":\"https:\\\/\\\/www.medico.hr\\\/it\\\/informazioni-sullospedale-specialistico-medico\\\/#breadcrumb\"},\"inLanguage\":\"it-IT\",\"potentialAction\":[{\"@type\":\"ReadAction\",\"target\":[\"https:\\\/\\\/www.medico.hr\\\/it\\\/informazioni-sullospedale-specialistico-medico\\\/\"]}]},{\"@type\":\"ImageObject\",\"inLanguage\":\"it-IT\",\"@id\":\"https:\\\/\\\/www.medico.hr\\\/it\\\/informazioni-sullospedale-specialistico-medico\\\/#primaryimage\",\"url\":\"https:\\\/\\\/www.medico.hr\\\/wp-content\\\/uploads\\\/2022\\\/03\\\/zgrada-zapad-Large.jpg\",\"contentUrl\":\"https:\\\/\\\/www.medico.hr\\\/wp-content\\\/uploads\\\/2022\\\/03\\\/zgrada-zapad-Large.jpg\",\"width\":1560,\"height\":1080},{\"@type\":\"BreadcrumbList\",\"@id\":\"https:\\\/\\\/www.medico.hr\\\/it\\\/informazioni-sullospedale-specialistico-medico\\\/#breadcrumb\",\"itemListElement\":[{\"@type\":\"ListItem\",\"position\":1,\"name\":\"Po\u010detna\",\"item\":\"https:\\\/\\\/www.medico.hr\\\/it\\\/\"},{\"@type\":\"ListItem\",\"position\":2,\"name\":\"Informazioni sull\u2019Ospedale Specialistico Medico\"}]},{\"@type\":\"WebSite\",\"@id\":\"https:\\\/\\\/www.medico.hr\\\/it\\\/#website\",\"url\":\"https:\\\/\\\/www.medico.hr\\\/it\\\/\",\"name\":\"Specijalna bolnica Medico\",\"description\":\"In un solo giorno, in un solo luogo\",\"publisher\":{\"@id\":\"https:\\\/\\\/www.medico.hr\\\/it\\\/#organization\"},\"potentialAction\":[{\"@type\":\"SearchAction\",\"target\":{\"@type\":\"EntryPoint\",\"urlTemplate\":\"https:\\\/\\\/www.medico.hr\\\/it\\\/?s={search_term_string}\"},\"query-input\":{\"@type\":\"PropertyValueSpecification\",\"valueRequired\":true,\"valueName\":\"search_term_string\"}}],\"inLanguage\":\"it-IT\"},{\"@type\":\"Organization\",\"@id\":\"https:\\\/\\\/www.medico.hr\\\/it\\\/#organization\",\"name\":\"Specijalna bolnica Medico\",\"url\":\"https:\\\/\\\/www.medico.hr\\\/it\\\/\",\"logo\":{\"@type\":\"ImageObject\",\"inLanguage\":\"it-IT\",\"@id\":\"https:\\\/\\\/www.medico.hr\\\/it\\\/#\\\/schema\\\/logo\\\/image\\\/\",\"url\":\"https:\\\/\\\/www.medico.hr\\\/wp-content\\\/uploads\\\/2022\\\/03\\\/logo-medico.png\",\"contentUrl\":\"https:\\\/\\\/www.medico.hr\\\/wp-content\\\/uploads\\\/2022\\\/03\\\/logo-medico.png\",\"width\":391,\"height\":101,\"caption\":\"Specijalna bolnica Medico\"},\"image\":{\"@id\":\"https:\\\/\\\/www.medico.hr\\\/it\\\/#\\\/schema\\\/logo\\\/image\\\/\"}}]}<\/script>\n<!-- \/ Yoast SEO plugin. -->","yoast_head_json":{"title":"Informazioni sull\u2019Ospedale Specialistico Medico | Ospedale Specialistico Medico","description":"Presso l\u2019Ospedale Specialistico Medico di Rijeka\/Fiume e Pula\/Pola, in un solo giorno, in un solo luogo, in un ambiente sicuro e affidabile, senza folla e","robots":{"index":"index","follow":"follow","max-snippet":"max-snippet:-1","max-image-preview":"max-image-preview:large","max-video-preview":"max-video-preview:-1"},"canonical":"https:\/\/www.medico.hr\/it\/informazioni-sullospedale-specialistico-medico\/","og_locale":"it_IT","og_type":"article","og_title":"Informazioni sull\u2019Ospedale Specialistico Medico | Ospedale Specialistico Medico","og_description":"Presso l\u2019Ospedale Specialistico Medico di Rijeka\/Fiume e Pula\/Pola, in un solo giorno, in un solo luogo, in un ambiente sicuro e affidabile, senza folla e","og_url":"https:\/\/www.medico.hr\/it\/informazioni-sullospedale-specialistico-medico\/","og_site_name":"Ospedale Specialistico Medico","article_modified_time":"2025-07-17T10:15:27+00:00","og_image":[{"width":1560,"height":1080,"url":"https:\/\/www.medico.hr\/wp-content\/uploads\/2022\/03\/zgrada-zapad-Large.jpg","type":"image\/jpeg"}],"twitter_card":"summary_large_image","twitter_misc":{"Tempo di lettura stimato":"3 minuti"},"schema":{"@context":"https:\/\/schema.org","@graph":[{"@type":"WebPage","@id":"https:\/\/www.medico.hr\/it\/informazioni-sullospedale-specialistico-medico\/","url":"https:\/\/www.medico.hr\/it\/informazioni-sullospedale-specialistico-medico\/","name":"Informazioni sull\u2019Ospedale Specialistico Medico | Ospedale Specialistico Medico","isPartOf":{"@id":"https:\/\/www.medico.hr\/it\/#website"},"primaryImageOfPage":{"@id":"https:\/\/www.medico.hr\/it\/informazioni-sullospedale-specialistico-medico\/#primaryimage"},"image":{"@id":"https:\/\/www.medico.hr\/it\/informazioni-sullospedale-specialistico-medico\/#primaryimage"},"thumbnailUrl":"https:\/\/www.medico.hr\/wp-content\/uploads\/2022\/03\/zgrada-zapad-Large.jpg","datePublished":"2019-01-21T12:53:11+00:00","dateModified":"2025-07-17T10:15:27+00:00","description":"Presso l\u2019Ospedale Specialistico Medico di Rijeka\/Fiume e Pula\/Pola, in un solo giorno, in un solo luogo, in un ambiente sicuro e affidabile, senza folla e","breadcrumb":{"@id":"https:\/\/www.medico.hr\/it\/informazioni-sullospedale-specialistico-medico\/#breadcrumb"},"inLanguage":"it-IT","potentialAction":[{"@type":"ReadAction","target":["https:\/\/www.medico.hr\/it\/informazioni-sullospedale-specialistico-medico\/"]}]},{"@type":"ImageObject","inLanguage":"it-IT","@id":"https:\/\/www.medico.hr\/it\/informazioni-sullospedale-specialistico-medico\/#primaryimage","url":"https:\/\/www.medico.hr\/wp-content\/uploads\/2022\/03\/zgrada-zapad-Large.jpg","contentUrl":"https:\/\/www.medico.hr\/wp-content\/uploads\/2022\/03\/zgrada-zapad-Large.jpg","width":1560,"height":1080},{"@type":"BreadcrumbList","@id":"https:\/\/www.medico.hr\/it\/informazioni-sullospedale-specialistico-medico\/#breadcrumb","itemListElement":[{"@type":"ListItem","position":1,"name":"Po\u010detna","item":"https:\/\/www.medico.hr\/it\/"},{"@type":"ListItem","position":2,"name":"Informazioni sull\u2019Ospedale Specialistico Medico"}]},{"@type":"WebSite","@id":"https:\/\/www.medico.hr\/it\/#website","url":"https:\/\/www.medico.hr\/it\/","name":"Specijalna bolnica Medico","description":"In un solo giorno, in un solo luogo","publisher":{"@id":"https:\/\/www.medico.hr\/it\/#organization"},"potentialAction":[{"@type":"SearchAction","target":{"@type":"EntryPoint","urlTemplate":"https:\/\/www.medico.hr\/it\/?s={search_term_string}"},"query-input":{"@type":"PropertyValueSpecification","valueRequired":true,"valueName":"search_term_string"}}],"inLanguage":"it-IT"},{"@type":"Organization","@id":"https:\/\/www.medico.hr\/it\/#organization","name":"Specijalna bolnica Medico","url":"https:\/\/www.medico.hr\/it\/","logo":{"@type":"ImageObject","inLanguage":"it-IT","@id":"https:\/\/www.medico.hr\/it\/#\/schema\/logo\/image\/","url":"https:\/\/www.medico.hr\/wp-content\/uploads\/2022\/03\/logo-medico.png","contentUrl":"https:\/\/www.medico.hr\/wp-content\/uploads\/2022\/03\/logo-medico.png","width":391,"height":101,"caption":"Specijalna bolnica Medico"},"image":{"@id":"https:\/\/www.medico.hr\/it\/#\/schema\/logo\/image\/"}}]}},"_links":{"self":[{"href":"https:\/\/www.medico.hr\/it\/wp-json\/wp\/v2\/pages\/11369","targetHints":{"allow":["GET"]}}],"collection":[{"href":"https:\/\/www.medico.hr\/it\/wp-json\/wp\/v2\/pages"}],"about":[{"href":"https:\/\/www.medico.hr\/it\/wp-json\/wp\/v2\/types\/page"}],"author":[{"embeddable":true,"href":"https:\/\/www.medico.hr\/it\/wp-json\/wp\/v2\/users\/1"}],"replies":[{"embeddable":true,"href":"https:\/\/www.medico.hr\/it\/wp-json\/wp\/v2\/comments?post=11369"}],"version-history":[{"count":2,"href":"https:\/\/www.medico.hr\/it\/wp-json\/wp\/v2\/pages\/11369\/revisions"}],"predecessor-version":[{"id":11379,"href":"https:\/\/www.medico.hr\/it\/wp-json\/wp\/v2\/pages\/11369\/revisions\/11379"}],"wp:featuredmedia":[{"embeddable":true,"href":"https:\/\/www.medico.hr\/it\/wp-json\/wp\/v2\/media\/11371"}],"wp:attachment":[{"href":"https:\/\/www.medico.hr\/it\/wp-json\/wp\/v2\/media?parent=11369"}],"curies":[{"name":"wp","href":"https:\/\/api.w.org\/{rel}","templated":true}]}}