{"id":11380,"date":"2024-04-04T14:13:59","date_gmt":"2024-04-04T12:13:59","guid":{"rendered":"https:\/\/www.medico.hr\/?page_id=11380"},"modified":"2025-07-17T12:18:40","modified_gmt":"2025-07-17T10:18:40","slug":"visione-missione-valori","status":"publish","type":"page","link":"https:\/\/www.medico.hr\/it\/informazioni-sullospedale-specialistico-medico\/visione-missione-valori\/","title":{"rendered":"VISIONE, MISSIONE, VALORI"},"content":{"rendered":"\n<h2 class=\"wp-block-heading\">VISIONE DELL\u2019OSPEDALE SPECIALISTICO MEDICO<\/h2>\n\n\n\n<p>Un\u2019istituto medico privato dinamico e distintivo, focalizzato sull\u2019espansione regionale, sull\u2019innovazione e sull\u2019eccellenza, con particolare attenzione alla fornitura di cure sanitarie rapide e di alta qualit\u00e0, in linea con le evoluzioni della medicina moderna e integrando l\u2019attivit\u00e0 specialistica con la ricerca clinica.<\/p>\n\n\n\n<h2 class=\"wp-block-heading\">MISSIONE DELL\u2019OSPEDALE SPECIALISTICO MEDICO<\/h2>\n\n\n\n<p>La nostra missione \u00e8 offrire con dedizione un\u2019assistenza sanitaria di eccellenza, personalizzata, in un solo giorno e in un solo luogo. Ci impegniamo a raggiungere risultati di eccellenza per i nostri pazienti, adottando tecnologie innovative, valorizzando la professionalit\u00e0 del nostro team e mantenendo rigorosi standard etici.<\/p>\n\n\n\n<h2 class=\"wp-block-heading\">VALORI DELL\u2019OSPEDALE SPECIALISTICO MEDICO<\/h2>\n\n\n\n<p>Competenza e integrit\u00e0: Con la ferma dedizione ai pi\u00f9 elevati standard professionali, assicuriamo competenza in ogni ambito dell\u2019assistenza sanitaria. Operiamo con integrit\u00e0, aderendo a linee guida etiche e contribuendo alla fiducia e sicurezza nei confronti dei pazienti.<br>Il paziente al centro: Poniamo il paziente al cuore di ogni decisione e di ogni azione. Ci impegniamo a comprendere le loro esigenze, offrendo un\u2019assistenza personalizzata che supera ogni loro aspettativa.<br>Innovazione e progresso: Incoraggiamo una cultura di miglioramento costante e innovazione. Svolgiamo un ruolo proattivo nella ricerca scientifica e nell\u2019implementazione delle pi\u00f9 innovative tecnologie mediche, assicurando cos\u00ec risultati eccellenti per ciascun paziente.<br>Lavoro di squadra: Crediamo nell\u2019importanza della collaborazione e dello spirito di squadra. Favoriamo una comunicazione aperta tra i membri del nostro team perch\u00e9 crediamo che i migliori risultati si ottengono solo attraverso la collaborazione.<br>Responsabilit\u00e0 sociale: Siamo consapevoli dell\u2019importanza di contribuire attivamente alla comunit\u00e0. Partecipiamo attivamente a iniziative di responsabilit\u00e0 sociale, promuoviamo la consapevolezza sanitaria e sosteniamo lo sviluppo e il progresso della comunit\u00e0.<br>Trasparenza e responsabilit\u00e0: Agiamo con trasparenza, fornendo informazioni chiare a pazienti, dipendenti e partner. Ci prendiamo piena responsabilit\u00e0 delle nostre azioni e ci impegniamo costantemente a migliorare.<br>Adattabilit\u00e0 ed empatia: Rispettiamo la diversit\u00e0 e la flessibilit\u00e0, adattandoci alle esigenze dei pazienti e alle evoluzioni del contesto sanitario. Contemporaneamente, esprimiamo empatia nei confronti dei pazienti, offrendo supporto lungo tutto il loro percorso di cura.<\/p>\n","protected":false},"excerpt":{"rendered":"<p>VISIONE DELL\u2019OSPEDALE SPECIALISTICO MEDICO Un\u2019istituto medico privato dinamico e distintivo, focalizzato sull\u2019espansione regionale, sull\u2019innovazione e sull\u2019eccellenza, con particolare attenzione alla&#8230;<\/p>\n","protected":false},"author":1,"featured_media":0,"parent":11369,"menu_order":0,"comment_status":"closed","ping_status":"closed","template":"","meta":{"_acf_changed":false,"footnotes":""},"class_list":["post-11380","page","type-page","status-publish","hentry"],"acf":[],"yoast_head":"<!-- This site is optimized with the Yoast SEO plugin v27.5 - https:\/\/yoast.com\/product\/yoast-seo-wordpress\/ -->\n<title>VISIONE, MISSIONE, VALORI | Ospedale Specialistico Medico<\/title>\n<meta name=\"description\" content=\"VISIONE DELL\u2019OSPEDALE SPECIALISTICO MEDICO Un\u2019istituto medico privato dinamico e distintivo, focalizzato sull\u2019espansione regionale, sull\u2019innovazione e\" \/>\n<meta name=\"robots\" content=\"index, follow, max-snippet:-1, max-image-preview:large, max-video-preview:-1\" \/>\n<link rel=\"canonical\" href=\"https:\/\/www.medico.hr\/it\/informazioni-sullospedale-specialistico-medico\/visione-missione-valori\/\" \/>\n<meta property=\"og:locale\" content=\"it_IT\" \/>\n<meta property=\"og:type\" content=\"article\" \/>\n<meta property=\"og:title\" content=\"VISIONE, MISSIONE, VALORI | Ospedale Specialistico Medico\" \/>\n<meta property=\"og:description\" content=\"VISIONE DELL\u2019OSPEDALE SPECIALISTICO MEDICO Un\u2019istituto medico privato dinamico e distintivo, focalizzato sull\u2019espansione regionale, sull\u2019innovazione e\" \/>\n<meta property=\"og:url\" content=\"https:\/\/www.medico.hr\/it\/informazioni-sullospedale-specialistico-medico\/visione-missione-valori\/\" \/>\n<meta property=\"og:site_name\" content=\"Ospedale Specialistico Medico\" \/>\n<meta property=\"article:modified_time\" content=\"2025-07-17T10:18:40+00:00\" \/>\n<meta name=\"twitter:card\" content=\"summary_large_image\" \/>\n<meta name=\"twitter:label1\" content=\"Tempo di lettura stimato\" \/>\n\t<meta name=\"twitter:data1\" content=\"2 minuti\" \/>\n<script type=\"application\/ld+json\" class=\"yoast-schema-graph\">{\"@context\":\"https:\\\/\\\/schema.org\",\"@graph\":[{\"@type\":\"WebPage\",\"@id\":\"https:\\\/\\\/www.medico.hr\\\/it\\\/informazioni-sullospedale-specialistico-medico\\\/visione-missione-valori\\\/\",\"url\":\"https:\\\/\\\/www.medico.hr\\\/it\\\/informazioni-sullospedale-specialistico-medico\\\/visione-missione-valori\\\/\",\"name\":\"VISIONE, MISSIONE, VALORI | Ospedale Specialistico Medico\",\"isPartOf\":{\"@id\":\"https:\\\/\\\/www.medico.hr\\\/it\\\/#website\"},\"datePublished\":\"2024-04-04T12:13:59+00:00\",\"dateModified\":\"2025-07-17T10:18:40+00:00\",\"description\":\"VISIONE DELL\u2019OSPEDALE SPECIALISTICO MEDICO Un\u2019istituto medico privato dinamico e distintivo, focalizzato sull\u2019espansione regionale, sull\u2019innovazione e\",\"breadcrumb\":{\"@id\":\"https:\\\/\\\/www.medico.hr\\\/it\\\/informazioni-sullospedale-specialistico-medico\\\/visione-missione-valori\\\/#breadcrumb\"},\"inLanguage\":\"it-IT\",\"potentialAction\":[{\"@type\":\"ReadAction\",\"target\":[\"https:\\\/\\\/www.medico.hr\\\/it\\\/informazioni-sullospedale-specialistico-medico\\\/visione-missione-valori\\\/\"]}]},{\"@type\":\"BreadcrumbList\",\"@id\":\"https:\\\/\\\/www.medico.hr\\\/it\\\/informazioni-sullospedale-specialistico-medico\\\/visione-missione-valori\\\/#breadcrumb\",\"itemListElement\":[{\"@type\":\"ListItem\",\"position\":1,\"name\":\"Po\u010detna\",\"item\":\"https:\\\/\\\/www.medico.hr\\\/it\\\/\"},{\"@type\":\"ListItem\",\"position\":2,\"name\":\"Informazioni sull\u2019Ospedale Specialistico Medico\",\"item\":\"https:\\\/\\\/www.medico.hr\\\/it\\\/informazioni-sullospedale-specialistico-medico\\\/\"},{\"@type\":\"ListItem\",\"position\":3,\"name\":\"VISIONE, MISSIONE, VALORI\"}]},{\"@type\":\"WebSite\",\"@id\":\"https:\\\/\\\/www.medico.hr\\\/it\\\/#website\",\"url\":\"https:\\\/\\\/www.medico.hr\\\/it\\\/\",\"name\":\"Specijalna bolnica Medico\",\"description\":\"In un solo giorno, in un solo luogo\",\"publisher\":{\"@id\":\"https:\\\/\\\/www.medico.hr\\\/it\\\/#organization\"},\"potentialAction\":[{\"@type\":\"SearchAction\",\"target\":{\"@type\":\"EntryPoint\",\"urlTemplate\":\"https:\\\/\\\/www.medico.hr\\\/it\\\/?s={search_term_string}\"},\"query-input\":{\"@type\":\"PropertyValueSpecification\",\"valueRequired\":true,\"valueName\":\"search_term_string\"}}],\"inLanguage\":\"it-IT\"},{\"@type\":\"Organization\",\"@id\":\"https:\\\/\\\/www.medico.hr\\\/it\\\/#organization\",\"name\":\"Specijalna bolnica Medico\",\"url\":\"https:\\\/\\\/www.medico.hr\\\/it\\\/\",\"logo\":{\"@type\":\"ImageObject\",\"inLanguage\":\"it-IT\",\"@id\":\"https:\\\/\\\/www.medico.hr\\\/it\\\/#\\\/schema\\\/logo\\\/image\\\/\",\"url\":\"https:\\\/\\\/www.medico.hr\\\/wp-content\\\/uploads\\\/2022\\\/03\\\/logo-medico.png\",\"contentUrl\":\"https:\\\/\\\/www.medico.hr\\\/wp-content\\\/uploads\\\/2022\\\/03\\\/logo-medico.png\",\"width\":391,\"height\":101,\"caption\":\"Specijalna bolnica Medico\"},\"image\":{\"@id\":\"https:\\\/\\\/www.medico.hr\\\/it\\\/#\\\/schema\\\/logo\\\/image\\\/\"}}]}<\/script>\n<!-- \/ Yoast SEO plugin. -->","yoast_head_json":{"title":"VISIONE, MISSIONE, VALORI | Ospedale Specialistico Medico","description":"VISIONE DELL\u2019OSPEDALE SPECIALISTICO MEDICO Un\u2019istituto medico privato dinamico e distintivo, focalizzato sull\u2019espansione regionale, sull\u2019innovazione e","robots":{"index":"index","follow":"follow","max-snippet":"max-snippet:-1","max-image-preview":"max-image-preview:large","max-video-preview":"max-video-preview:-1"},"canonical":"https:\/\/www.medico.hr\/it\/informazioni-sullospedale-specialistico-medico\/visione-missione-valori\/","og_locale":"it_IT","og_type":"article","og_title":"VISIONE, MISSIONE, VALORI | Ospedale Specialistico Medico","og_description":"VISIONE DELL\u2019OSPEDALE SPECIALISTICO MEDICO Un\u2019istituto medico privato dinamico e distintivo, focalizzato sull\u2019espansione regionale, sull\u2019innovazione e","og_url":"https:\/\/www.medico.hr\/it\/informazioni-sullospedale-specialistico-medico\/visione-missione-valori\/","og_site_name":"Ospedale Specialistico Medico","article_modified_time":"2025-07-17T10:18:40+00:00","twitter_card":"summary_large_image","twitter_misc":{"Tempo di lettura stimato":"2 minuti"},"schema":{"@context":"https:\/\/schema.org","@graph":[{"@type":"WebPage","@id":"https:\/\/www.medico.hr\/it\/informazioni-sullospedale-specialistico-medico\/visione-missione-valori\/","url":"https:\/\/www.medico.hr\/it\/informazioni-sullospedale-specialistico-medico\/visione-missione-valori\/","name":"VISIONE, MISSIONE, VALORI | Ospedale Specialistico Medico","isPartOf":{"@id":"https:\/\/www.medico.hr\/it\/#website"},"datePublished":"2024-04-04T12:13:59+00:00","dateModified":"2025-07-17T10:18:40+00:00","description":"VISIONE DELL\u2019OSPEDALE SPECIALISTICO MEDICO Un\u2019istituto medico privato dinamico e distintivo, focalizzato sull\u2019espansione regionale, sull\u2019innovazione e","breadcrumb":{"@id":"https:\/\/www.medico.hr\/it\/informazioni-sullospedale-specialistico-medico\/visione-missione-valori\/#breadcrumb"},"inLanguage":"it-IT","potentialAction":[{"@type":"ReadAction","target":["https:\/\/www.medico.hr\/it\/informazioni-sullospedale-specialistico-medico\/visione-missione-valori\/"]}]},{"@type":"BreadcrumbList","@id":"https:\/\/www.medico.hr\/it\/informazioni-sullospedale-specialistico-medico\/visione-missione-valori\/#breadcrumb","itemListElement":[{"@type":"ListItem","position":1,"name":"Po\u010detna","item":"https:\/\/www.medico.hr\/it\/"},{"@type":"ListItem","position":2,"name":"Informazioni sull\u2019Ospedale Specialistico Medico","item":"https:\/\/www.medico.hr\/it\/informazioni-sullospedale-specialistico-medico\/"},{"@type":"ListItem","position":3,"name":"VISIONE, MISSIONE, VALORI"}]},{"@type":"WebSite","@id":"https:\/\/www.medico.hr\/it\/#website","url":"https:\/\/www.medico.hr\/it\/","name":"Specijalna bolnica Medico","description":"In un solo giorno, in un solo luogo","publisher":{"@id":"https:\/\/www.medico.hr\/it\/#organization"},"potentialAction":[{"@type":"SearchAction","target":{"@type":"EntryPoint","urlTemplate":"https:\/\/www.medico.hr\/it\/?s={search_term_string}"},"query-input":{"@type":"PropertyValueSpecification","valueRequired":true,"valueName":"search_term_string"}}],"inLanguage":"it-IT"},{"@type":"Organization","@id":"https:\/\/www.medico.hr\/it\/#organization","name":"Specijalna bolnica Medico","url":"https:\/\/www.medico.hr\/it\/","logo":{"@type":"ImageObject","inLanguage":"it-IT","@id":"https:\/\/www.medico.hr\/it\/#\/schema\/logo\/image\/","url":"https:\/\/www.medico.hr\/wp-content\/uploads\/2022\/03\/logo-medico.png","contentUrl":"https:\/\/www.medico.hr\/wp-content\/uploads\/2022\/03\/logo-medico.png","width":391,"height":101,"caption":"Specijalna bolnica Medico"},"image":{"@id":"https:\/\/www.medico.hr\/it\/#\/schema\/logo\/image\/"}}]}},"_links":{"self":[{"href":"https:\/\/www.medico.hr\/it\/wp-json\/wp\/v2\/pages\/11380","targetHints":{"allow":["GET"]}}],"collection":[{"href":"https:\/\/www.medico.hr\/it\/wp-json\/wp\/v2\/pages"}],"about":[{"href":"https:\/\/www.medico.hr\/it\/wp-json\/wp\/v2\/types\/page"}],"author":[{"embeddable":true,"href":"https:\/\/www.medico.hr\/it\/wp-json\/wp\/v2\/users\/1"}],"replies":[{"embeddable":true,"href":"https:\/\/www.medico.hr\/it\/wp-json\/wp\/v2\/comments?post=11380"}],"version-history":[{"count":1,"href":"https:\/\/www.medico.hr\/it\/wp-json\/wp\/v2\/pages\/11380\/revisions"}],"predecessor-version":[{"id":11381,"href":"https:\/\/www.medico.hr\/it\/wp-json\/wp\/v2\/pages\/11380\/revisions\/11381"}],"up":[{"embeddable":true,"href":"https:\/\/www.medico.hr\/it\/wp-json\/wp\/v2\/pages\/11369"}],"wp:attachment":[{"href":"https:\/\/www.medico.hr\/it\/wp-json\/wp\/v2\/media?parent=11380"}],"curies":[{"name":"wp","href":"https:\/\/api.w.org\/{rel}","templated":true}]}}