{"id":11398,"date":"2019-02-11T00:13:52","date_gmt":"2019-02-10T23:13:52","guid":{"rendered":"https:\/\/www.medico.hr\/?page_id=11398"},"modified":"2025-07-17T17:25:58","modified_gmt":"2025-07-17T15:25:58","slug":"invia-la-tua-richiesta","status":"publish","type":"page","link":"https:\/\/www.medico.hr\/it\/invia-la-tua-richiesta\/","title":{"rendered":"Invia la tua richiesta"},"content":{"rendered":"\n<p>Ti preghiamo di compilare il modulo per prenotare una visita medica o un servizio; ti risponderemo nel pi\u00f9 breve tempo possibile.<\/p>\n\n\n\n<div class=\"wpcf7 no-js\" id=\"wpcf7-f11396-o1\" lang=\"it-IT\" dir=\"ltr\" data-wpcf7-id=\"11396\">\n<div class=\"screen-reader-response\"><p role=\"status\" aria-live=\"polite\" aria-atomic=\"true\"><\/p> <ul><\/ul><\/div>\n<form action=\"\/it\/wp-json\/wp\/v2\/pages\/11398#wpcf7-f11396-o1\" method=\"post\" class=\"wpcf7-form init\" aria-label=\"Modulo di contatto\" novalidate=\"novalidate\" data-status=\"init\">\n<fieldset class=\"hidden-fields-container\"><input type=\"hidden\" name=\"_wpcf7\" value=\"11396\" \/><input type=\"hidden\" name=\"_wpcf7_version\" value=\"6.1.5\" \/><input type=\"hidden\" name=\"_wpcf7_locale\" value=\"it_IT\" \/><input type=\"hidden\" name=\"_wpcf7_unit_tag\" value=\"wpcf7-f11396-o1\" \/><input type=\"hidden\" name=\"_wpcf7_container_post\" value=\"0\" \/><input type=\"hidden\" name=\"_wpcf7_posted_data_hash\" value=\"\" \/><input type=\"hidden\" name=\"_wpcf7_recaptcha_response\" value=\"\" \/>\n<\/fieldset>\n<div class=\"wpcf7-response-output\" aria-hidden=\"true\"><\/div>\n<p><label> Nome*<br \/>\n<span class=\"wpcf7-form-control-wrap\" data-name=\"your-name\"><input size=\"40\" maxlength=\"400\" class=\"wpcf7-form-control wpcf7-text wpcf7-validates-as-required form-control input-muted-light rounded-pill\" aria-required=\"true\" aria-invalid=\"false\" value=\"\" type=\"text\" name=\"your-name\" \/><\/span> <\/label>\n<\/p>\n<div class=\"row mb-4\">\n\t<div class=\"col-xl-6 mb-4 mb-xl-0\">\n\t\t<p><label> Indirizzo email*<br \/>\n<span class=\"wpcf7-form-control-wrap\" data-name=\"your-email\"><input size=\"40\" maxlength=\"400\" class=\"wpcf7-form-control wpcf7-email wpcf7-validates-as-required wpcf7-text wpcf7-validates-as-email form-control input-muted-light rounded-pill\" aria-required=\"true\" aria-invalid=\"false\" value=\"\" type=\"email\" name=\"your-email\" \/><\/span> <\/label>\n\t\t<\/p>\n\t<\/div>\n\t<div class=\"col-xl-6\">\n\t\t<p><label> Numero di telefono*<br \/>\n<span class=\"wpcf7-form-control-wrap\" data-name=\"your-phone\"><input size=\"40\" maxlength=\"400\" class=\"wpcf7-form-control wpcf7-text wpcf7-validates-as-required form-control input-muted-light rounded-pill\" aria-required=\"true\" aria-invalid=\"false\" value=\"\" type=\"text\" name=\"your-phone\" \/><\/span> <\/label>\n\t\t<\/p>\n\t<\/div>\n<\/div>\n<p><label> Data desiderata per la visita<br \/>\n<span class=\"wpcf7-form-control-wrap\" data-name=\"datum-1\"><input class=\"wpcf7-form-control wpcf7-date wpcf7-validates-as-date form-control input-muted-light rounded-pill\" aria-invalid=\"false\" value=\"\" type=\"date\" name=\"datum-1\" \/><\/span> <\/label>\n<\/p>\n<div class=\"row mb-4\">\n\t<div class=\"col-xl-6 mb-4 mb-xl-0\">\n\t\t<p><label> Medico<br \/>\n<span class=\"wpcf7-form-control-wrap\" data-name=\"cf7-dropdown\"><select class=\"wpcf7-form-control wpcf7-select form-select input-muted-light rounded-pill\" id=\"cf7-team\" aria-invalid=\"false\" name=\"cf7-dropdown\"><option value=\"\">&#8212;Seleziona un&#039;opzione&#8212;<\/option><option value=\"Rijeka--11470\">prim. Zorica Aleri\u0107, dr. med.<\/option><option value=\"Rijeka,Pula--11473\">Teuta Aleri\u0107 Primorac, dr. med.<\/option><option value=\"Pula--11476\">mr. sc. Manuela Balaban Kumpare, dr. med.<\/option><option value=\"Rijeka--11482\">Nenad Bi\u0107ani\u0107, dr. med.<\/option><option value=\"Pula--11485\">Aleksandra Blagoni\u0107, dr. med.<\/option><option value=\"Rijeka,Pula--11488\">Fabio Bo\u017eac, dr. med.<\/option><option value=\"Rijeka--11494\">Dragan Bo\u017ei\u010devi\u0107, dr. med.<\/option><option value=\"Rijeka--11513\">Boris Brozovi\u0107, dr. med.<\/option><option value=\"Rijeka,Pula--11516\">Zlatko Buli\u0107, dr. med.<\/option><option value=\"Rijeka--11519\">Vanja Bu\u0161i\u0107, dr. med.<\/option><option value=\"Rijeka--11522\">Vi\u0161nja Butorac, dr. med.<\/option><option value=\"Rijeka--11525\">Ana Car Peterko, dr. med.<\/option><option value=\"Rijeka--11528\">prof. dr. sc. \u017deljka Crn\u010devi\u0107 Orli\u0107, dr. med.<\/option><option value=\"Rijeka,Pula--11532\">mr. sc. Mladen Defranceschi, dr. med.<\/option><option value=\"Rijeka--11538\">\u017deljka Dikli\u0107, dr. med.<\/option><option value=\"Rijeka--11541\">Lidija Dimitrovski, dr. med.<\/option><option value=\"Rijeka--11544\">Dubravko Dobrovi\u0107, dr. med.<\/option><option value=\"Rijeka--11550\">prof. dr. sc. Antica Duleti\u0107 \u2013 Na\u010dinovi\u0107, dr. med.<\/option><option value=\"Rijeka,Pula--11554\">doc. dr. sc. Elizabeta Fi\u0161i\u0107, spec. med. biokem.<\/option><option value=\"Rijeka--11557\">Ana Gavrani\u0107, dr. med.<\/option><option value=\"Rijeka,Pula--11560\">prof. assoc. dr. sc. Mirjana Graovac, dr. med.<\/option><option value=\"Pula--11563\">Igor Grgorini\u0107, dr. med.<\/option><option value=\"Rijeka--12391\">Petra Grube\u0161i\u0107, MD<\/option><option value=\"Rijeka--11569\">Prim. Igor Grubje\u0161i\u0107, dr. med.<\/option><option value=\"Rijeka,Pula--11566\">doc. prim. dr. sc. Nikola Gr\u017ealja, dr. med.<\/option><option value=\"Rijeka--11572\">prof. dr. sc. Herman Haller, dr. med.<\/option><option value=\"Rijeka--11579\">Ivan Host, dr. med.<\/option><option value=\"Rijeka--11581\">Matea Igli\u0107 Debeli\u0107, dr. med.<\/option><option value=\"Pula--11584\">Kornelije Ilovar, dr. med.<\/option><option value=\"Rijeka--11587\">prof. dr. sc. Mirko Ivki\u0107, dr. med.<\/option><option value=\"Rijeka--12066\">Prof. dr. sc. Hari Jurdana, dr. med.<\/option><option value=\"Pula--11591\">prim. dr. sc. Lada Kalagac Fabris, dr. med.<\/option><option value=\"Rijeka--11594\">prof. assoc. dr. sc. Tatjana Kehler, dr. med.<\/option><option value=\"Rijeka--11597\">Sini\u0161a Kne\u017eevi\u0107, dr. med.<\/option><option value=\"Rijeka--11600\">doc. dr. sc. Zlatko Koli\u0107, dr. med.<\/option><option value=\"Rijeka--11604\">Dean Komljenovi\u0107, dr. med.<\/option><option value=\"Pula--11607\">Nadija Kompari\u0107, dr. med.<\/option><option value=\"Rijeka--11610\">prof. dr. sc. Damir Kova\u010devi\u0107, dr. med.<\/option><option value=\"Rijeka--11613\">Nenad Kova\u010devi\u0107, dr. med.<\/option><option value=\"Rijeka,Pula--11616\">Gordan Lako\u0161, dr. med.<\/option><option value=\"Rijeka--11619\">Milan Li\u010dina, dr. med.<\/option><option value=\"Rijeka--11623\">prof. dr. sc. Martina Linari\u0107, dipl. ing.<\/option><option value=\"Rijeka--11628\">Iva Lustig Rubini\u0107, dr. med.<\/option><option value=\"Rijeka--11632\">Ana \u2013 Marija Lu\u0161i\u010di\u0107, mag. psych.<\/option><option value=\"Rijeka--11634\">Mihaela Mamula Sara\u010devi\u0107, dr. med.<\/option><option value=\"Rijeka--11637\">mr. sc. Miljenko Manestar, dr. med.<\/option><option value=\"Rijeka--11640\">doc. dr. sc. Diana Mar\u017ei\u0107, dr. med.<\/option><option value=\"Rijeka,Pula--11643\">Sendi Mati\u0107, dr. med.<\/option><option value=\"Rijeka,Pula--12096\">dr. sc. Maja Merlak, dr. med.<\/option><option value=\"Pula--11650\">Bojan Milanov, dr. med.<\/option><option value=\"Rijeka--12382\">Miljenko Modri\u0107, MD<\/option><option value=\"Pula--11653\">Branka Mori\u0107 \u2013 Pauleti\u0107, dr. med.<\/option><option value=\"Rijeka--11656\">Jasna Neki\u0107, dr. med.<\/option><option value=\"Rijeka--11658\">prof. assoc. prim. dr. sc. Lidija Orli\u0107, dr. med.<\/option><option value=\"Pula--11660\">Du\u0161ko Pall, dr. med.<\/option><option value=\"Rijeka--12400\">Tamara Paravi\u0107, MD<\/option><option value=\"Rijeka--11664\">Josip Penavi\u0107, dr. med.<\/option><option value=\"Pula--11667\">Ljubomir Penezi\u0107, dr. med.<\/option><option value=\"Rijeka--11670\">Darinka Peri\u0161a, dr. med.<\/option><option value=\"Rijeka--11674\">doc. dr. sc. Vjerislav Peterkovi\u0107, dr. med.<\/option><option value=\"Rijeka--11677\">prof. assoc. prim. dr. sc. Sandra Peternel, dr. med.<\/option><option value=\"Rijeka--11680\">mr. sc. Davor Petranovi\u0107, dr. med.<\/option><option value=\"Pula--11683\">Marin Petrinovi\u0107, dr. med.<\/option><option value=\"Rijeka--12409\">Andrej Ple\u0161e, MD<\/option><option value=\"Rijeka--11686\">Katarina Popovi\u0107, dr. med.<\/option><option value=\"Pula--11689\">Claudio Primc, dr. med.<\/option><option value=\"Rijeka--11692\">Davor Primc, dr. med.<\/option><option value=\"Rijeka--11696\">Miroslav Prpi\u0107, dr. med.<\/option><option value=\"Rijeka--11698\">dr. sc. \u0110eiti Prvulovi\u0107, dr. med.<\/option><option value=\"Rijeka--11701\">dr. sc. Ivana Prvulovi\u0107, dr. med.<\/option><option value=\"Pula--11705\">Sini\u0161a Punek, dr. med.<\/option><option value=\"Rijeka--11709\">Suzana Sinov\u010di\u0107 \u2013 Kolanovi\u0107, dr. med.<\/option><option value=\"Pula--11712\">Jozo Slip\u010devi\u0107, dr. med.<\/option><option value=\"Rijeka--11715\">prim. Jadranko Sokoli\u0107, dr. med.<\/option><option value=\"Pula--11719\">doc. dr. sc. Matija So\u0161i\u0107, dr. med.<\/option><option value=\"Rijeka--11722\">mr. sc. Liliana Stojni\u0107 So\u0161a, dr. med.<\/option><option value=\"Rijeka--11725\">prof. dr. sc. Davor \u0160timac, dr. med.<\/option><option value=\"Rijeka--11728\">Marija Tomac Stojmenovi\u0107<\/option><option value=\"Rijeka,Pula--11731\">prof. dr. sc. Toni Valkovi\u0107, dr. med.<\/option><option value=\"Pula--11735\">Renato Vidos, dr. med.<\/option><option value=\"Rijeka--11738\">Adriana Vi\u0161kovi\u0107, dr. med<\/option><option value=\"Rijeka--11741\">dr. sc. Bo\u017eidar Vuji\u010di\u0107, dr. med.<\/option><option value=\"Rijeka--11744\">doc. dr. sc. Duje Vukas, dr. med.<\/option><option value=\"Rijeka,Pula--11750\">Natalija Vuleti\u0107, dr. med.<\/option><option value=\"Rijeka--12418\">Marta Zatezalo, MD<\/option><option value=\"Rijeka--11752\">prof. dr. sc. Marko Zeli\u0107, dr. med.<\/option><\/select><\/span><\/label>\n\t\t<\/p>\n\t<\/div>\n\t<div class=\"col-xl-6\">\n\t\t<p><label> Luogo desiderato<br \/>\n<span class=\"wpcf7-form-control-wrap\" data-name=\"lokacija-1\"><select class=\"wpcf7-form-control wpcf7-select form-select input-muted-light rounded-pill\" id=\"cf7-locations\" aria-invalid=\"false\" name=\"lokacija-1\"><option value=\"\">&#8212;Seleziona un&#039;opzione&#8212;<\/option><option value=\"Rijeka\">Rijeka<\/option><option value=\"Pula\">Pula<\/option><\/select><\/span><\/label>\n\t\t<\/p>\n\t<\/div>\n<\/div>\n<p><label> Oggetto della richiesta*<br \/>\n<span class=\"wpcf7-form-control-wrap\" data-name=\"your-subject\"><input size=\"40\" maxlength=\"400\" class=\"wpcf7-form-control wpcf7-text wpcf7-validates-as-required form-control input-muted-light rounded-pill\" aria-required=\"true\" aria-invalid=\"false\" value=\"\" type=\"text\" name=\"your-subject\" \/><\/span> <\/label>\n<\/p>\n<p><label> Messaggio*<br \/>\n<span class=\"wpcf7-form-control-wrap\" data-name=\"your-message\"><textarea cols=\"40\" rows=\"10\" maxlength=\"2000\" class=\"wpcf7-form-control wpcf7-textarea wpcf7-validates-as-required form-control input-muted-light rounded-4\" aria-required=\"true\" aria-invalid=\"false\" name=\"your-message\"><\/textarea><\/span> <\/label>\n<\/p>\n<div class=\"text-center\">\n\t<p><span class=\"wpcf7-form-control-wrap\" data-name=\"acceptance-138\"><span class=\"wpcf7-form-control wpcf7-acceptance\"><span class=\"wpcf7-list-item\"><label><input type=\"checkbox\" name=\"acceptance-138\" value=\"1\" class=\"form-check-input rounded-pill\" aria-invalid=\"false\" \/><span class=\"wpcf7-list-item-label\">Accetto le <a href=\"\/o-nama\/pravila-zastite-osobnih-podataka\/\" target=\"blank\">regole sulla protezione dei dati personali dell\u2019Ospedale Specialistico Medico.<\/a>.<\/span><\/label><\/span><\/span><\/span>\n\t<\/p>\n<span class=\"wpcf7-form-control-wrap recaptcha\" data-name=\"recaptcha\"><span data-sitekey=\"6LdqtpAUAAAAAJxsc-8KuZajP4L5q3dSyNOTd29w\" data-align=\"center\" class=\"wpcf7-form-control wpcf7-recaptcha g-recaptcha\"><\/span>\r\n<noscript>\r\n\t<div class=\"grecaptcha-noscript\">\r\n\t\t<iframe loading=\"lazy\" src=\"https:\/\/www.google.com\/recaptcha\/api\/fallback?k=6LdqtpAUAAAAAJxsc-8KuZajP4L5q3dSyNOTd29w\" frameborder=\"0\" scrolling=\"no\" width=\"310\" height=\"430\">\r\n\t\t<\/iframe>\r\n\t\t<textarea name=\"g-recaptcha-response\" rows=\"3\" cols=\"40\" placeholder=\"reCaptcha Response Here\">\r\n\t\t<\/textarea>\r\n\t<\/div>\r\n<\/noscript>\r\n<\/span>\n\t<p><input class=\"wpcf7-form-control wpcf7-submit has-spinner btn btn-secondary rounded-pill btn-p-y text-uppercase ms-5 mt-4\" type=\"submit\" value=\"Invia\" \/>\n\t<\/p>\n<\/div>\n<\/form>\n<\/div>\n\n","protected":false},"excerpt":{"rendered":"<p>Ti preghiamo di compilare il modulo per prenotare una visita medica o un servizio; ti risponderemo nel pi\u00f9 breve tempo&#8230;<\/p>\n","protected":false},"author":1,"featured_media":0,"parent":0,"menu_order":0,"comment_status":"closed","ping_status":"closed","template":"","meta":{"_acf_changed":false,"footnotes":""},"class_list":["post-11398","page","type-page","status-publish","hentry"],"acf":[],"yoast_head":"<!-- This site is optimized with the Yoast SEO plugin v27.5 - https:\/\/yoast.com\/product\/yoast-seo-wordpress\/ -->\n<title>Invia la tua richiesta | Ospedale Specialistico Medico<\/title>\n<meta name=\"description\" content=\"Ti preghiamo di compilare il modulo per prenotare una visita medica o un servizio; ti risponderemo nel pi\u00f9 breve tempo possibile.\" \/>\n<meta name=\"robots\" content=\"index, follow, max-snippet:-1, max-image-preview:large, max-video-preview:-1\" \/>\n<link rel=\"canonical\" href=\"https:\/\/www.medico.hr\/it\/invia-la-tua-richiesta\/\" \/>\n<meta property=\"og:locale\" content=\"it_IT\" \/>\n<meta property=\"og:type\" content=\"article\" \/>\n<meta property=\"og:title\" content=\"Invia la tua richiesta | Ospedale Specialistico Medico\" \/>\n<meta property=\"og:description\" content=\"Ti preghiamo di compilare il modulo per prenotare una visita medica o un servizio; ti risponderemo nel pi\u00f9 breve tempo possibile.\" \/>\n<meta property=\"og:url\" content=\"https:\/\/www.medico.hr\/it\/invia-la-tua-richiesta\/\" \/>\n<meta property=\"og:site_name\" content=\"Ospedale Specialistico Medico\" \/>\n<meta property=\"article:modified_time\" content=\"2025-07-17T15:25:58+00:00\" \/>\n<meta name=\"twitter:card\" content=\"summary_large_image\" \/>\n<script type=\"application\/ld+json\" class=\"yoast-schema-graph\">{\"@context\":\"https:\\\/\\\/schema.org\",\"@graph\":[{\"@type\":\"WebPage\",\"@id\":\"https:\\\/\\\/www.medico.hr\\\/it\\\/invia-la-tua-richiesta\\\/\",\"url\":\"https:\\\/\\\/www.medico.hr\\\/it\\\/invia-la-tua-richiesta\\\/\",\"name\":\"Invia la tua richiesta | Ospedale Specialistico Medico\",\"isPartOf\":{\"@id\":\"https:\\\/\\\/www.medico.hr\\\/it\\\/#website\"},\"datePublished\":\"2019-02-10T23:13:52+00:00\",\"dateModified\":\"2025-07-17T15:25:58+00:00\",\"description\":\"Ti preghiamo di compilare il modulo per prenotare una visita medica o un servizio; ti risponderemo nel pi\u00f9 breve tempo possibile.\",\"breadcrumb\":{\"@id\":\"https:\\\/\\\/www.medico.hr\\\/it\\\/invia-la-tua-richiesta\\\/#breadcrumb\"},\"inLanguage\":\"it-IT\",\"potentialAction\":[{\"@type\":\"ReadAction\",\"target\":[\"https:\\\/\\\/www.medico.hr\\\/it\\\/invia-la-tua-richiesta\\\/\"]}]},{\"@type\":\"BreadcrumbList\",\"@id\":\"https:\\\/\\\/www.medico.hr\\\/it\\\/invia-la-tua-richiesta\\\/#breadcrumb\",\"itemListElement\":[{\"@type\":\"ListItem\",\"position\":1,\"name\":\"Po\u010detna\",\"item\":\"https:\\\/\\\/www.medico.hr\\\/it\\\/\"},{\"@type\":\"ListItem\",\"position\":2,\"name\":\"Invia la tua richiesta\"}]},{\"@type\":\"WebSite\",\"@id\":\"https:\\\/\\\/www.medico.hr\\\/it\\\/#website\",\"url\":\"https:\\\/\\\/www.medico.hr\\\/it\\\/\",\"name\":\"Specijalna bolnica Medico\",\"description\":\"In un solo giorno, in un solo luogo\",\"publisher\":{\"@id\":\"https:\\\/\\\/www.medico.hr\\\/it\\\/#organization\"},\"potentialAction\":[{\"@type\":\"SearchAction\",\"target\":{\"@type\":\"EntryPoint\",\"urlTemplate\":\"https:\\\/\\\/www.medico.hr\\\/it\\\/?s={search_term_string}\"},\"query-input\":{\"@type\":\"PropertyValueSpecification\",\"valueRequired\":true,\"valueName\":\"search_term_string\"}}],\"inLanguage\":\"it-IT\"},{\"@type\":\"Organization\",\"@id\":\"https:\\\/\\\/www.medico.hr\\\/it\\\/#organization\",\"name\":\"Specijalna bolnica Medico\",\"url\":\"https:\\\/\\\/www.medico.hr\\\/it\\\/\",\"logo\":{\"@type\":\"ImageObject\",\"inLanguage\":\"it-IT\",\"@id\":\"https:\\\/\\\/www.medico.hr\\\/it\\\/#\\\/schema\\\/logo\\\/image\\\/\",\"url\":\"https:\\\/\\\/www.medico.hr\\\/wp-content\\\/uploads\\\/2022\\\/03\\\/logo-medico.png\",\"contentUrl\":\"https:\\\/\\\/www.medico.hr\\\/wp-content\\\/uploads\\\/2022\\\/03\\\/logo-medico.png\",\"width\":391,\"height\":101,\"caption\":\"Specijalna bolnica Medico\"},\"image\":{\"@id\":\"https:\\\/\\\/www.medico.hr\\\/it\\\/#\\\/schema\\\/logo\\\/image\\\/\"}}]}<\/script>\n<!-- \/ Yoast SEO plugin. -->","yoast_head_json":{"title":"Invia la tua richiesta | Ospedale Specialistico Medico","description":"Ti preghiamo di compilare il modulo per prenotare una visita medica o un servizio; ti risponderemo nel pi\u00f9 breve tempo possibile.","robots":{"index":"index","follow":"follow","max-snippet":"max-snippet:-1","max-image-preview":"max-image-preview:large","max-video-preview":"max-video-preview:-1"},"canonical":"https:\/\/www.medico.hr\/it\/invia-la-tua-richiesta\/","og_locale":"it_IT","og_type":"article","og_title":"Invia la tua richiesta | Ospedale Specialistico Medico","og_description":"Ti preghiamo di compilare il modulo per prenotare una visita medica o un servizio; ti risponderemo nel pi\u00f9 breve tempo possibile.","og_url":"https:\/\/www.medico.hr\/it\/invia-la-tua-richiesta\/","og_site_name":"Ospedale Specialistico Medico","article_modified_time":"2025-07-17T15:25:58+00:00","twitter_card":"summary_large_image","schema":{"@context":"https:\/\/schema.org","@graph":[{"@type":"WebPage","@id":"https:\/\/www.medico.hr\/it\/invia-la-tua-richiesta\/","url":"https:\/\/www.medico.hr\/it\/invia-la-tua-richiesta\/","name":"Invia la tua richiesta | Ospedale Specialistico Medico","isPartOf":{"@id":"https:\/\/www.medico.hr\/it\/#website"},"datePublished":"2019-02-10T23:13:52+00:00","dateModified":"2025-07-17T15:25:58+00:00","description":"Ti preghiamo di compilare il modulo per prenotare una visita medica o un servizio; ti risponderemo nel pi\u00f9 breve tempo possibile.","breadcrumb":{"@id":"https:\/\/www.medico.hr\/it\/invia-la-tua-richiesta\/#breadcrumb"},"inLanguage":"it-IT","potentialAction":[{"@type":"ReadAction","target":["https:\/\/www.medico.hr\/it\/invia-la-tua-richiesta\/"]}]},{"@type":"BreadcrumbList","@id":"https:\/\/www.medico.hr\/it\/invia-la-tua-richiesta\/#breadcrumb","itemListElement":[{"@type":"ListItem","position":1,"name":"Po\u010detna","item":"https:\/\/www.medico.hr\/it\/"},{"@type":"ListItem","position":2,"name":"Invia la tua richiesta"}]},{"@type":"WebSite","@id":"https:\/\/www.medico.hr\/it\/#website","url":"https:\/\/www.medico.hr\/it\/","name":"Specijalna bolnica Medico","description":"In un solo giorno, in un solo luogo","publisher":{"@id":"https:\/\/www.medico.hr\/it\/#organization"},"potentialAction":[{"@type":"SearchAction","target":{"@type":"EntryPoint","urlTemplate":"https:\/\/www.medico.hr\/it\/?s={search_term_string}"},"query-input":{"@type":"PropertyValueSpecification","valueRequired":true,"valueName":"search_term_string"}}],"inLanguage":"it-IT"},{"@type":"Organization","@id":"https:\/\/www.medico.hr\/it\/#organization","name":"Specijalna bolnica Medico","url":"https:\/\/www.medico.hr\/it\/","logo":{"@type":"ImageObject","inLanguage":"it-IT","@id":"https:\/\/www.medico.hr\/it\/#\/schema\/logo\/image\/","url":"https:\/\/www.medico.hr\/wp-content\/uploads\/2022\/03\/logo-medico.png","contentUrl":"https:\/\/www.medico.hr\/wp-content\/uploads\/2022\/03\/logo-medico.png","width":391,"height":101,"caption":"Specijalna bolnica Medico"},"image":{"@id":"https:\/\/www.medico.hr\/it\/#\/schema\/logo\/image\/"}}]}},"_links":{"self":[{"href":"https:\/\/www.medico.hr\/it\/wp-json\/wp\/v2\/pages\/11398","targetHints":{"allow":["GET"]}}],"collection":[{"href":"https:\/\/www.medico.hr\/it\/wp-json\/wp\/v2\/pages"}],"about":[{"href":"https:\/\/www.medico.hr\/it\/wp-json\/wp\/v2\/types\/page"}],"author":[{"embeddable":true,"href":"https:\/\/www.medico.hr\/it\/wp-json\/wp\/v2\/users\/1"}],"replies":[{"embeddable":true,"href":"https:\/\/www.medico.hr\/it\/wp-json\/wp\/v2\/comments?post=11398"}],"version-history":[{"count":1,"href":"https:\/\/www.medico.hr\/it\/wp-json\/wp\/v2\/pages\/11398\/revisions"}],"predecessor-version":[{"id":11399,"href":"https:\/\/www.medico.hr\/it\/wp-json\/wp\/v2\/pages\/11398\/revisions\/11399"}],"wp:attachment":[{"href":"https:\/\/www.medico.hr\/it\/wp-json\/wp\/v2\/media?parent=11398"}],"curies":[{"name":"wp","href":"https:\/\/api.w.org\/{rel}","templated":true}]}}