{"id":11758,"date":"2022-02-23T11:38:46","date_gmt":"2022-02-23T10:38:46","guid":{"rendered":"https:\/\/www.medico.hr\/?page_id=11758"},"modified":"2025-07-30T12:11:40","modified_gmt":"2025-07-30T10:11:40","slug":"accettazione-e-degenza-in-ospedale","status":"publish","type":"page","link":"https:\/\/www.medico.hr\/it\/accettazione-e-degenza-in-ospedale\/","title":{"rendered":"Accettazione e degenza in ospedale"},"content":{"rendered":"\n<p class=\"is-style-intro\">La vostra salute \u00e8 la nostra massima priorit\u00e0. Per garantire un soggiorno sicuro e il pi\u00f9 confortevole possibile presso l\u2019Ospedale Specialistico Medico, vi preghiamo di attenersi alle seguenti indicazioni:<\/p>\n\n\n            <div class=\"block-accordion-wrap\">\r\n                    <div class=\"block-accordion-item\" id=\"block-accordion-item-1\">\r\n                <div class=\"block-accordion-title closed\">\r\n                    <h2>ACCETTAZIONE DEI PAZIENTI<\/h2><\/div>\r\n                <div class=\"block-accordion-content\"\r\n                     style=\"display: none;\"><ul>\n<li>Al momento del ricovero in ospedale, il paziente \u00e8 tenuto a fornire i propri dati personali e a esibire un documento d&#8217;identit\u00e0 o un altro documento di riconoscimento con foto, in modo da poterne accertare l\u2019identit\u00e0.<br \/>\nPer il ricovero in reparto ospedaliero sono necessari la documentazione medica del medico specialista che ha indirizzato il paziente verso un determinato procedimento diagnostico o terapeutico, tutti gli esami di laboratorio richiesti nella preparazione preoperatoria, se necessario il gruppo sanguigno e il fattore Rh, nonch\u00e9 il questionario preoperatorio compilato.<br \/>\nPer garantire la sicurezza e il successo del trattamento, il paziente \u00e8 tenuto a segnalare eventuali cambiamenti del proprio stato di salute al momento del ricovero e a seguire le istruzioni degli operatori sanitari durante tutta la degenza in ospedale.<br \/>\nAl momento del ricovero in ospedale, il paziente \u00e8 tenuto a fornire, compilando un modulo di richiesta anticipata, informazioni su un familiare o su un\u2019altra persona alla quale possono o non devono essere fornite informazioni sulle sue condizioni di salute.<br \/>\nAl momento del ricovero nel reparto, i pazienti sono tenuti a portare con s\u00e9 effetti personali per l\u2019igiene (spazzolino, dentifricio, kit da barba, fazzoletti, assorbenti igienici, asciugamano, asciugacapelli), i farmaci che assumono regolarmente (nella loro confezione originale), dispositivi medici (occhiali, apparecchio acustico, protesi dentaria, protesi, sedia a rotelle, inalatore, stampelle) e indumenti (pigiama, maglietta di cotone, pantofole, tuta, accappatoio).<br \/>\nDurante il ricovero, il paziente \u00e8 tenuto a svolgere le pratiche igieniche necessarie per garantire il buon esito delle cure o degli interventi medici. La tipologia e l\u2019entit\u00e0 delle procedure igieniche vengono stabilite dall\u2019infermiera responsabile o da quella in servizio. Se il paziente non \u00e8 in grado di eseguire autonomamente le azioni necessarie, queste verranno eseguite da un infermiere\/tecnico.<\/li>\n<\/ul>\n<\/div>\r\n                <div style=\"overflow: hidden;\"><\/div>\r\n            <\/div>\r\n                                <div class=\"block-accordion-item\" id=\"block-accordion-item-2\">\r\n                <div class=\"block-accordion-title closed\">\r\n                    <h2>DEGENZA OSPEDALIERA<\/h2><\/div>\r\n                <div class=\"block-accordion-content\"\r\n                     style=\"display: none;\"><p>Ai pazienti \u00e8 vietato:<\/p>\n<p>uscire dal area dell\u2019ospedale senza autorizzazione del medico responsabile o del responsabile del reparto o del medico di turno,<br \/>\ndanneggiare edifici, inventario, attrezzature e dispositivi, danneggiare e sporcare pavimenti, pareti, porte, finestre e mobili dell\u2019ospedale,<br \/>\ndetenere e portare armi,<br \/>\ncantare, suonare musica e qualsiasi altra attivit\u00e0 che possa disturbare o infastidire i pazienti nelle stanze o nell\u2019edificio,<br \/>\noffrire ricompense, denaro e altri oggetti di valore al personale sanitario e ad altri operatori,<br \/>\nfumare,<br \/>\nintrodurre e consumare bevande alcoliche o droghe,<br \/>\nconservare cibo o stoviglie dopo i pasti,<br \/>\nricevere cibo dall\u2019esterno senza il permesso del medico responsabile,<br \/>\ngettare oggetti o rifiuti dalle finestre,<br \/>\nutilizzare apparecchi elettrici di riscaldamento o dispositivi per preparare cibo o bevande nella stanza del paziente.<br \/>\nDalla sveglia fino alla visita medica (il giro visita), i pazienti autosufficienti devono effettuare la loro igiene mattutina (radersi, lavarsi, fare il bagno, pettinarsi, ecc.) e consentire al personale sanitario di svolgere tutte le azioni necessarie per la preparazione obbligatoria alla visita medica (il giro visita).<br \/>\nIl paziente che non \u00e8 in grado di svolgere autonomamente queste operazioni sar\u00e0 assistito dal personale sanitario.<\/p>\n<p>La prima visita mattutina viene eseguita da un singolo medico (medico di turno), al pi\u00f9 tardi entro le ore 8:00.<br \/>\nLa seconda visita del medico (il giro visita) viene solitamente effettuata entro le 10.<br \/>\nLa terza visita medica serale avviene solitamente verso le 21.00.<\/p>\n<p>Il riposo notturno dei pazienti pu\u00f2 essere interrotto solo per l\u2019esecuzione di interventi terapeutici, diagnostici o di altro tipo non rinviabili oppure per preparativi necessari a tali interventi.<\/p>\n<p>Per qualsiasi domanda o necessit\u00e0, rivolgetevi al medico di reparto o all\u2019infermiera. Se necessario, un operatore dell\u2019ospedale vi accompagner\u00e0 agli esami.<\/p>\n<\/div>\r\n                <div style=\"overflow: hidden;\"><\/div>\r\n            <\/div>\r\n                                <div class=\"block-accordion-item\" id=\"block-accordion-item-3\">\r\n                <div class=\"block-accordion-title closed\">\r\n                    <h2>FARMACI<\/h2><\/div>\r\n                <div class=\"block-accordion-content\"\r\n                     style=\"display: none;\"><p>Durante la degenza in ospedale, siete pregati di assumere solo i farmaci prescritti dal medico del reparto.<br \/>\nSe in precedenza avete assunto altri farmaci, comunicatelo al medico, in modo che possa valutare se proseguire la terapia.<\/p>\n<\/div>\r\n                <div style=\"overflow: hidden;\"><\/div>\r\n            <\/div>\r\n                                <div class=\"block-accordion-item\" id=\"block-accordion-item-4\">\r\n                <div class=\"block-accordion-title closed\">\r\n                    <h2>ALIMENTAZIONE IN OSPEDALE<\/h2><\/div>\r\n                <div class=\"block-accordion-content\"\r\n                     style=\"display: none;\"><p>La dieta del paziente, ovvero il tipo, la quantit\u00e0 e la qualit\u00e0 del cibo, viene stabilita dal medico responsabile caso per caso, tenendo conto delle esigenze specifiche del paziente ogni volta che \u00e8 possibile, in base alle capacit\u00e0 dell\u2019ospedale e alle condizioni mediche del paziente.<br \/>\nAi pazienti viene garantito il cibo secondo gli standard, le normative vigenti e il sistema HACCP. I pazienti scelgono i pasti per pranzo e cena dal men\u00f9 giornaliero proposto.<br \/>\n\u00c8 vietato introdurre qualsiasi alimento in ospedale e ricevere o consumare cibi preparati fuori senza il previo esplicito permesso del medico responsabile.<\/p>\n<p>I pasti giornalieri si svolgono, di solito, secondo il seguente orario:<\/p>\n<p>colazione dalle 8 alle 10,<br \/>\npranzo dalle 12 alle 14,<br \/>\ncena dalle 18 alle 19.<\/p>\n<\/div>\r\n                <div style=\"overflow: hidden;\"><\/div>\r\n            <\/div>\r\n                                <div class=\"block-accordion-item\" id=\"block-accordion-item-5\">\r\n                <div class=\"block-accordion-title closed\">\r\n                    <h2>CONSENSO AL INTERVENTO MEDICO<\/h2><\/div>\r\n                <div class=\"block-accordion-content\"\r\n                     style=\"display: none;\"><p>Per ogni intervento medico \u00e8 richiesto il vostro consenso.<br \/>\nPertanto, al momento del ricovero, il medico vi informer\u00e0 su tutte le procedure diagnostiche e terapeutiche necessarie per migliorare il vostro stato di salute. Prima di firmare la dichiarazione di consenso, il medico vi informer\u00e0 anche sui possibili rischi, sulle conseguenze e sulle complicazioni.<br \/>\nPer evitare un pericolo imminente per la vostra vita, il medico pu\u00f2 effettuare un intervento medico anche senza il vostro consenso, qualora al momento non siate in grado di darlo a causa delle vostre condizioni di salute.<br \/>\nPer le persone di et\u00e0 inferiore ai 18 anni o per le persone alle quali \u00e8 stata revocata la capacit\u00e0, la firma \u00e8 apposta dai genitori o tutori.<\/p>\n<\/div>\r\n                <div style=\"overflow: hidden;\"><\/div>\r\n            <\/div>\r\n                                <div class=\"block-accordion-item\" id=\"block-accordion-item-6\">\r\n                <div class=\"block-accordion-title closed\">\r\n                    <h2>CONSERVAZIONE DEI OGGETTI DI VALORE<\/h2><\/div>\r\n                <div class=\"block-accordion-content\"\r\n                     style=\"display: none;\"><p>Si raccomanda al paziente di non portare in ospedale denaro n\u00e9 altri oggetti di valore.<br \/>\nGli effetti personali del paziente, che non possono essere altrimenti custoditi, vengono ricevuti per iscritto dall\u2019infermiera o dall\u2019operatore tecnico del reparto e depositati in cassaforte, con rilascio di una ricevuta di consegna. L&#8217;ospedale non \u00e8 responsabile del denaro e di altri oggetti di valore che il paziente non consegna in custodia.<\/p>\n<\/div>\r\n                <div style=\"overflow: hidden;\"><\/div>\r\n            <\/div>\r\n                                <div class=\"block-accordion-item\" id=\"block-accordion-item-7\">\r\n                <div class=\"block-accordion-title closed\">\r\n                    <h2>VISITE<\/h2><\/div>\r\n                <div class=\"block-accordion-content\"\r\n                     style=\"display: none;\"><p>Le visite ai pazienti sono consentite tutti i giorni dalle 8.00 alle 20.00, nonch\u00e9 il sabato, la domenica e nei giorni festivi.<br \/>\nLe visite sono possibili anche il giorno dell\u2019intervento, ma previo accordo con il chirurgo e l\u2019anestesista.<br \/>\nDurante gli interventi medici e le visite non \u00e8 consentito l\u2019accesso dei visitatori alla stanza del paziente. Tutte le informazioni necessarie sullo stato di salute dei pazienti possono essere ottenute solo da un medico.<br \/>\nSu richiesta del personale autorizzato, il visitatore \u00e8 tenuto a esibire il proprio documento d\u2019identit\u00e0 personale e gli oggetti che porta dentro o fuori dall\u2019ospedale.<br \/>\nI visitatori devono osservare per tutta la durata della visita le norme di sicurezza, ordine, silenzio, pulizia e igiene, evitando di arrecare disturbo alle condizioni di degenza dei pazienti e rispettando le istruzioni e le disposizioni impartite dagli operatori sanitari e dagli altri operatori.<\/p>\n<\/div>\r\n                <div style=\"overflow: hidden;\"><\/div>\r\n            <\/div>\r\n                                <div class=\"block-accordion-item\" id=\"block-accordion-item-8\">\r\n                <div class=\"block-accordion-title closed\">\r\n                    <h2>CERIMONIE RELIGIOSE<\/h2><\/div>\r\n                <div class=\"block-accordion-content\"\r\n                     style=\"display: none;\"><p>Durante il ricovero in ospedale, i pazienti che possono muoversi autonomamente possono celebrare riti religiosi nella cappella situata al secondo piano dell\u2019ospedale. Alle persone ricoverate in ospedale che non possono partecipare ai riti religiosi nella cappella dell\u2019ospedale possono, su richiesta loro o dei loro familiari, essere autorizzate a ricevere la visita di un sacerdote o di un ministro religioso per celebrare una cerimonia religiosa, se non sono in grado di decidere autonomamente.<\/p>\n<\/div>\r\n                <div style=\"overflow: hidden;\"><\/div>\r\n            <\/div>\r\n                                <div class=\"block-accordion-item\" id=\"block-accordion-item-9\">\r\n                <div class=\"block-accordion-title closed\">\r\n                    <h2>DIMISSIONE DEI PAZIENTI<\/h2><\/div>\r\n                <div class=\"block-accordion-content\"\r\n                     style=\"display: none;\"><p>Il paziente viene dimesso:<\/p>\n<p>al termine del trattamento,<br \/>\nin caso di miglioramento tale da consentire la prosecuzione del trattamento a domicilio o in regime ambulatoriale,<br \/>\nsu richiesta del paziente stesso oppure, nel caso in cui il paziente sia minorenne o sotto tutela, su richiesta dei genitori o dei tutori,<br \/>\nin caso di comportamento contrario alle istruzione del medico,<br \/>\nin caso di gravi o reiterate violazioni delle norme che disciplinano il trattamento, la degenza e il comportamento del paziente in ospedale,<br \/>\nin caso di trasferimento ad altra struttura sanitaria,<br \/>\nLa dichiarazione del paziente, o del genitore o tutore, in merito all\u2019interruzione volontaria anticipata del trattamento \u00e8 resa per iscritto e viene registrata nella cartella clinica.<br \/>\nAl momento della dimissione dall\u2019ospedale, al paziente vengono restituiti i propri effetti personali, se consegnati in custodia al momento del ricovero, con l\u2019indicazione della data di riconsegna e una firma autografa.<\/p>\n<\/div>\r\n                <div style=\"overflow: hidden;\"><\/div>\r\n            <\/div>\r\n                        <\/div>\r\n\n\n\n<p>Grazie in anticipo per la vostra collaborazione, poich\u00e9 il nostro obiettivo comune \u00e8 assicurarvi una guarigione rapida, efficace e sicura.<\/p>\n","protected":false},"excerpt":{"rendered":"<p>La vostra salute \u00e8 la nostra massima priorit\u00e0. Per garantire un soggiorno sicuro e il pi\u00f9 confortevole possibile presso l\u2019Ospedale&#8230;<\/p>\n","protected":false},"author":1,"featured_media":0,"parent":0,"menu_order":0,"comment_status":"closed","ping_status":"closed","template":"","meta":{"_acf_changed":false,"footnotes":""},"class_list":["post-11758","page","type-page","status-publish","hentry"],"acf":[],"yoast_head":"<!-- This site is optimized with the Yoast SEO plugin v27.5 - https:\/\/yoast.com\/product\/yoast-seo-wordpress\/ -->\n<title>Accettazione e degenza in ospedale | Ospedale Specialistico Medico<\/title>\n<meta name=\"description\" content=\"La vostra salute \u00e8 la nostra massima priorit\u00e0. Per garantire un soggiorno sicuro e il pi\u00f9 confortevole possibile presso l\u2019Ospedale Specialistico Medico,\" \/>\n<meta name=\"robots\" content=\"index, follow, max-snippet:-1, max-image-preview:large, max-video-preview:-1\" \/>\n<link rel=\"canonical\" href=\"https:\/\/www.medico.hr\/it\/accettazione-e-degenza-in-ospedale\/\" \/>\n<meta property=\"og:locale\" content=\"it_IT\" \/>\n<meta property=\"og:type\" content=\"article\" \/>\n<meta property=\"og:title\" content=\"Accettazione e degenza in ospedale | Ospedale Specialistico Medico\" \/>\n<meta property=\"og:description\" content=\"La vostra salute \u00e8 la nostra massima priorit\u00e0. Per garantire un soggiorno sicuro e il pi\u00f9 confortevole possibile presso l\u2019Ospedale Specialistico Medico,\" \/>\n<meta property=\"og:url\" content=\"https:\/\/www.medico.hr\/it\/accettazione-e-degenza-in-ospedale\/\" \/>\n<meta property=\"og:site_name\" content=\"Ospedale Specialistico Medico\" \/>\n<meta property=\"article:modified_time\" content=\"2025-07-30T10:11:40+00:00\" \/>\n<meta name=\"twitter:card\" content=\"summary_large_image\" \/>\n<script type=\"application\/ld+json\" class=\"yoast-schema-graph\">{\"@context\":\"https:\\\/\\\/schema.org\",\"@graph\":[{\"@type\":\"WebPage\",\"@id\":\"https:\\\/\\\/www.medico.hr\\\/it\\\/accettazione-e-degenza-in-ospedale\\\/\",\"url\":\"https:\\\/\\\/www.medico.hr\\\/it\\\/accettazione-e-degenza-in-ospedale\\\/\",\"name\":\"Accettazione e degenza in ospedale | Ospedale Specialistico Medico\",\"isPartOf\":{\"@id\":\"https:\\\/\\\/www.medico.hr\\\/it\\\/#website\"},\"datePublished\":\"2022-02-23T10:38:46+00:00\",\"dateModified\":\"2025-07-30T10:11:40+00:00\",\"description\":\"La vostra salute \u00e8 la nostra massima priorit\u00e0. Per garantire un soggiorno sicuro e il pi\u00f9 confortevole possibile presso l\u2019Ospedale Specialistico Medico,\",\"breadcrumb\":{\"@id\":\"https:\\\/\\\/www.medico.hr\\\/it\\\/accettazione-e-degenza-in-ospedale\\\/#breadcrumb\"},\"inLanguage\":\"it-IT\",\"potentialAction\":[{\"@type\":\"ReadAction\",\"target\":[\"https:\\\/\\\/www.medico.hr\\\/it\\\/accettazione-e-degenza-in-ospedale\\\/\"]}]},{\"@type\":\"BreadcrumbList\",\"@id\":\"https:\\\/\\\/www.medico.hr\\\/it\\\/accettazione-e-degenza-in-ospedale\\\/#breadcrumb\",\"itemListElement\":[{\"@type\":\"ListItem\",\"position\":1,\"name\":\"Po\u010detna\",\"item\":\"https:\\\/\\\/www.medico.hr\\\/it\\\/\"},{\"@type\":\"ListItem\",\"position\":2,\"name\":\"Accettazione e degenza in ospedale\"}]},{\"@type\":\"WebSite\",\"@id\":\"https:\\\/\\\/www.medico.hr\\\/it\\\/#website\",\"url\":\"https:\\\/\\\/www.medico.hr\\\/it\\\/\",\"name\":\"Specijalna bolnica Medico\",\"description\":\"In un solo giorno, in un solo luogo\",\"publisher\":{\"@id\":\"https:\\\/\\\/www.medico.hr\\\/it\\\/#organization\"},\"potentialAction\":[{\"@type\":\"SearchAction\",\"target\":{\"@type\":\"EntryPoint\",\"urlTemplate\":\"https:\\\/\\\/www.medico.hr\\\/it\\\/?s={search_term_string}\"},\"query-input\":{\"@type\":\"PropertyValueSpecification\",\"valueRequired\":true,\"valueName\":\"search_term_string\"}}],\"inLanguage\":\"it-IT\"},{\"@type\":\"Organization\",\"@id\":\"https:\\\/\\\/www.medico.hr\\\/it\\\/#organization\",\"name\":\"Specijalna bolnica Medico\",\"url\":\"https:\\\/\\\/www.medico.hr\\\/it\\\/\",\"logo\":{\"@type\":\"ImageObject\",\"inLanguage\":\"it-IT\",\"@id\":\"https:\\\/\\\/www.medico.hr\\\/it\\\/#\\\/schema\\\/logo\\\/image\\\/\",\"url\":\"https:\\\/\\\/www.medico.hr\\\/wp-content\\\/uploads\\\/2022\\\/03\\\/logo-medico.png\",\"contentUrl\":\"https:\\\/\\\/www.medico.hr\\\/wp-content\\\/uploads\\\/2022\\\/03\\\/logo-medico.png\",\"width\":391,\"height\":101,\"caption\":\"Specijalna bolnica Medico\"},\"image\":{\"@id\":\"https:\\\/\\\/www.medico.hr\\\/it\\\/#\\\/schema\\\/logo\\\/image\\\/\"}}]}<\/script>\n<!-- \/ Yoast SEO plugin. -->","yoast_head_json":{"title":"Accettazione e degenza in ospedale | Ospedale Specialistico Medico","description":"La vostra salute \u00e8 la nostra massima priorit\u00e0. Per garantire un soggiorno sicuro e il pi\u00f9 confortevole possibile presso l\u2019Ospedale Specialistico Medico,","robots":{"index":"index","follow":"follow","max-snippet":"max-snippet:-1","max-image-preview":"max-image-preview:large","max-video-preview":"max-video-preview:-1"},"canonical":"https:\/\/www.medico.hr\/it\/accettazione-e-degenza-in-ospedale\/","og_locale":"it_IT","og_type":"article","og_title":"Accettazione e degenza in ospedale | Ospedale Specialistico Medico","og_description":"La vostra salute \u00e8 la nostra massima priorit\u00e0. Per garantire un soggiorno sicuro e il pi\u00f9 confortevole possibile presso l\u2019Ospedale Specialistico Medico,","og_url":"https:\/\/www.medico.hr\/it\/accettazione-e-degenza-in-ospedale\/","og_site_name":"Ospedale Specialistico Medico","article_modified_time":"2025-07-30T10:11:40+00:00","twitter_card":"summary_large_image","schema":{"@context":"https:\/\/schema.org","@graph":[{"@type":"WebPage","@id":"https:\/\/www.medico.hr\/it\/accettazione-e-degenza-in-ospedale\/","url":"https:\/\/www.medico.hr\/it\/accettazione-e-degenza-in-ospedale\/","name":"Accettazione e degenza in ospedale | Ospedale Specialistico Medico","isPartOf":{"@id":"https:\/\/www.medico.hr\/it\/#website"},"datePublished":"2022-02-23T10:38:46+00:00","dateModified":"2025-07-30T10:11:40+00:00","description":"La vostra salute \u00e8 la nostra massima priorit\u00e0. Per garantire un soggiorno sicuro e il pi\u00f9 confortevole possibile presso l\u2019Ospedale Specialistico Medico,","breadcrumb":{"@id":"https:\/\/www.medico.hr\/it\/accettazione-e-degenza-in-ospedale\/#breadcrumb"},"inLanguage":"it-IT","potentialAction":[{"@type":"ReadAction","target":["https:\/\/www.medico.hr\/it\/accettazione-e-degenza-in-ospedale\/"]}]},{"@type":"BreadcrumbList","@id":"https:\/\/www.medico.hr\/it\/accettazione-e-degenza-in-ospedale\/#breadcrumb","itemListElement":[{"@type":"ListItem","position":1,"name":"Po\u010detna","item":"https:\/\/www.medico.hr\/it\/"},{"@type":"ListItem","position":2,"name":"Accettazione e degenza in ospedale"}]},{"@type":"WebSite","@id":"https:\/\/www.medico.hr\/it\/#website","url":"https:\/\/www.medico.hr\/it\/","name":"Specijalna bolnica Medico","description":"In un solo giorno, in un solo luogo","publisher":{"@id":"https:\/\/www.medico.hr\/it\/#organization"},"potentialAction":[{"@type":"SearchAction","target":{"@type":"EntryPoint","urlTemplate":"https:\/\/www.medico.hr\/it\/?s={search_term_string}"},"query-input":{"@type":"PropertyValueSpecification","valueRequired":true,"valueName":"search_term_string"}}],"inLanguage":"it-IT"},{"@type":"Organization","@id":"https:\/\/www.medico.hr\/it\/#organization","name":"Specijalna bolnica Medico","url":"https:\/\/www.medico.hr\/it\/","logo":{"@type":"ImageObject","inLanguage":"it-IT","@id":"https:\/\/www.medico.hr\/it\/#\/schema\/logo\/image\/","url":"https:\/\/www.medico.hr\/wp-content\/uploads\/2022\/03\/logo-medico.png","contentUrl":"https:\/\/www.medico.hr\/wp-content\/uploads\/2022\/03\/logo-medico.png","width":391,"height":101,"caption":"Specijalna bolnica Medico"},"image":{"@id":"https:\/\/www.medico.hr\/it\/#\/schema\/logo\/image\/"}}]}},"_links":{"self":[{"href":"https:\/\/www.medico.hr\/it\/wp-json\/wp\/v2\/pages\/11758","targetHints":{"allow":["GET"]}}],"collection":[{"href":"https:\/\/www.medico.hr\/it\/wp-json\/wp\/v2\/pages"}],"about":[{"href":"https:\/\/www.medico.hr\/it\/wp-json\/wp\/v2\/types\/page"}],"author":[{"embeddable":true,"href":"https:\/\/www.medico.hr\/it\/wp-json\/wp\/v2\/users\/1"}],"replies":[{"embeddable":true,"href":"https:\/\/www.medico.hr\/it\/wp-json\/wp\/v2\/comments?post=11758"}],"version-history":[{"count":1,"href":"https:\/\/www.medico.hr\/it\/wp-json\/wp\/v2\/pages\/11758\/revisions"}],"predecessor-version":[{"id":11759,"href":"https:\/\/www.medico.hr\/it\/wp-json\/wp\/v2\/pages\/11758\/revisions\/11759"}],"wp:attachment":[{"href":"https:\/\/www.medico.hr\/it\/wp-json\/wp\/v2\/media?parent=11758"}],"curies":[{"name":"wp","href":"https:\/\/api.w.org\/{rel}","templated":true}]}}