{"id":11795,"date":"2019-01-21T14:30:24","date_gmt":"2019-01-21T13:30:24","guid":{"rendered":"https:\/\/www.medico.hr\/?page_id=11795"},"modified":"2025-07-30T12:27:20","modified_gmt":"2025-07-30T10:27:20","slug":"anestesiologia-rianimazione-e-terapia-intensiva","status":"publish","type":"page","link":"https:\/\/www.medico.hr\/it\/attivita\/anestesiologia-rianimazione-e-terapia-intensiva\/","title":{"rendered":"Anestesiologia, rianimazione e terapia intensiva"},"content":{"rendered":"\n<p class=\"is-style-intro\">Il Reparto di Anestesiologia, Rianimazione e Terapia Intensiva esegue procedure mirate a ridurre o eliminare la coscienza e la percezione degli stimoli esterni (anestesia), oppure a ridurre o abolire la sensazione di dolore (analgesia), durante vari interventi medici diagnostici o terapeutici, prevalentemente di natura chirurgica.<\/p>\n\n\n\n<p>Le due principali e pi\u00f9 comuni tipologie di anestesia sono l\u2019anestesia generale e quella loco-regionale.<\/p>\n\n\n\n<p>L\u2019anestesia generale prevede la somministrazione di farmaci che inducono uno stato di incoscienza: il paziente non percepisce l\u2019intervento chirurgico n\u00e9 ci\u00f2 che lo circonda.<br>Nell\u2019anestesia loco-regionale, l\u2019anestesista somministra il farmaco in prossimit\u00e0 dei fasci nervosi, rendendo cos\u00ec insensibile la parte del corpo su cui si esegue l\u2019operazione. Il paziente pu\u00f2 restare sveglio durante l\u2019intervento oppure pu\u00f2 ricevere un farmaco che provoca sedazione o un leggero stato di sonnolenza.<br>Il Reparto di Anestesiologia, Rianimazione e Terapia Intensiva dell\u2019Ospedale Specialistico Medico \u00e8 fornito di apparecchiature mediche all\u2019avanguardia.<\/p>\n\n\n\n<p>Nel caso in cui sia necessario eseguire esami non sempre piacevoli n\u00e9 facilmente tollerabili, il servizio di anestesiologia offre sicurezza attraverso la sedazione e l\u2019analgesia, permettendo al paziente di sottoporsi a esami come la colonscopia e la gastroscopia dormendo serenamente, senza dolore o sensazioni spiacevoli.<\/p>\n\n\n\n<p>Il ruolo dell\u2019anestesista \u00e8 valutare lo stato del paziente prima della procedura diagnostica o dell\u2019intervento chirurgico, somministrare l\u2019anestetico, controllare il dolore e le funzioni vitali durante la procedura diagnostica o l\u2019intervento, garantire un risveglio sicuro, tranquillo e senza dolore, e favorire un rapido ritorno alle normali attivit\u00e0 quotidiane.<\/p>\n\n\n\n<p>In sintesi, possiamo dire che l&#8217;attivit\u00e0 dell\u2019anestesista comprende l\u2019assistenza medica prima, durante e subito dopo l\u2019intervento chirurgico. La visita anestesiologica viene documentata e fa parte della vostra cartella clinica, insieme al foglio anestesiologico.<\/p>\n\n\n\n<p>L\u2019anestesista vi visiter\u00e0 anche in ospedale il giorno prima dell\u2019operazione per verificare se ci sono stati cambiamenti nel vostro stato di salute dopo la visita ambulatoriale e per darvi istruzioni prima dell\u2019operazione. \u00c8 importante non consumare cibi n\u00e9 bevande dopo mezzanotte prima dell\u2019intervento, affinch\u00e9 lo stomaco sia vuoto al momento dell\u2019induzione dell\u2019anestesia. Prima di entrare in sala operatoria, vi verr\u00e0 somministrata la cosiddetta premedicazione, che vi calmer\u00e0 e ridurr\u00e0 la paura. L\u2019anestesista vi comunicher\u00e0 inoltre quali farmaci assumere il giorno dell\u2019operazione.<\/p>\n\n\n\n<p>Al vostro arrivo in sala operatoria, i tecnici di anestesia vi inseriranno l\u2019infusione endovenosa e collegheranno i dispositivi tramite cui l\u2019anestesista monitorer\u00e0 le vostre funzioni vitali durante l\u2019operazione. Durante l\u2019operazione, l\u2019anestesista gestisce l\u2019anestesia e monitora le vostre funzioni vitali, ad esempio: frequenza cardiaca, respirazione, pressione sanguigna, temperatura corporea.<\/p>\n\n\n\n<p>Al vostro arrivo all\u2019ambulatorio di anestesia per la visita preoperatoria, \u00e8 importante portare con voi:<\/p>\n\n\n\n<p>Esami di laboratorio recenti (effettuati entro l\u2019ultimo mese): emocromo completo, sodio, potassio, urea, creatinina, glicemia, coagulogramma<br>Gruppo sanguigno documentato<br>Elettrocardiogramma eseguito da meno di un mese<br>Documentazione medica relativa all\u2019intervento chirurgico previsto<br>Documentazione medica pregressa<br>Desideriamo che il vostro soggiorno e l\u2019intervento presso il nostro ospedale si svolgano nel modo pi\u00f9 confortevole e sicuro possibile.<\/p>\n","protected":false},"excerpt":{"rendered":"<p>Il Reparto di Anestesiologia, Rianimazione e Terapia Intensiva esegue procedure mirate a ridurre o eliminare la coscienza e la percezione&#8230;<\/p>\n","protected":false},"author":1,"featured_media":11797,"parent":11400,"menu_order":0,"comment_status":"closed","ping_status":"closed","template":"service-single.php","meta":{"_acf_changed":false,"footnotes":""},"class_list":["post-11795","page","type-page","status-publish","has-post-thumbnail","hentry"],"acf":[],"yoast_head":"<!-- This site is optimized with the Yoast SEO plugin v27.5 - https:\/\/yoast.com\/product\/yoast-seo-wordpress\/ -->\n<title>Anestesiologia, rianimazione e terapia intensiva | Ospedale Specialistico Medico<\/title>\n<meta name=\"description\" content=\"Il Reparto di Anestesiologia, Rianimazione e Terapia Intensiva esegue procedure mirate a ridurre o eliminare la coscienza e la percezione degli stimoli\" \/>\n<meta name=\"robots\" content=\"index, follow, max-snippet:-1, max-image-preview:large, max-video-preview:-1\" \/>\n<link rel=\"canonical\" href=\"https:\/\/www.medico.hr\/it\/attivita\/anestesiologia-rianimazione-e-terapia-intensiva\/\" \/>\n<meta property=\"og:locale\" content=\"it_IT\" \/>\n<meta property=\"og:type\" content=\"article\" \/>\n<meta property=\"og:title\" content=\"Anestesiologia, rianimazione e terapia intensiva | Ospedale Specialistico Medico\" \/>\n<meta property=\"og:description\" content=\"Il Reparto di Anestesiologia, Rianimazione e Terapia Intensiva esegue procedure mirate a ridurre o eliminare la coscienza e la percezione degli stimoli\" \/>\n<meta property=\"og:url\" content=\"https:\/\/www.medico.hr\/it\/attivita\/anestesiologia-rianimazione-e-terapia-intensiva\/\" \/>\n<meta property=\"og:site_name\" content=\"Ospedale Specialistico Medico\" \/>\n<meta property=\"article:modified_time\" content=\"2025-07-30T10:27:20+00:00\" \/>\n<meta property=\"og:image\" content=\"https:\/\/www.medico.hr\/wp-content\/uploads\/2019\/02\/treatment.jpg\" \/>\n\t<meta property=\"og:image:width\" content=\"1200\" \/>\n\t<meta property=\"og:image:height\" content=\"675\" \/>\n\t<meta property=\"og:image:type\" content=\"image\/jpeg\" \/>\n<meta name=\"twitter:card\" content=\"summary_large_image\" \/>\n<meta name=\"twitter:label1\" content=\"Tempo di lettura stimato\" \/>\n\t<meta name=\"twitter:data1\" content=\"2 minuti\" \/>\n<script type=\"application\/ld+json\" class=\"yoast-schema-graph\">{\"@context\":\"https:\\\/\\\/schema.org\",\"@graph\":[{\"@type\":\"WebPage\",\"@id\":\"https:\\\/\\\/www.medico.hr\\\/it\\\/attivita\\\/anestesiologia-rianimazione-e-terapia-intensiva\\\/\",\"url\":\"https:\\\/\\\/www.medico.hr\\\/it\\\/attivita\\\/anestesiologia-rianimazione-e-terapia-intensiva\\\/\",\"name\":\"Anestesiologia, rianimazione e terapia intensiva | Ospedale Specialistico Medico\",\"isPartOf\":{\"@id\":\"https:\\\/\\\/www.medico.hr\\\/it\\\/#website\"},\"primaryImageOfPage\":{\"@id\":\"https:\\\/\\\/www.medico.hr\\\/it\\\/attivita\\\/anestesiologia-rianimazione-e-terapia-intensiva\\\/#primaryimage\"},\"image\":{\"@id\":\"https:\\\/\\\/www.medico.hr\\\/it\\\/attivita\\\/anestesiologia-rianimazione-e-terapia-intensiva\\\/#primaryimage\"},\"thumbnailUrl\":\"https:\\\/\\\/www.medico.hr\\\/wp-content\\\/uploads\\\/2019\\\/02\\\/treatment.jpg\",\"datePublished\":\"2019-01-21T13:30:24+00:00\",\"dateModified\":\"2025-07-30T10:27:20+00:00\",\"description\":\"Il Reparto di Anestesiologia, Rianimazione e Terapia Intensiva esegue procedure mirate a ridurre o eliminare la coscienza e la percezione degli stimoli\",\"breadcrumb\":{\"@id\":\"https:\\\/\\\/www.medico.hr\\\/it\\\/attivita\\\/anestesiologia-rianimazione-e-terapia-intensiva\\\/#breadcrumb\"},\"inLanguage\":\"it-IT\",\"potentialAction\":[{\"@type\":\"ReadAction\",\"target\":[\"https:\\\/\\\/www.medico.hr\\\/it\\\/attivita\\\/anestesiologia-rianimazione-e-terapia-intensiva\\\/\"]}]},{\"@type\":\"ImageObject\",\"inLanguage\":\"it-IT\",\"@id\":\"https:\\\/\\\/www.medico.hr\\\/it\\\/attivita\\\/anestesiologia-rianimazione-e-terapia-intensiva\\\/#primaryimage\",\"url\":\"https:\\\/\\\/www.medico.hr\\\/wp-content\\\/uploads\\\/2019\\\/02\\\/treatment.jpg\",\"contentUrl\":\"https:\\\/\\\/www.medico.hr\\\/wp-content\\\/uploads\\\/2019\\\/02\\\/treatment.jpg\",\"width\":1200,\"height\":675},{\"@type\":\"BreadcrumbList\",\"@id\":\"https:\\\/\\\/www.medico.hr\\\/it\\\/attivita\\\/anestesiologia-rianimazione-e-terapia-intensiva\\\/#breadcrumb\",\"itemListElement\":[{\"@type\":\"ListItem\",\"position\":1,\"name\":\"Po\u010detna\",\"item\":\"https:\\\/\\\/www.medico.hr\\\/it\\\/\"},{\"@type\":\"ListItem\",\"position\":2,\"name\":\"Attivit\u00e0\",\"item\":\"https:\\\/\\\/www.medico.hr\\\/it\\\/attivita\\\/\"},{\"@type\":\"ListItem\",\"position\":3,\"name\":\"Anestesiologia, rianimazione e terapia intensiva\"}]},{\"@type\":\"WebSite\",\"@id\":\"https:\\\/\\\/www.medico.hr\\\/it\\\/#website\",\"url\":\"https:\\\/\\\/www.medico.hr\\\/it\\\/\",\"name\":\"Specijalna bolnica Medico\",\"description\":\"In un solo giorno, in un solo luogo\",\"publisher\":{\"@id\":\"https:\\\/\\\/www.medico.hr\\\/it\\\/#organization\"},\"potentialAction\":[{\"@type\":\"SearchAction\",\"target\":{\"@type\":\"EntryPoint\",\"urlTemplate\":\"https:\\\/\\\/www.medico.hr\\\/it\\\/?s={search_term_string}\"},\"query-input\":{\"@type\":\"PropertyValueSpecification\",\"valueRequired\":true,\"valueName\":\"search_term_string\"}}],\"inLanguage\":\"it-IT\"},{\"@type\":\"Organization\",\"@id\":\"https:\\\/\\\/www.medico.hr\\\/it\\\/#organization\",\"name\":\"Specijalna bolnica Medico\",\"url\":\"https:\\\/\\\/www.medico.hr\\\/it\\\/\",\"logo\":{\"@type\":\"ImageObject\",\"inLanguage\":\"it-IT\",\"@id\":\"https:\\\/\\\/www.medico.hr\\\/it\\\/#\\\/schema\\\/logo\\\/image\\\/\",\"url\":\"https:\\\/\\\/www.medico.hr\\\/wp-content\\\/uploads\\\/2022\\\/03\\\/logo-medico.png\",\"contentUrl\":\"https:\\\/\\\/www.medico.hr\\\/wp-content\\\/uploads\\\/2022\\\/03\\\/logo-medico.png\",\"width\":391,\"height\":101,\"caption\":\"Specijalna bolnica Medico\"},\"image\":{\"@id\":\"https:\\\/\\\/www.medico.hr\\\/it\\\/#\\\/schema\\\/logo\\\/image\\\/\"}}]}<\/script>\n<!-- \/ Yoast SEO plugin. -->","yoast_head_json":{"title":"Anestesiologia, rianimazione e terapia intensiva | Ospedale Specialistico Medico","description":"Il Reparto di Anestesiologia, Rianimazione e Terapia Intensiva esegue procedure mirate a ridurre o eliminare la coscienza e la percezione degli stimoli","robots":{"index":"index","follow":"follow","max-snippet":"max-snippet:-1","max-image-preview":"max-image-preview:large","max-video-preview":"max-video-preview:-1"},"canonical":"https:\/\/www.medico.hr\/it\/attivita\/anestesiologia-rianimazione-e-terapia-intensiva\/","og_locale":"it_IT","og_type":"article","og_title":"Anestesiologia, rianimazione e terapia intensiva | Ospedale Specialistico Medico","og_description":"Il Reparto di Anestesiologia, Rianimazione e Terapia Intensiva esegue procedure mirate a ridurre o eliminare la coscienza e la percezione degli stimoli","og_url":"https:\/\/www.medico.hr\/it\/attivita\/anestesiologia-rianimazione-e-terapia-intensiva\/","og_site_name":"Ospedale Specialistico Medico","article_modified_time":"2025-07-30T10:27:20+00:00","og_image":[{"width":1200,"height":675,"url":"https:\/\/www.medico.hr\/wp-content\/uploads\/2019\/02\/treatment.jpg","type":"image\/jpeg"}],"twitter_card":"summary_large_image","twitter_misc":{"Tempo di lettura stimato":"2 minuti"},"schema":{"@context":"https:\/\/schema.org","@graph":[{"@type":"WebPage","@id":"https:\/\/www.medico.hr\/it\/attivita\/anestesiologia-rianimazione-e-terapia-intensiva\/","url":"https:\/\/www.medico.hr\/it\/attivita\/anestesiologia-rianimazione-e-terapia-intensiva\/","name":"Anestesiologia, rianimazione e terapia intensiva | Ospedale Specialistico Medico","isPartOf":{"@id":"https:\/\/www.medico.hr\/it\/#website"},"primaryImageOfPage":{"@id":"https:\/\/www.medico.hr\/it\/attivita\/anestesiologia-rianimazione-e-terapia-intensiva\/#primaryimage"},"image":{"@id":"https:\/\/www.medico.hr\/it\/attivita\/anestesiologia-rianimazione-e-terapia-intensiva\/#primaryimage"},"thumbnailUrl":"https:\/\/www.medico.hr\/wp-content\/uploads\/2019\/02\/treatment.jpg","datePublished":"2019-01-21T13:30:24+00:00","dateModified":"2025-07-30T10:27:20+00:00","description":"Il Reparto di Anestesiologia, Rianimazione e Terapia Intensiva esegue procedure mirate a ridurre o eliminare la coscienza e la percezione degli stimoli","breadcrumb":{"@id":"https:\/\/www.medico.hr\/it\/attivita\/anestesiologia-rianimazione-e-terapia-intensiva\/#breadcrumb"},"inLanguage":"it-IT","potentialAction":[{"@type":"ReadAction","target":["https:\/\/www.medico.hr\/it\/attivita\/anestesiologia-rianimazione-e-terapia-intensiva\/"]}]},{"@type":"ImageObject","inLanguage":"it-IT","@id":"https:\/\/www.medico.hr\/it\/attivita\/anestesiologia-rianimazione-e-terapia-intensiva\/#primaryimage","url":"https:\/\/www.medico.hr\/wp-content\/uploads\/2019\/02\/treatment.jpg","contentUrl":"https:\/\/www.medico.hr\/wp-content\/uploads\/2019\/02\/treatment.jpg","width":1200,"height":675},{"@type":"BreadcrumbList","@id":"https:\/\/www.medico.hr\/it\/attivita\/anestesiologia-rianimazione-e-terapia-intensiva\/#breadcrumb","itemListElement":[{"@type":"ListItem","position":1,"name":"Po\u010detna","item":"https:\/\/www.medico.hr\/it\/"},{"@type":"ListItem","position":2,"name":"Attivit\u00e0","item":"https:\/\/www.medico.hr\/it\/attivita\/"},{"@type":"ListItem","position":3,"name":"Anestesiologia, rianimazione e terapia intensiva"}]},{"@type":"WebSite","@id":"https:\/\/www.medico.hr\/it\/#website","url":"https:\/\/www.medico.hr\/it\/","name":"Specijalna bolnica Medico","description":"In un solo giorno, in un solo luogo","publisher":{"@id":"https:\/\/www.medico.hr\/it\/#organization"},"potentialAction":[{"@type":"SearchAction","target":{"@type":"EntryPoint","urlTemplate":"https:\/\/www.medico.hr\/it\/?s={search_term_string}"},"query-input":{"@type":"PropertyValueSpecification","valueRequired":true,"valueName":"search_term_string"}}],"inLanguage":"it-IT"},{"@type":"Organization","@id":"https:\/\/www.medico.hr\/it\/#organization","name":"Specijalna bolnica Medico","url":"https:\/\/www.medico.hr\/it\/","logo":{"@type":"ImageObject","inLanguage":"it-IT","@id":"https:\/\/www.medico.hr\/it\/#\/schema\/logo\/image\/","url":"https:\/\/www.medico.hr\/wp-content\/uploads\/2022\/03\/logo-medico.png","contentUrl":"https:\/\/www.medico.hr\/wp-content\/uploads\/2022\/03\/logo-medico.png","width":391,"height":101,"caption":"Specijalna bolnica Medico"},"image":{"@id":"https:\/\/www.medico.hr\/it\/#\/schema\/logo\/image\/"}}]}},"_links":{"self":[{"href":"https:\/\/www.medico.hr\/it\/wp-json\/wp\/v2\/pages\/11795","targetHints":{"allow":["GET"]}}],"collection":[{"href":"https:\/\/www.medico.hr\/it\/wp-json\/wp\/v2\/pages"}],"about":[{"href":"https:\/\/www.medico.hr\/it\/wp-json\/wp\/v2\/types\/page"}],"author":[{"embeddable":true,"href":"https:\/\/www.medico.hr\/it\/wp-json\/wp\/v2\/users\/1"}],"replies":[{"embeddable":true,"href":"https:\/\/www.medico.hr\/it\/wp-json\/wp\/v2\/comments?post=11795"}],"version-history":[{"count":1,"href":"https:\/\/www.medico.hr\/it\/wp-json\/wp\/v2\/pages\/11795\/revisions"}],"predecessor-version":[{"id":11796,"href":"https:\/\/www.medico.hr\/it\/wp-json\/wp\/v2\/pages\/11795\/revisions\/11796"}],"up":[{"embeddable":true,"href":"https:\/\/www.medico.hr\/it\/wp-json\/wp\/v2\/pages\/11400"}],"wp:featuredmedia":[{"embeddable":true,"href":"https:\/\/www.medico.hr\/it\/wp-json\/wp\/v2\/media\/11797"}],"wp:attachment":[{"href":"https:\/\/www.medico.hr\/it\/wp-json\/wp\/v2\/media?parent=11795"}],"curies":[{"name":"wp","href":"https:\/\/api.w.org\/{rel}","templated":true}]}}