{"id":11798,"date":"2019-01-21T14:32:20","date_gmt":"2019-01-21T13:32:20","guid":{"rendered":"https:\/\/www.medico.hr\/?page_id=11798"},"modified":"2025-07-30T12:47:30","modified_gmt":"2025-07-30T10:47:30","slug":"dermatologia-e-venereologia","status":"publish","type":"page","link":"https:\/\/www.medico.hr\/it\/attivita\/dermatologia-e-venereologia\/","title":{"rendered":"Dermatologia e venereologia"},"content":{"rendered":"\n<p class=\"is-style-intro\">La dermatovenerologia \u00e8 una disciplina scientifica che tratta le malattie della pelle e le malattie sessualmente trasmissibili.<\/p>\n\n\n\n<p>La pelle \u00e8 un organo estremamente eterogeneo dal punto di vista embrionale, morfologico e fisiologico, nonch\u00e9 il pi\u00f9 grande del nostro corpo, con numerose funzioni fondamentali. \u00c8 proprio questa complessit\u00e0 che determina il modo in cui disturbi delle funzioni cutanee si manifestino clinicamente attraverso varie patologie della pelle. La pelle pu\u00f2 essere colpita da numerose malattie, sia acute che croniche. Inoltre, i disturbi di altri organi possono riflettersi e manifestarsi direttamente sulla pelle.<\/p>\n\n\n\n<p>Un team di dermatologi esperti valuter\u00e0 le condizioni della vostra pelle e eseguir\u00e0 un trattamento basato sulle pi\u00f9 recenti ricerche e su tecnologie e terapie comprovate in dermatologia e venereologia.<\/p>\n\n\n\n<p>L\u2019obiettivo principale \u00e8 il riconoscimento precoce, la diagnosi corretta e il trattamento adeguato delle malattie della pelle e delle malattie sessualmente trasmissibili. Siccome i pazienti non percepiscono le modifiche della pelle solo come una malattia, ma anche come un problema estetico che pu\u00f2 avere un impatto significativo sulla salute mentale e sulla qualit\u00e0 della vita, \u00e8 essenziale iniziare il trattamento adeguato quanto prima.<\/p>\n\n\n            <div class=\"block-accordion-wrap\">\r\n                    <div class=\"block-accordion-item\" id=\"block-accordion-item-1\">\r\n                <div class=\"block-accordion-title closed\">\r\n                    <h2>VISITE SPECIALISTICHE PER BAMBINI E ADULTI<\/h2><\/div>\r\n                <div class=\"block-accordion-content\"\r\n                     style=\"display: none;\"><ul>\n<li>Malattie allergiche e non allergiche \/ reazioni di ipersensibilit\u00e0 \/ della pelle<br \/>\nMalattie autoimmuni della pelle<br \/>\nAcne e altre malattie delle ghiandole sebacee<br \/>\nMalattie delle ghiandole sudoripare<br \/>\nMalattie dei capelli, dei follicoli piliferi e del cuoio capelluto<br \/>\nMalattie delle unghie<br \/>\nDermatologia pediatrica (malattie della pelle dell\u2019et\u00e0 pediatrica)<br \/>\nPsoriasi<br \/>\nDisturbi della pigmentazione<br \/>\nInfezioni della pelle<br \/>\nControlli preventivi dei nei e prevenzione del melanoma maligno<br \/>\nPrecancerosi e tumori cutanei non melanomatosi<br \/>\nMalattie sessualmente trasmissibili<br \/>\nMalattie del sistema circolatorio e linfatico<\/li>\n<\/ul>\n<\/div>\r\n                <div style=\"overflow: hidden;\"><\/div>\r\n            <\/div>\r\n                                <div class=\"block-accordion-item\" id=\"block-accordion-item-2\">\r\n                <div class=\"block-accordion-title closed\">\r\n                    <h2>PROCEDURE DIAGNOSTICHE<\/h2><\/div>\r\n                <div class=\"block-accordion-content\"\r\n                     style=\"display: none;\"><p><!-- wp:list --><\/p>\n<ul>\n<li>La dermatoscopia digitale permette l\u2019esame approfondito dei nei e di altre lesioni cutanee, grazie all\u2019utilizzo del dermatoscopio digitale ad alta tecnologia FotoFinder. Questo dispositivo consente un ingrandimento da 20 a 140 volte, la fotodocumentazione dettagliata delle lesioni e un monitoraggio sicuro. Si tratta una metodologia rivoluzionaria che consente l\u2019individuazione precoce del melanoma e di altri tumori della pelle.<br \/>\nBiopsia cutanea (o escissione completa) in anestesia locale, eseguita al fine di confermare la diagnosi attraverso analisi istopatologica e immunoistochimica.<br \/>\nPrelievo di campioni per l\u2019identificazione microscopica di patogeni e la coltura di batteri e funghi (tamponi cutanei e mucosi, raschiati di pelle e unghie)<\/p>\n<p>Diagnostica allergologica<br \/>\nTest prick per allergeni inalatori e alimentari<br \/>\nPatch test (epicutaneo) per l\u2019individuazione di allergie da contatto, con serie standard e integrative di allergeni.<br \/>\nEsami di laboratorio per la misurazione delle IgE totali e delle IgE specifiche.<br \/>\nDiagnosi delle malattie dei capelli<br \/>\nLuce di Wood (infezioni fungine)<br \/>\nDermatoscopia del cuoio capelluto<br \/>\nTricogramma digitale<br \/>\nTest genetico &#8211; Trichotest (Fagron)<br \/>\nDiagnostica flebologica<br \/>\nL\u2019ecodoppler delle vene delle gambe \u00e8 un esame ecografico delle vene del bacino e delle gambe, mediante il quale si ottengono informazioni sulla perviet\u00e0 delle vene, sulla presenza di eventuali trombi nelle vene e sullo stadio delle vene varicose.<br \/>\nDiagnostica delle malattie sessualmente trasmissibili<br \/>\nTipizzazione del HPV, test anti-HIV, VDRL, TPHA, tamponi diagnostici.<\/li>\n<\/ul>\n<p><!-- \/wp:list --><\/p>\n<\/div>\r\n                <div style=\"overflow: hidden;\"><\/div>\r\n            <\/div>\r\n                                <div class=\"block-accordion-item\" id=\"block-accordion-item-3\">\r\n                <div class=\"block-accordion-title closed\">\r\n                    <h2>PROCEDURE TERAPEUTICHE<\/h2><\/div>\r\n                <div class=\"block-accordion-content\"\r\n                     style=\"display: none;\"><p>Effettuiamo il trattamento di tutte le malattie e condizioni della pelle, del cuoio capelluto e delle unghie. Il nostro qualificato team di dermatologi utilizza trattamenti basati sulle pi\u00f9 recenti evidenze scientifiche e su tecnologie e terapie validate.<\/p>\n<p>Utilizziamo metodi collaudati di dermatologia estetica che consentono di ottenere una pelle bella, sana e dall\u2019aspetto pi\u00f9 giovane, grazie a procedure minimamente invasive.<\/p>\n<\/div>\r\n                <div style=\"overflow: hidden;\"><\/div>\r\n            <\/div>\r\n                                <div class=\"block-accordion-item\" id=\"block-accordion-item-4\">\r\n                <div class=\"block-accordion-title closed\">\r\n                    <h2>MEDICINA ESTETICA E DERMATOLOGIA ESTETICA<\/h2><\/div>\r\n                <div class=\"block-accordion-content\"\r\n                     style=\"display: none;\"><ul>\n<li>Peeling chimici medicali<br \/>\nMesoterapia<br \/>\nDermapen<br \/>\nFiller a base di acido ialuronico \/Restylane, Juvederm, Luminera, Hyabel\u2026\/<br \/>\nCystalys filler biostimolante, completamente biocompatibile e biodegradabile composto da acido ialuronico e idrossiapatite di calcio<br \/>\nProfhilo innovativo prodotto 3 in 1, preparato che agisce come filler ialuronico, skin booster e mesoterapia in uno<br \/>\nTossina botulinica per il trattamento dell\u2019iperidrosi e la correzione delle rughe (Botox, Vistabel, Bocouture)<br \/>\nPRP (plasma ricco di piastrine) \u2013 ringiovanimento con il proprio plasma<br \/>\nPRP cuoio capelluto<br \/>\nTrattamenti laser Cutera CoolGlide Nd:YAG 1064nm, Cutera Er:YSGG 2790 nm<br \/>\nRiduzione permanente della peluria del viso e del corpo<br \/>\nTerapia della follicolite<br \/>\nCoagulazione laser \u2013 rimozione delle alterazioni vascolari su viso e corpo<br \/>\nTrattamenti laser ablativi (Cutera-Laser Pearl)<br \/>\nTrattamenti laser non ablativi (Cutera \u2013Laser Genesis)<br \/>\nDermatochirurgia<br \/>\nAsportazione chirurgica di nei, tumori cutanei benigni e maligni<br \/>\nFlebologia<br \/>\nScleroterapia di capillari e vene delle gambe<br \/>\nUGFS \u2013 scleroterapia con schiuma sotto guida ecografica<br \/>\nTrattamento dell\u2019ulcera venosa cronica<br \/>\nAltri trattamenti terapeutici<br \/>\nCrioterapia con azoto liquido<br \/>\nElettrocauterizzazione delle escrescenze cutanee benigne<br \/>\nEscissione (curettage) di piccole lesioni cutanee con cucchiaio tagliente<br \/>\nTerapia intralesionale dei cheloidi<br \/>\nCorrezione delle smagliature<br \/>\nCorrezione delle cicatrici<\/li>\n<\/ul>\n<\/div>\r\n                <div style=\"overflow: hidden;\"><\/div>\r\n            <\/div>\r\n                        <\/div>\r\n","protected":false},"excerpt":{"rendered":"<p>La dermatovenerologia \u00e8 una disciplina scientifica che tratta le malattie della pelle e le malattie sessualmente trasmissibili. La pelle \u00e8&#8230;<\/p>\n","protected":false},"author":1,"featured_media":11800,"parent":11400,"menu_order":0,"comment_status":"closed","ping_status":"closed","template":"service-single.php","meta":{"_acf_changed":false,"footnotes":""},"class_list":["post-11798","page","type-page","status-publish","has-post-thumbnail","hentry"],"acf":[],"yoast_head":"<!-- This site is optimized with the Yoast SEO plugin v27.5 - https:\/\/yoast.com\/product\/yoast-seo-wordpress\/ -->\n<title>Dermatologia e venereologia | Ospedale Specialistico Medico<\/title>\n<meta name=\"description\" content=\"La dermatovenerologia \u00e8 una disciplina scientifica che tratta le malattie della pelle e le malattie sessualmente trasmissibili. La pelle \u00e8 un organo\" \/>\n<meta name=\"robots\" content=\"index, follow, max-snippet:-1, max-image-preview:large, max-video-preview:-1\" \/>\n<link rel=\"canonical\" href=\"https:\/\/www.medico.hr\/it\/attivita\/dermatologia-e-venereologia\/\" \/>\n<meta property=\"og:locale\" content=\"it_IT\" \/>\n<meta property=\"og:type\" content=\"article\" \/>\n<meta property=\"og:title\" content=\"Dermatologia e venereologia | Ospedale Specialistico Medico\" \/>\n<meta property=\"og:description\" content=\"La dermatovenerologia \u00e8 una disciplina scientifica che tratta le malattie della pelle e le malattie sessualmente trasmissibili. La pelle \u00e8 un organo\" \/>\n<meta property=\"og:url\" content=\"https:\/\/www.medico.hr\/it\/attivita\/dermatologia-e-venereologia\/\" \/>\n<meta property=\"og:site_name\" content=\"Ospedale Specialistico Medico\" \/>\n<meta property=\"article:modified_time\" content=\"2025-07-30T10:47:30+00:00\" \/>\n<meta property=\"og:image\" content=\"https:\/\/www.medico.hr\/wp-content\/uploads\/2019\/01\/drm2.jpg\" \/>\n\t<meta property=\"og:image:width\" content=\"1200\" \/>\n\t<meta property=\"og:image:height\" content=\"801\" \/>\n\t<meta property=\"og:image:type\" content=\"image\/jpeg\" \/>\n<meta name=\"twitter:card\" content=\"summary_large_image\" \/>\n<meta name=\"twitter:label1\" content=\"Tempo di lettura stimato\" \/>\n\t<meta name=\"twitter:data1\" content=\"1 minuto\" \/>\n<script type=\"application\/ld+json\" class=\"yoast-schema-graph\">{\"@context\":\"https:\\\/\\\/schema.org\",\"@graph\":[{\"@type\":\"WebPage\",\"@id\":\"https:\\\/\\\/www.medico.hr\\\/it\\\/attivita\\\/dermatologia-e-venereologia\\\/\",\"url\":\"https:\\\/\\\/www.medico.hr\\\/it\\\/attivita\\\/dermatologia-e-venereologia\\\/\",\"name\":\"Dermatologia e venereologia | Ospedale Specialistico Medico\",\"isPartOf\":{\"@id\":\"https:\\\/\\\/www.medico.hr\\\/it\\\/#website\"},\"primaryImageOfPage\":{\"@id\":\"https:\\\/\\\/www.medico.hr\\\/it\\\/attivita\\\/dermatologia-e-venereologia\\\/#primaryimage\"},\"image\":{\"@id\":\"https:\\\/\\\/www.medico.hr\\\/it\\\/attivita\\\/dermatologia-e-venereologia\\\/#primaryimage\"},\"thumbnailUrl\":\"https:\\\/\\\/www.medico.hr\\\/wp-content\\\/uploads\\\/2019\\\/01\\\/drm2.jpg\",\"datePublished\":\"2019-01-21T13:32:20+00:00\",\"dateModified\":\"2025-07-30T10:47:30+00:00\",\"description\":\"La dermatovenerologia \u00e8 una disciplina scientifica che tratta le malattie della pelle e le malattie sessualmente trasmissibili. La pelle \u00e8 un organo\",\"breadcrumb\":{\"@id\":\"https:\\\/\\\/www.medico.hr\\\/it\\\/attivita\\\/dermatologia-e-venereologia\\\/#breadcrumb\"},\"inLanguage\":\"it-IT\",\"potentialAction\":[{\"@type\":\"ReadAction\",\"target\":[\"https:\\\/\\\/www.medico.hr\\\/it\\\/attivita\\\/dermatologia-e-venereologia\\\/\"]}]},{\"@type\":\"ImageObject\",\"inLanguage\":\"it-IT\",\"@id\":\"https:\\\/\\\/www.medico.hr\\\/it\\\/attivita\\\/dermatologia-e-venereologia\\\/#primaryimage\",\"url\":\"https:\\\/\\\/www.medico.hr\\\/wp-content\\\/uploads\\\/2019\\\/01\\\/drm2.jpg\",\"contentUrl\":\"https:\\\/\\\/www.medico.hr\\\/wp-content\\\/uploads\\\/2019\\\/01\\\/drm2.jpg\",\"width\":1200,\"height\":801},{\"@type\":\"BreadcrumbList\",\"@id\":\"https:\\\/\\\/www.medico.hr\\\/it\\\/attivita\\\/dermatologia-e-venereologia\\\/#breadcrumb\",\"itemListElement\":[{\"@type\":\"ListItem\",\"position\":1,\"name\":\"Po\u010detna\",\"item\":\"https:\\\/\\\/www.medico.hr\\\/it\\\/\"},{\"@type\":\"ListItem\",\"position\":2,\"name\":\"Attivit\u00e0\",\"item\":\"https:\\\/\\\/www.medico.hr\\\/it\\\/attivita\\\/\"},{\"@type\":\"ListItem\",\"position\":3,\"name\":\"Dermatologia e venereologia\"}]},{\"@type\":\"WebSite\",\"@id\":\"https:\\\/\\\/www.medico.hr\\\/it\\\/#website\",\"url\":\"https:\\\/\\\/www.medico.hr\\\/it\\\/\",\"name\":\"Specijalna bolnica Medico\",\"description\":\"In un solo giorno, in un solo luogo\",\"publisher\":{\"@id\":\"https:\\\/\\\/www.medico.hr\\\/it\\\/#organization\"},\"potentialAction\":[{\"@type\":\"SearchAction\",\"target\":{\"@type\":\"EntryPoint\",\"urlTemplate\":\"https:\\\/\\\/www.medico.hr\\\/it\\\/?s={search_term_string}\"},\"query-input\":{\"@type\":\"PropertyValueSpecification\",\"valueRequired\":true,\"valueName\":\"search_term_string\"}}],\"inLanguage\":\"it-IT\"},{\"@type\":\"Organization\",\"@id\":\"https:\\\/\\\/www.medico.hr\\\/it\\\/#organization\",\"name\":\"Specijalna bolnica Medico\",\"url\":\"https:\\\/\\\/www.medico.hr\\\/it\\\/\",\"logo\":{\"@type\":\"ImageObject\",\"inLanguage\":\"it-IT\",\"@id\":\"https:\\\/\\\/www.medico.hr\\\/it\\\/#\\\/schema\\\/logo\\\/image\\\/\",\"url\":\"https:\\\/\\\/www.medico.hr\\\/wp-content\\\/uploads\\\/2022\\\/03\\\/logo-medico.png\",\"contentUrl\":\"https:\\\/\\\/www.medico.hr\\\/wp-content\\\/uploads\\\/2022\\\/03\\\/logo-medico.png\",\"width\":391,\"height\":101,\"caption\":\"Specijalna bolnica Medico\"},\"image\":{\"@id\":\"https:\\\/\\\/www.medico.hr\\\/it\\\/#\\\/schema\\\/logo\\\/image\\\/\"}}]}<\/script>\n<!-- \/ Yoast SEO plugin. -->","yoast_head_json":{"title":"Dermatologia e venereologia | Ospedale Specialistico Medico","description":"La dermatovenerologia \u00e8 una disciplina scientifica che tratta le malattie della pelle e le malattie sessualmente trasmissibili. La pelle \u00e8 un organo","robots":{"index":"index","follow":"follow","max-snippet":"max-snippet:-1","max-image-preview":"max-image-preview:large","max-video-preview":"max-video-preview:-1"},"canonical":"https:\/\/www.medico.hr\/it\/attivita\/dermatologia-e-venereologia\/","og_locale":"it_IT","og_type":"article","og_title":"Dermatologia e venereologia | Ospedale Specialistico Medico","og_description":"La dermatovenerologia \u00e8 una disciplina scientifica che tratta le malattie della pelle e le malattie sessualmente trasmissibili. La pelle \u00e8 un organo","og_url":"https:\/\/www.medico.hr\/it\/attivita\/dermatologia-e-venereologia\/","og_site_name":"Ospedale Specialistico Medico","article_modified_time":"2025-07-30T10:47:30+00:00","og_image":[{"width":1200,"height":801,"url":"https:\/\/www.medico.hr\/wp-content\/uploads\/2019\/01\/drm2.jpg","type":"image\/jpeg"}],"twitter_card":"summary_large_image","twitter_misc":{"Tempo di lettura stimato":"1 minuto"},"schema":{"@context":"https:\/\/schema.org","@graph":[{"@type":"WebPage","@id":"https:\/\/www.medico.hr\/it\/attivita\/dermatologia-e-venereologia\/","url":"https:\/\/www.medico.hr\/it\/attivita\/dermatologia-e-venereologia\/","name":"Dermatologia e venereologia | Ospedale Specialistico Medico","isPartOf":{"@id":"https:\/\/www.medico.hr\/it\/#website"},"primaryImageOfPage":{"@id":"https:\/\/www.medico.hr\/it\/attivita\/dermatologia-e-venereologia\/#primaryimage"},"image":{"@id":"https:\/\/www.medico.hr\/it\/attivita\/dermatologia-e-venereologia\/#primaryimage"},"thumbnailUrl":"https:\/\/www.medico.hr\/wp-content\/uploads\/2019\/01\/drm2.jpg","datePublished":"2019-01-21T13:32:20+00:00","dateModified":"2025-07-30T10:47:30+00:00","description":"La dermatovenerologia \u00e8 una disciplina scientifica che tratta le malattie della pelle e le malattie sessualmente trasmissibili. La pelle \u00e8 un organo","breadcrumb":{"@id":"https:\/\/www.medico.hr\/it\/attivita\/dermatologia-e-venereologia\/#breadcrumb"},"inLanguage":"it-IT","potentialAction":[{"@type":"ReadAction","target":["https:\/\/www.medico.hr\/it\/attivita\/dermatologia-e-venereologia\/"]}]},{"@type":"ImageObject","inLanguage":"it-IT","@id":"https:\/\/www.medico.hr\/it\/attivita\/dermatologia-e-venereologia\/#primaryimage","url":"https:\/\/www.medico.hr\/wp-content\/uploads\/2019\/01\/drm2.jpg","contentUrl":"https:\/\/www.medico.hr\/wp-content\/uploads\/2019\/01\/drm2.jpg","width":1200,"height":801},{"@type":"BreadcrumbList","@id":"https:\/\/www.medico.hr\/it\/attivita\/dermatologia-e-venereologia\/#breadcrumb","itemListElement":[{"@type":"ListItem","position":1,"name":"Po\u010detna","item":"https:\/\/www.medico.hr\/it\/"},{"@type":"ListItem","position":2,"name":"Attivit\u00e0","item":"https:\/\/www.medico.hr\/it\/attivita\/"},{"@type":"ListItem","position":3,"name":"Dermatologia e venereologia"}]},{"@type":"WebSite","@id":"https:\/\/www.medico.hr\/it\/#website","url":"https:\/\/www.medico.hr\/it\/","name":"Specijalna bolnica Medico","description":"In un solo giorno, in un solo luogo","publisher":{"@id":"https:\/\/www.medico.hr\/it\/#organization"},"potentialAction":[{"@type":"SearchAction","target":{"@type":"EntryPoint","urlTemplate":"https:\/\/www.medico.hr\/it\/?s={search_term_string}"},"query-input":{"@type":"PropertyValueSpecification","valueRequired":true,"valueName":"search_term_string"}}],"inLanguage":"it-IT"},{"@type":"Organization","@id":"https:\/\/www.medico.hr\/it\/#organization","name":"Specijalna bolnica Medico","url":"https:\/\/www.medico.hr\/it\/","logo":{"@type":"ImageObject","inLanguage":"it-IT","@id":"https:\/\/www.medico.hr\/it\/#\/schema\/logo\/image\/","url":"https:\/\/www.medico.hr\/wp-content\/uploads\/2022\/03\/logo-medico.png","contentUrl":"https:\/\/www.medico.hr\/wp-content\/uploads\/2022\/03\/logo-medico.png","width":391,"height":101,"caption":"Specijalna bolnica Medico"},"image":{"@id":"https:\/\/www.medico.hr\/it\/#\/schema\/logo\/image\/"}}]}},"_links":{"self":[{"href":"https:\/\/www.medico.hr\/it\/wp-json\/wp\/v2\/pages\/11798","targetHints":{"allow":["GET"]}}],"collection":[{"href":"https:\/\/www.medico.hr\/it\/wp-json\/wp\/v2\/pages"}],"about":[{"href":"https:\/\/www.medico.hr\/it\/wp-json\/wp\/v2\/types\/page"}],"author":[{"embeddable":true,"href":"https:\/\/www.medico.hr\/it\/wp-json\/wp\/v2\/users\/1"}],"replies":[{"embeddable":true,"href":"https:\/\/www.medico.hr\/it\/wp-json\/wp\/v2\/comments?post=11798"}],"version-history":[{"count":2,"href":"https:\/\/www.medico.hr\/it\/wp-json\/wp\/v2\/pages\/11798\/revisions"}],"predecessor-version":[{"id":11802,"href":"https:\/\/www.medico.hr\/it\/wp-json\/wp\/v2\/pages\/11798\/revisions\/11802"}],"up":[{"embeddable":true,"href":"https:\/\/www.medico.hr\/it\/wp-json\/wp\/v2\/pages\/11400"}],"wp:featuredmedia":[{"embeddable":true,"href":"https:\/\/www.medico.hr\/it\/wp-json\/wp\/v2\/media\/11800"}],"wp:attachment":[{"href":"https:\/\/www.medico.hr\/it\/wp-json\/wp\/v2\/media?parent=11798"}],"curies":[{"name":"wp","href":"https:\/\/api.w.org\/{rel}","templated":true}]}}