{"id":11813,"date":"2019-01-28T02:28:44","date_gmt":"2019-01-28T01:28:44","guid":{"rendered":"https:\/\/www.medico.hr\/?page_id=11813"},"modified":"2025-07-30T12:55:38","modified_gmt":"2025-07-30T10:55:38","slug":"ginecologia-e-ostetricia","status":"publish","type":"page","link":"https:\/\/www.medico.hr\/it\/attivita\/ginecologia-e-ostetricia\/","title":{"rendered":"Ginecologia e ostetricia"},"content":{"rendered":"\n<p class=\"is-style-intro\">La ginecologia e l\u2019ostetricia sono due specialit\u00e0 medico-chirurgiche dedicate alla prevenzione, diagnosi e cura delle patologie degli organi riproduttivi femminili e alla gestione della gravidanza.<\/p>\n\n\n\n<p>La ginecologia \u00e8 la branca della medicina che si dedica alla salute del sistema riproduttivo femminile (vulva, vagina, utero, tube di Falloppio e ovaie). L\u2019ostetricia \u00e8 una specialit\u00e0 medica dedicata all\u2019assistenza del sistema riproduttivo femminile e alla cura del neonato durante la gravidanza (periodo prenatale), il parto e il periodo postnatale.<\/p>\n\n\n\n<p>Le sottospecialit\u00e0 di questa disciplina medica comprendono l\u2019ostetricia e la medicina fetale, l\u2019oncologia ginecologica, l\u2019uroginecologia e la medicina della riproduzione.<\/p>\n\n\n\n<p>Presso l\u2019Ospedale specialistico Medico, potete ricevere, in un unico luogo, risposte a tutte le vostre domande relative a queste tematiche.<\/p>\n\n\n\n<p>La professionalit\u00e0, l\u2019esperienza e le qualit\u00e0 umane dei nostri medici, insieme a un approccio dettagliato e personalizzato per ogni paziente, l\u2019utilizzo di tecnologie mediche all\u2019avanguardia e un ambiente accogliente, assicurano una diagnosi accurata e un trattamento efficace. Il successo dell\u2019approccio medico e la soddisfazione dei nostri pazienti sono la priorit\u00e0 del nostro staff.<\/p>\n\n\n\n<p>Il percorso di cura presso l\u2019Ospedale Specialistico Medico ha inizio con un\u2019accurata visita e l\u2019impiego di metodiche diagnostiche all\u2019avanguardia. Dopo aver stabilito la diagnosi, si avvia il trattamento, che pu\u00f2 essere conservativo o chirurgico a seconda del caso, con particolare attenzione a procedure minimamente invasive volte a ridurre il dolore e il disagio del paziente, accelerare il recupero e ridurre la permanenza in ospedale. A disposizione vi \u00e8 a disposizione un\u2019equipaggiamento medico all\u2019avanguardia, che comprende chirurgia tradizionale, diatermica e laser, interventi ricostruttivi in ginecologia, l\u2019utilizzo di moderne tecniche isteroscopiche e laparoscopiche, endoscopie, nonch\u00e9 interventi chirurgici classici vaginali e laparotomici in ginecologia.<\/p>\n\n\n\n<p>Il monitoraggio della gravidanza si effettua utilizzando i pi\u00f9 moderni metodi diagnostici che, insieme al personale medico professionale, garantiscono un\u2019elevata qualit\u00e0 delle prestazioni sanitarie.<\/p>\n\n\n\n<p>Trattamento e consulenza per:<br>adolescenti<br>contraccezione (estrazione e inserimento di dispositivi intrauterini)<br>sterilit\u00e0 coniugale (follicolometria, esame della perviet\u00e0 delle tube di Falloppio)<br>donne in gravidanza: gestione della gravidanza, registrazione delle ecografie delle donne in gravidanza su DVD, cardiotocografia (CTG)<br>alterazioni in premenopausa e postmenopausa (TOS)<br>incontinenza (rimozione e inserimento di ovuli)<br>problemi oncologici<\/p>\n\n\n            <div class=\"block-accordion-wrap\">\r\n                    <div class=\"block-accordion-item\" id=\"block-accordion-item-1\">\r\n                <div class=\"block-accordion-title closed\">\r\n                    <h2>RILEVAZIONE E TRATTAMENTO DELLE MALATTIE DEGLI ORGANI SESSUALI<\/h2><\/div>\r\n                <div class=\"block-accordion-content\"\r\n                     style=\"display: none;\"><ul>\n<li>Visita ginecologica generale<br \/>\nPrelievo di tamponi per diagnosi citologica, batteriologica e virologica<br \/>\nAerobi, anaerobi, diagnosi micologica, pannello MST, pannello ulcere, pannello vaginosi batterica, diagnosi HPV<br \/>\nVideovulvoscopia e videocolposcopia (con biopsia delle lesioni)<br \/>\nEsami ecografici (transvaginale \u2013 TVS \u2013 e transaddominale \u2013 TAS \u2013 con\/senza Color Doppler \u2013 CD)<br \/>\nInterventi chirurgici in anestesia locale e generale con esame citologico e istologico dei campioni prelevati presso l\u2019Ospedale Specialistico Medico.<\/li>\n<\/ul>\n<\/div>\r\n                <div style=\"overflow: hidden;\"><\/div>\r\n            <\/div>\r\n                                <div class=\"block-accordion-item\" id=\"block-accordion-item-2\">\r\n                <div class=\"block-accordion-title closed\">\r\n                    <h2>INTERVENTI CHIRURGICI<\/h2><\/div>\r\n                <div class=\"block-accordion-content\"\r\n                     style=\"display: none;\"><ul>\n<li>Biopsie e incisioni di vulva, perineo, vagina, cervice uterina, endometrio (biopsie intraoperatorie)<br \/>\nLLETZ, conizzazione, amputazione della cervice uterina<br \/>\nMarsupializzazione<br \/>\nRevisione cavitaria a scopo diagnostico<br \/>\nIsteroscopia (diagnostica e operativa ambulatoriale; isteroresettoscopia \u2013 rimozione di polipi, miomi e altre patologie)<br \/>\nLabioplastica<br \/>\nInterventi laparoscopici (diagnostici e operativi \u2013 interventi sull\u2019utero: miomectomia, isterectomia; interventi sugli annessi: cisti e tumori ovarici; trattamento chirurgico dell\u2019endometriosi)<br \/>\nLaparotomie (interventi chirurgici su utero e annessi)<br \/>\nInterventi vaginali (isterectomia vaginale, chirurgia correttiva dei difetti del pavimento pelvico, trachelectomia semplice e radicale)<br \/>\nInterventi oncologici (su richiesta)<br \/>\nChirurgia laser in ginecologia<\/li>\n<\/ul>\n<\/div>\r\n                <div style=\"overflow: hidden;\"><\/div>\r\n            <\/div>\r\n                        <\/div>\r\n\n\n\n<p>Il monitoraggio della gravidanza viene effettuato con i metodi standard di monitoraggio della gravidanza utilizzando tecniche moderne: UTZ 4d, registrazione Doppler a colori, cardiotocografia e test prenatale Panorama.<\/p>\n\n\n\n<p>(Il test prenatale Panorama \u00e8 un test prenatale non invasivo che determina il rischio di sindrome di Down con elevata affidabilit\u00e0. Il test \u00e8 semplice e prevede il prelievo di un campione di sangue dalla donna incinta a partire dalla decima settimana di gravidanza. Il test non presenta alcun rischio per la gravidanza.)<\/p>\n\n\n\n<p>Tutti i dipendenti sono guidati da elevati principi etici e migliorano costantemente, seguendo in tal modo i progressi della ginecologia e dell\u2019ostetricia, contribuendo a una cura migliore e pi\u00f9 completa della salute delle donne.<\/p>\n","protected":false},"excerpt":{"rendered":"<p>La ginecologia e l\u2019ostetricia sono due specialit\u00e0 medico-chirurgiche dedicate alla prevenzione, diagnosi e cura delle patologie degli organi riproduttivi femminili&#8230;<\/p>\n","protected":false},"author":1,"featured_media":11816,"parent":11400,"menu_order":0,"comment_status":"closed","ping_status":"closed","template":"service-single.php","meta":{"_acf_changed":false,"footnotes":""},"class_list":["post-11813","page","type-page","status-publish","has-post-thumbnail","hentry"],"acf":[],"yoast_head":"<!-- This site is optimized with the Yoast SEO plugin v27.5 - https:\/\/yoast.com\/product\/yoast-seo-wordpress\/ -->\n<title>Ginecologia e ostetricia | Ospedale Specialistico Medico<\/title>\n<meta name=\"description\" content=\"La ginecologia e l\u2019ostetricia sono due specialit\u00e0 medico-chirurgiche dedicate alla prevenzione, diagnosi e cura delle patologie degli organi riproduttivi\" \/>\n<meta name=\"robots\" content=\"index, follow, max-snippet:-1, max-image-preview:large, max-video-preview:-1\" \/>\n<link rel=\"canonical\" href=\"https:\/\/www.medico.hr\/it\/attivita\/ginecologia-e-ostetricia\/\" \/>\n<meta property=\"og:locale\" content=\"it_IT\" \/>\n<meta property=\"og:type\" content=\"article\" \/>\n<meta property=\"og:title\" content=\"Ginecologia e ostetricia | Ospedale Specialistico Medico\" \/>\n<meta property=\"og:description\" content=\"La ginecologia e l\u2019ostetricia sono due specialit\u00e0 medico-chirurgiche dedicate alla prevenzione, diagnosi e cura delle patologie degli organi riproduttivi\" \/>\n<meta property=\"og:url\" content=\"https:\/\/www.medico.hr\/it\/attivita\/ginecologia-e-ostetricia\/\" \/>\n<meta property=\"og:site_name\" content=\"Ospedale Specialistico Medico\" \/>\n<meta property=\"article:modified_time\" content=\"2025-07-30T10:55:38+00:00\" \/>\n<meta property=\"og:image\" content=\"https:\/\/www.medico.hr\/wp-content\/uploads\/2019\/02\/ginekologija.jpg\" \/>\n\t<meta property=\"og:image:width\" content=\"1200\" \/>\n\t<meta property=\"og:image:height\" content=\"675\" \/>\n\t<meta property=\"og:image:type\" content=\"image\/jpeg\" \/>\n<meta name=\"twitter:card\" content=\"summary_large_image\" \/>\n<meta name=\"twitter:label1\" content=\"Tempo di lettura stimato\" \/>\n\t<meta name=\"twitter:data1\" content=\"2 minuti\" \/>\n<script type=\"application\/ld+json\" class=\"yoast-schema-graph\">{\"@context\":\"https:\\\/\\\/schema.org\",\"@graph\":[{\"@type\":\"WebPage\",\"@id\":\"https:\\\/\\\/www.medico.hr\\\/it\\\/attivita\\\/ginecologia-e-ostetricia\\\/\",\"url\":\"https:\\\/\\\/www.medico.hr\\\/it\\\/attivita\\\/ginecologia-e-ostetricia\\\/\",\"name\":\"Ginecologia e ostetricia | Ospedale Specialistico Medico\",\"isPartOf\":{\"@id\":\"https:\\\/\\\/www.medico.hr\\\/it\\\/#website\"},\"primaryImageOfPage\":{\"@id\":\"https:\\\/\\\/www.medico.hr\\\/it\\\/attivita\\\/ginecologia-e-ostetricia\\\/#primaryimage\"},\"image\":{\"@id\":\"https:\\\/\\\/www.medico.hr\\\/it\\\/attivita\\\/ginecologia-e-ostetricia\\\/#primaryimage\"},\"thumbnailUrl\":\"https:\\\/\\\/www.medico.hr\\\/wp-content\\\/uploads\\\/2019\\\/02\\\/ginekologija.jpg\",\"datePublished\":\"2019-01-28T01:28:44+00:00\",\"dateModified\":\"2025-07-30T10:55:38+00:00\",\"description\":\"La ginecologia e l\u2019ostetricia sono due specialit\u00e0 medico-chirurgiche dedicate alla prevenzione, diagnosi e cura delle patologie degli organi riproduttivi\",\"breadcrumb\":{\"@id\":\"https:\\\/\\\/www.medico.hr\\\/it\\\/attivita\\\/ginecologia-e-ostetricia\\\/#breadcrumb\"},\"inLanguage\":\"it-IT\",\"potentialAction\":[{\"@type\":\"ReadAction\",\"target\":[\"https:\\\/\\\/www.medico.hr\\\/it\\\/attivita\\\/ginecologia-e-ostetricia\\\/\"]}]},{\"@type\":\"ImageObject\",\"inLanguage\":\"it-IT\",\"@id\":\"https:\\\/\\\/www.medico.hr\\\/it\\\/attivita\\\/ginecologia-e-ostetricia\\\/#primaryimage\",\"url\":\"https:\\\/\\\/www.medico.hr\\\/wp-content\\\/uploads\\\/2019\\\/02\\\/ginekologija.jpg\",\"contentUrl\":\"https:\\\/\\\/www.medico.hr\\\/wp-content\\\/uploads\\\/2019\\\/02\\\/ginekologija.jpg\",\"width\":1200,\"height\":675},{\"@type\":\"BreadcrumbList\",\"@id\":\"https:\\\/\\\/www.medico.hr\\\/it\\\/attivita\\\/ginecologia-e-ostetricia\\\/#breadcrumb\",\"itemListElement\":[{\"@type\":\"ListItem\",\"position\":1,\"name\":\"Po\u010detna\",\"item\":\"https:\\\/\\\/www.medico.hr\\\/it\\\/\"},{\"@type\":\"ListItem\",\"position\":2,\"name\":\"Attivit\u00e0\",\"item\":\"https:\\\/\\\/www.medico.hr\\\/it\\\/attivita\\\/\"},{\"@type\":\"ListItem\",\"position\":3,\"name\":\"Ginecologia e ostetricia\"}]},{\"@type\":\"WebSite\",\"@id\":\"https:\\\/\\\/www.medico.hr\\\/it\\\/#website\",\"url\":\"https:\\\/\\\/www.medico.hr\\\/it\\\/\",\"name\":\"Specijalna bolnica Medico\",\"description\":\"In un solo giorno, in un solo luogo\",\"publisher\":{\"@id\":\"https:\\\/\\\/www.medico.hr\\\/it\\\/#organization\"},\"potentialAction\":[{\"@type\":\"SearchAction\",\"target\":{\"@type\":\"EntryPoint\",\"urlTemplate\":\"https:\\\/\\\/www.medico.hr\\\/it\\\/?s={search_term_string}\"},\"query-input\":{\"@type\":\"PropertyValueSpecification\",\"valueRequired\":true,\"valueName\":\"search_term_string\"}}],\"inLanguage\":\"it-IT\"},{\"@type\":\"Organization\",\"@id\":\"https:\\\/\\\/www.medico.hr\\\/it\\\/#organization\",\"name\":\"Specijalna bolnica Medico\",\"url\":\"https:\\\/\\\/www.medico.hr\\\/it\\\/\",\"logo\":{\"@type\":\"ImageObject\",\"inLanguage\":\"it-IT\",\"@id\":\"https:\\\/\\\/www.medico.hr\\\/it\\\/#\\\/schema\\\/logo\\\/image\\\/\",\"url\":\"https:\\\/\\\/www.medico.hr\\\/wp-content\\\/uploads\\\/2022\\\/03\\\/logo-medico.png\",\"contentUrl\":\"https:\\\/\\\/www.medico.hr\\\/wp-content\\\/uploads\\\/2022\\\/03\\\/logo-medico.png\",\"width\":391,\"height\":101,\"caption\":\"Specijalna bolnica Medico\"},\"image\":{\"@id\":\"https:\\\/\\\/www.medico.hr\\\/it\\\/#\\\/schema\\\/logo\\\/image\\\/\"}}]}<\/script>\n<!-- \/ Yoast SEO plugin. -->","yoast_head_json":{"title":"Ginecologia e ostetricia | Ospedale Specialistico Medico","description":"La ginecologia e l\u2019ostetricia sono due specialit\u00e0 medico-chirurgiche dedicate alla prevenzione, diagnosi e cura delle patologie degli organi riproduttivi","robots":{"index":"index","follow":"follow","max-snippet":"max-snippet:-1","max-image-preview":"max-image-preview:large","max-video-preview":"max-video-preview:-1"},"canonical":"https:\/\/www.medico.hr\/it\/attivita\/ginecologia-e-ostetricia\/","og_locale":"it_IT","og_type":"article","og_title":"Ginecologia e ostetricia | Ospedale Specialistico Medico","og_description":"La ginecologia e l\u2019ostetricia sono due specialit\u00e0 medico-chirurgiche dedicate alla prevenzione, diagnosi e cura delle patologie degli organi riproduttivi","og_url":"https:\/\/www.medico.hr\/it\/attivita\/ginecologia-e-ostetricia\/","og_site_name":"Ospedale Specialistico Medico","article_modified_time":"2025-07-30T10:55:38+00:00","og_image":[{"width":1200,"height":675,"url":"https:\/\/www.medico.hr\/wp-content\/uploads\/2019\/02\/ginekologija.jpg","type":"image\/jpeg"}],"twitter_card":"summary_large_image","twitter_misc":{"Tempo di lettura stimato":"2 minuti"},"schema":{"@context":"https:\/\/schema.org","@graph":[{"@type":"WebPage","@id":"https:\/\/www.medico.hr\/it\/attivita\/ginecologia-e-ostetricia\/","url":"https:\/\/www.medico.hr\/it\/attivita\/ginecologia-e-ostetricia\/","name":"Ginecologia e ostetricia | Ospedale Specialistico Medico","isPartOf":{"@id":"https:\/\/www.medico.hr\/it\/#website"},"primaryImageOfPage":{"@id":"https:\/\/www.medico.hr\/it\/attivita\/ginecologia-e-ostetricia\/#primaryimage"},"image":{"@id":"https:\/\/www.medico.hr\/it\/attivita\/ginecologia-e-ostetricia\/#primaryimage"},"thumbnailUrl":"https:\/\/www.medico.hr\/wp-content\/uploads\/2019\/02\/ginekologija.jpg","datePublished":"2019-01-28T01:28:44+00:00","dateModified":"2025-07-30T10:55:38+00:00","description":"La ginecologia e l\u2019ostetricia sono due specialit\u00e0 medico-chirurgiche dedicate alla prevenzione, diagnosi e cura delle patologie degli organi riproduttivi","breadcrumb":{"@id":"https:\/\/www.medico.hr\/it\/attivita\/ginecologia-e-ostetricia\/#breadcrumb"},"inLanguage":"it-IT","potentialAction":[{"@type":"ReadAction","target":["https:\/\/www.medico.hr\/it\/attivita\/ginecologia-e-ostetricia\/"]}]},{"@type":"ImageObject","inLanguage":"it-IT","@id":"https:\/\/www.medico.hr\/it\/attivita\/ginecologia-e-ostetricia\/#primaryimage","url":"https:\/\/www.medico.hr\/wp-content\/uploads\/2019\/02\/ginekologija.jpg","contentUrl":"https:\/\/www.medico.hr\/wp-content\/uploads\/2019\/02\/ginekologija.jpg","width":1200,"height":675},{"@type":"BreadcrumbList","@id":"https:\/\/www.medico.hr\/it\/attivita\/ginecologia-e-ostetricia\/#breadcrumb","itemListElement":[{"@type":"ListItem","position":1,"name":"Po\u010detna","item":"https:\/\/www.medico.hr\/it\/"},{"@type":"ListItem","position":2,"name":"Attivit\u00e0","item":"https:\/\/www.medico.hr\/it\/attivita\/"},{"@type":"ListItem","position":3,"name":"Ginecologia e ostetricia"}]},{"@type":"WebSite","@id":"https:\/\/www.medico.hr\/it\/#website","url":"https:\/\/www.medico.hr\/it\/","name":"Specijalna bolnica Medico","description":"In un solo giorno, in un solo luogo","publisher":{"@id":"https:\/\/www.medico.hr\/it\/#organization"},"potentialAction":[{"@type":"SearchAction","target":{"@type":"EntryPoint","urlTemplate":"https:\/\/www.medico.hr\/it\/?s={search_term_string}"},"query-input":{"@type":"PropertyValueSpecification","valueRequired":true,"valueName":"search_term_string"}}],"inLanguage":"it-IT"},{"@type":"Organization","@id":"https:\/\/www.medico.hr\/it\/#organization","name":"Specijalna bolnica Medico","url":"https:\/\/www.medico.hr\/it\/","logo":{"@type":"ImageObject","inLanguage":"it-IT","@id":"https:\/\/www.medico.hr\/it\/#\/schema\/logo\/image\/","url":"https:\/\/www.medico.hr\/wp-content\/uploads\/2022\/03\/logo-medico.png","contentUrl":"https:\/\/www.medico.hr\/wp-content\/uploads\/2022\/03\/logo-medico.png","width":391,"height":101,"caption":"Specijalna bolnica Medico"},"image":{"@id":"https:\/\/www.medico.hr\/it\/#\/schema\/logo\/image\/"}}]}},"_links":{"self":[{"href":"https:\/\/www.medico.hr\/it\/wp-json\/wp\/v2\/pages\/11813","targetHints":{"allow":["GET"]}}],"collection":[{"href":"https:\/\/www.medico.hr\/it\/wp-json\/wp\/v2\/pages"}],"about":[{"href":"https:\/\/www.medico.hr\/it\/wp-json\/wp\/v2\/types\/page"}],"author":[{"embeddable":true,"href":"https:\/\/www.medico.hr\/it\/wp-json\/wp\/v2\/users\/1"}],"replies":[{"embeddable":true,"href":"https:\/\/www.medico.hr\/it\/wp-json\/wp\/v2\/comments?post=11813"}],"version-history":[{"count":1,"href":"https:\/\/www.medico.hr\/it\/wp-json\/wp\/v2\/pages\/11813\/revisions"}],"predecessor-version":[{"id":11817,"href":"https:\/\/www.medico.hr\/it\/wp-json\/wp\/v2\/pages\/11813\/revisions\/11817"}],"up":[{"embeddable":true,"href":"https:\/\/www.medico.hr\/it\/wp-json\/wp\/v2\/pages\/11400"}],"wp:featuredmedia":[{"embeddable":true,"href":"https:\/\/www.medico.hr\/it\/wp-json\/wp\/v2\/media\/11816"}],"wp:attachment":[{"href":"https:\/\/www.medico.hr\/it\/wp-json\/wp\/v2\/media?parent=11813"}],"curies":[{"name":"wp","href":"https:\/\/api.w.org\/{rel}","templated":true}]}}