{"id":11819,"date":"2019-01-28T14:33:00","date_gmt":"2019-01-28T13:33:00","guid":{"rendered":"https:\/\/www.medico.hr\/?page_id=11819"},"modified":"2025-07-30T12:57:16","modified_gmt":"2025-07-30T10:57:16","slug":"ematologia","status":"publish","type":"page","link":"https:\/\/www.medico.hr\/it\/attivita\/ematologia\/","title":{"rendered":"Ematologia"},"content":{"rendered":"\n<p class=\"is-style-intro\">L\u2019ematologia \u00e8 una branca della medicina interna che studia l\u2019apparato emopoietico, costituito dagli organi emopoietici e dalle cellule del sangue (eritrociti, leucociti e piastrine).<\/p>\n\n\n\n<p>L\u2019ematologia \u00e8 una branca della medicina complessa e stimolante che comprende una variet\u00e0 di patologie, da varie forme di tumore del sangue a disturbi emorragici come l\u2019emofilia. Sebbene la natura di queste malattie sia varia, la loro caratteristica comune \u00e8 un grave impatto sulla qualit\u00e0 della vita. Tra le numerose malattie ematologiche benigne, la pi\u00f9 comune \u00e8 l\u2019anemia, mentre tra quelle maligne la leucemia e il linfoma. Il tumore del sangue \u00e8 la quinta causa di morte per cancro pi\u00f9 comune al mondo; i tre tipi pi\u00f9 comuni di questo tumore sono: linfoma, leucemia e mieloma.<\/p>\n\n\n\n<p>Per diagnosticare e curare una malattia ematologica \u00e8 necessario sottoporsi a un esame ematologico eseguito da uno specialista in medicina interna, un ematologo, utilizzando dati anamnestici, un esame clinico e risultati di laboratorio.<\/p>\n\n\n\n<p>Durante l\u2019esame ematologico \u00e8 necessario prestare attenzione a:<\/p>\n\n\n\n<p>sintomi e segni: stanchezza, malessere, mancanza di respiro, brividi, febbre, infezioni frequenti e ricorrenti, sanguinamenti, comparsa spontanea di lividi\u2026<br>anamnesi personale<br>anamnesi familiare<br>linfonodi, fegato e milza<br>farmaci<br>abitudini di vita<\/p>\n\n\n\n<p>Presso l\u2019Ospedale Specialistico Medico, i pazienti con sospetta o gi\u00e0 confermata diagnosi di:<\/p>\n\n\n\n<p>anemie (diverse forme di anemia)<br>disturbi della coagulazione ereditari o acquisiti<br>sospetto di stato trombofilico (persone con tendenza alla trombosi)<br>presenza di fattori ereditari e\/o acquisiti di trombofilia in gravidanza<br>malattie mieloproliferative \/ mielodisplasie<br>leucemie (acute e croniche)<br>linfomi<br>mieloma multiplo<br>numero aumentato o diminuito di leucociti, piastrine<br>linfonodi ingrossati, milza ingrossata<\/p>\n\n\n\n<p>possono effettuare una visita specialistica, ottenere un secondo parere, consultazioni sul percorso diagnostico, sull\u2019approccio terapeutico, sul trattamento di supporto e sulla gestione del paziente con complicanze della malattia.<\/p>\n","protected":false},"excerpt":{"rendered":"<p>L\u2019ematologia \u00e8 una branca della medicina interna che studia l\u2019apparato emopoietico, costituito dagli organi emopoietici e dalle cellule del sangue&#8230;<\/p>\n","protected":false},"author":1,"featured_media":11821,"parent":11400,"menu_order":0,"comment_status":"closed","ping_status":"closed","template":"service-single.php","meta":{"_acf_changed":false,"footnotes":""},"class_list":["post-11819","page","type-page","status-publish","has-post-thumbnail","hentry"],"acf":[],"yoast_head":"<!-- This site is optimized with the Yoast SEO plugin v27.5 - https:\/\/yoast.com\/product\/yoast-seo-wordpress\/ -->\n<title>Ematologia | Ospedale Specialistico Medico<\/title>\n<meta name=\"description\" content=\"L\u2019ematologia \u00e8 una branca della medicina interna che studia l\u2019apparato emopoietico, costituito dagli organi emopoietici e dalle cellule del sangue\" \/>\n<meta name=\"robots\" content=\"index, follow, max-snippet:-1, max-image-preview:large, max-video-preview:-1\" \/>\n<link rel=\"canonical\" href=\"https:\/\/www.medico.hr\/it\/attivita\/ematologia\/\" \/>\n<meta property=\"og:locale\" content=\"it_IT\" \/>\n<meta property=\"og:type\" content=\"article\" \/>\n<meta property=\"og:title\" content=\"Ematologia | Ospedale Specialistico Medico\" \/>\n<meta property=\"og:description\" content=\"L\u2019ematologia \u00e8 una branca della medicina interna che studia l\u2019apparato emopoietico, costituito dagli organi emopoietici e dalle cellule del sangue\" \/>\n<meta property=\"og:url\" content=\"https:\/\/www.medico.hr\/it\/attivita\/ematologia\/\" \/>\n<meta property=\"og:site_name\" content=\"Ospedale Specialistico Medico\" \/>\n<meta property=\"article:modified_time\" content=\"2025-07-30T10:57:16+00:00\" \/>\n<meta property=\"og:image\" content=\"https:\/\/www.medico.hr\/wp-content\/uploads\/2019\/02\/20170719091212000000-tn1.jpg\" \/>\n\t<meta property=\"og:image:width\" content=\"1200\" \/>\n\t<meta property=\"og:image:height\" content=\"675\" \/>\n\t<meta property=\"og:image:type\" content=\"image\/jpeg\" \/>\n<meta name=\"twitter:card\" content=\"summary_large_image\" \/>\n<meta name=\"twitter:label1\" content=\"Tempo di lettura stimato\" \/>\n\t<meta name=\"twitter:data1\" content=\"1 minuto\" \/>\n<script type=\"application\/ld+json\" class=\"yoast-schema-graph\">{\"@context\":\"https:\\\/\\\/schema.org\",\"@graph\":[{\"@type\":\"WebPage\",\"@id\":\"https:\\\/\\\/www.medico.hr\\\/it\\\/attivita\\\/ematologia\\\/\",\"url\":\"https:\\\/\\\/www.medico.hr\\\/it\\\/attivita\\\/ematologia\\\/\",\"name\":\"Ematologia | Ospedale Specialistico Medico\",\"isPartOf\":{\"@id\":\"https:\\\/\\\/www.medico.hr\\\/it\\\/#website\"},\"primaryImageOfPage\":{\"@id\":\"https:\\\/\\\/www.medico.hr\\\/it\\\/attivita\\\/ematologia\\\/#primaryimage\"},\"image\":{\"@id\":\"https:\\\/\\\/www.medico.hr\\\/it\\\/attivita\\\/ematologia\\\/#primaryimage\"},\"thumbnailUrl\":\"https:\\\/\\\/www.medico.hr\\\/wp-content\\\/uploads\\\/2019\\\/02\\\/20170719091212000000-tn1.jpg\",\"datePublished\":\"2019-01-28T13:33:00+00:00\",\"dateModified\":\"2025-07-30T10:57:16+00:00\",\"description\":\"L\u2019ematologia \u00e8 una branca della medicina interna che studia l\u2019apparato emopoietico, costituito dagli organi emopoietici e dalle cellule del sangue\",\"breadcrumb\":{\"@id\":\"https:\\\/\\\/www.medico.hr\\\/it\\\/attivita\\\/ematologia\\\/#breadcrumb\"},\"inLanguage\":\"it-IT\",\"potentialAction\":[{\"@type\":\"ReadAction\",\"target\":[\"https:\\\/\\\/www.medico.hr\\\/it\\\/attivita\\\/ematologia\\\/\"]}]},{\"@type\":\"ImageObject\",\"inLanguage\":\"it-IT\",\"@id\":\"https:\\\/\\\/www.medico.hr\\\/it\\\/attivita\\\/ematologia\\\/#primaryimage\",\"url\":\"https:\\\/\\\/www.medico.hr\\\/wp-content\\\/uploads\\\/2019\\\/02\\\/20170719091212000000-tn1.jpg\",\"contentUrl\":\"https:\\\/\\\/www.medico.hr\\\/wp-content\\\/uploads\\\/2019\\\/02\\\/20170719091212000000-tn1.jpg\",\"width\":1200,\"height\":675},{\"@type\":\"BreadcrumbList\",\"@id\":\"https:\\\/\\\/www.medico.hr\\\/it\\\/attivita\\\/ematologia\\\/#breadcrumb\",\"itemListElement\":[{\"@type\":\"ListItem\",\"position\":1,\"name\":\"Po\u010detna\",\"item\":\"https:\\\/\\\/www.medico.hr\\\/it\\\/\"},{\"@type\":\"ListItem\",\"position\":2,\"name\":\"Attivit\u00e0\",\"item\":\"https:\\\/\\\/www.medico.hr\\\/it\\\/attivita\\\/\"},{\"@type\":\"ListItem\",\"position\":3,\"name\":\"Ematologia\"}]},{\"@type\":\"WebSite\",\"@id\":\"https:\\\/\\\/www.medico.hr\\\/it\\\/#website\",\"url\":\"https:\\\/\\\/www.medico.hr\\\/it\\\/\",\"name\":\"Specijalna bolnica Medico\",\"description\":\"In un solo giorno, in un solo luogo\",\"publisher\":{\"@id\":\"https:\\\/\\\/www.medico.hr\\\/it\\\/#organization\"},\"potentialAction\":[{\"@type\":\"SearchAction\",\"target\":{\"@type\":\"EntryPoint\",\"urlTemplate\":\"https:\\\/\\\/www.medico.hr\\\/it\\\/?s={search_term_string}\"},\"query-input\":{\"@type\":\"PropertyValueSpecification\",\"valueRequired\":true,\"valueName\":\"search_term_string\"}}],\"inLanguage\":\"it-IT\"},{\"@type\":\"Organization\",\"@id\":\"https:\\\/\\\/www.medico.hr\\\/it\\\/#organization\",\"name\":\"Specijalna bolnica Medico\",\"url\":\"https:\\\/\\\/www.medico.hr\\\/it\\\/\",\"logo\":{\"@type\":\"ImageObject\",\"inLanguage\":\"it-IT\",\"@id\":\"https:\\\/\\\/www.medico.hr\\\/it\\\/#\\\/schema\\\/logo\\\/image\\\/\",\"url\":\"https:\\\/\\\/www.medico.hr\\\/wp-content\\\/uploads\\\/2022\\\/03\\\/logo-medico.png\",\"contentUrl\":\"https:\\\/\\\/www.medico.hr\\\/wp-content\\\/uploads\\\/2022\\\/03\\\/logo-medico.png\",\"width\":391,\"height\":101,\"caption\":\"Specijalna bolnica Medico\"},\"image\":{\"@id\":\"https:\\\/\\\/www.medico.hr\\\/it\\\/#\\\/schema\\\/logo\\\/image\\\/\"}}]}<\/script>\n<!-- \/ Yoast SEO plugin. -->","yoast_head_json":{"title":"Ematologia | Ospedale Specialistico Medico","description":"L\u2019ematologia \u00e8 una branca della medicina interna che studia l\u2019apparato emopoietico, costituito dagli organi emopoietici e dalle cellule del sangue","robots":{"index":"index","follow":"follow","max-snippet":"max-snippet:-1","max-image-preview":"max-image-preview:large","max-video-preview":"max-video-preview:-1"},"canonical":"https:\/\/www.medico.hr\/it\/attivita\/ematologia\/","og_locale":"it_IT","og_type":"article","og_title":"Ematologia | Ospedale Specialistico Medico","og_description":"L\u2019ematologia \u00e8 una branca della medicina interna che studia l\u2019apparato emopoietico, costituito dagli organi emopoietici e dalle cellule del sangue","og_url":"https:\/\/www.medico.hr\/it\/attivita\/ematologia\/","og_site_name":"Ospedale Specialistico Medico","article_modified_time":"2025-07-30T10:57:16+00:00","og_image":[{"width":1200,"height":675,"url":"https:\/\/www.medico.hr\/wp-content\/uploads\/2019\/02\/20170719091212000000-tn1.jpg","type":"image\/jpeg"}],"twitter_card":"summary_large_image","twitter_misc":{"Tempo di lettura stimato":"1 minuto"},"schema":{"@context":"https:\/\/schema.org","@graph":[{"@type":"WebPage","@id":"https:\/\/www.medico.hr\/it\/attivita\/ematologia\/","url":"https:\/\/www.medico.hr\/it\/attivita\/ematologia\/","name":"Ematologia | Ospedale Specialistico Medico","isPartOf":{"@id":"https:\/\/www.medico.hr\/it\/#website"},"primaryImageOfPage":{"@id":"https:\/\/www.medico.hr\/it\/attivita\/ematologia\/#primaryimage"},"image":{"@id":"https:\/\/www.medico.hr\/it\/attivita\/ematologia\/#primaryimage"},"thumbnailUrl":"https:\/\/www.medico.hr\/wp-content\/uploads\/2019\/02\/20170719091212000000-tn1.jpg","datePublished":"2019-01-28T13:33:00+00:00","dateModified":"2025-07-30T10:57:16+00:00","description":"L\u2019ematologia \u00e8 una branca della medicina interna che studia l\u2019apparato emopoietico, costituito dagli organi emopoietici e dalle cellule del sangue","breadcrumb":{"@id":"https:\/\/www.medico.hr\/it\/attivita\/ematologia\/#breadcrumb"},"inLanguage":"it-IT","potentialAction":[{"@type":"ReadAction","target":["https:\/\/www.medico.hr\/it\/attivita\/ematologia\/"]}]},{"@type":"ImageObject","inLanguage":"it-IT","@id":"https:\/\/www.medico.hr\/it\/attivita\/ematologia\/#primaryimage","url":"https:\/\/www.medico.hr\/wp-content\/uploads\/2019\/02\/20170719091212000000-tn1.jpg","contentUrl":"https:\/\/www.medico.hr\/wp-content\/uploads\/2019\/02\/20170719091212000000-tn1.jpg","width":1200,"height":675},{"@type":"BreadcrumbList","@id":"https:\/\/www.medico.hr\/it\/attivita\/ematologia\/#breadcrumb","itemListElement":[{"@type":"ListItem","position":1,"name":"Po\u010detna","item":"https:\/\/www.medico.hr\/it\/"},{"@type":"ListItem","position":2,"name":"Attivit\u00e0","item":"https:\/\/www.medico.hr\/it\/attivita\/"},{"@type":"ListItem","position":3,"name":"Ematologia"}]},{"@type":"WebSite","@id":"https:\/\/www.medico.hr\/it\/#website","url":"https:\/\/www.medico.hr\/it\/","name":"Specijalna bolnica Medico","description":"In un solo giorno, in un solo luogo","publisher":{"@id":"https:\/\/www.medico.hr\/it\/#organization"},"potentialAction":[{"@type":"SearchAction","target":{"@type":"EntryPoint","urlTemplate":"https:\/\/www.medico.hr\/it\/?s={search_term_string}"},"query-input":{"@type":"PropertyValueSpecification","valueRequired":true,"valueName":"search_term_string"}}],"inLanguage":"it-IT"},{"@type":"Organization","@id":"https:\/\/www.medico.hr\/it\/#organization","name":"Specijalna bolnica Medico","url":"https:\/\/www.medico.hr\/it\/","logo":{"@type":"ImageObject","inLanguage":"it-IT","@id":"https:\/\/www.medico.hr\/it\/#\/schema\/logo\/image\/","url":"https:\/\/www.medico.hr\/wp-content\/uploads\/2022\/03\/logo-medico.png","contentUrl":"https:\/\/www.medico.hr\/wp-content\/uploads\/2022\/03\/logo-medico.png","width":391,"height":101,"caption":"Specijalna bolnica Medico"},"image":{"@id":"https:\/\/www.medico.hr\/it\/#\/schema\/logo\/image\/"}}]}},"_links":{"self":[{"href":"https:\/\/www.medico.hr\/it\/wp-json\/wp\/v2\/pages\/11819","targetHints":{"allow":["GET"]}}],"collection":[{"href":"https:\/\/www.medico.hr\/it\/wp-json\/wp\/v2\/pages"}],"about":[{"href":"https:\/\/www.medico.hr\/it\/wp-json\/wp\/v2\/types\/page"}],"author":[{"embeddable":true,"href":"https:\/\/www.medico.hr\/it\/wp-json\/wp\/v2\/users\/1"}],"replies":[{"embeddable":true,"href":"https:\/\/www.medico.hr\/it\/wp-json\/wp\/v2\/comments?post=11819"}],"version-history":[{"count":1,"href":"https:\/\/www.medico.hr\/it\/wp-json\/wp\/v2\/pages\/11819\/revisions"}],"predecessor-version":[{"id":11820,"href":"https:\/\/www.medico.hr\/it\/wp-json\/wp\/v2\/pages\/11819\/revisions\/11820"}],"up":[{"embeddable":true,"href":"https:\/\/www.medico.hr\/it\/wp-json\/wp\/v2\/pages\/11400"}],"wp:featuredmedia":[{"embeddable":true,"href":"https:\/\/www.medico.hr\/it\/wp-json\/wp\/v2\/media\/11821"}],"wp:attachment":[{"href":"https:\/\/www.medico.hr\/it\/wp-json\/wp\/v2\/media?parent=11819"}],"curies":[{"name":"wp","href":"https:\/\/api.w.org\/{rel}","templated":true}]}}