{"id":11825,"date":"2019-01-28T15:23:04","date_gmt":"2019-01-28T14:23:04","guid":{"rendered":"https:\/\/www.medico.hr\/?page_id=11825"},"modified":"2025-07-30T13:00:17","modified_gmt":"2025-07-30T11:00:17","slug":"medicina-interna","status":"publish","type":"page","link":"https:\/\/www.medico.hr\/it\/attivita\/medicina-interna\/","title":{"rendered":"Medicina interna"},"content":{"rendered":"\n<p class=\"is-style-intro\">La medicina interna \u00e8 la specialit\u00e0 medica dedicata allo studio, alla diagnosi e alla cura delle malattie che colpiscono gli organi interni e i sistemi interni del corpo umano.<\/p>\n\n\n\n<p>La medicina interna \u00e8 la base di numerose sottospecialit\u00e0, ovvero rami della medicina focalizzati su specifici organi o sistemi del corpo, che si occupano delle seguenti malattie: malattie degli organi digestivi (gastroenterologia), patologie della tiroide, delle ghiandole surrenali e delle gonadi (endocrinologia), malattie del sangue e del sistema ematopoietico (ematologia), malattie del cuore e dei vasi sanguigni (cardiologia), malattie dei polmoni e delle vie respiratorie (pneumologia), nonch\u00e9 patologie dei reni e del sistema urinario (nefrologia). Gli internisti sono specializzati nella gestione efficace e accurata di problemi diagnostici complessi e aiutano i pazienti anche nella prevenzione delle malattie e nel miglioramento della salute.<\/p>\n\n\n\n<p>La visita internistica consiste in un esame durante il quale il medico specialista in medicina interna, attraverso un\u2019intervista, raccoglie informazioni dettagliate dal paziente, comprese le patologie pregresse, le malattie familiari e la ragione della consultazione. Successivamente, il medico effettua un esame clinico approfondito, valutando lo stato generale del paziente, misurando la pressione arteriosa, osservando la pelle e le mucose visibili, palpando con delicatezza i linfonodi, i vasi sanguigni e gli organi addominali, e auscultando cuore e polmoni. Al termine dell\u2019intervista e dell\u2019esame clinico, il medico, in accordo con il paziente, stabilir\u00e0 quali ulteriori accertamenti o visite specialistiche saranno necessari. \u00c8 necessario portare tutti gli esami precedenti. Si consiglia presentarsi a digiuno per eventuali esami di laboratorio.<\/p>\n\n\n\n<p>Presso l\u2019Ospedale Specialistico Medico \u00e8 possibile effettuare la visita internistica preoperatoria (con esami diagnostici forniti dal paziente) o il percorso preoperatorio per interventi in anestesia generale.<\/p>\n\n\n\n<p>Con controlli regolari \u00e8 possibile individuare le malattie nelle fasi iniziali, facilitando cos\u00ec un trattamento efficace. Una diagnosi tempestiva riduce la durata e l\u2019intensit\u00e0 del trattamento, garantendo cos\u00ec una guarigione pi\u00f9 rapida e sicura. In caso di sintomi, malessere o dubbi da chiarire, rivolgetevi a uno specialista in medicina interna per una valutazione professionale. Presso l\u2019Ospedale Specialistico Medico, i controlli preventivi vengono adattati all\u2019et\u00e0, al sesso e alle condizioni di salute del paziente, per fornire una visione completa dello stato di salute e indicazioni mirate alla prevenzione delle malattie.<\/p>\n","protected":false},"excerpt":{"rendered":"<p>La medicina interna \u00e8 la specialit\u00e0 medica dedicata allo studio, alla diagnosi e alla cura delle malattie che colpiscono gli&#8230;<\/p>\n","protected":false},"author":1,"featured_media":11827,"parent":11400,"menu_order":0,"comment_status":"closed","ping_status":"closed","template":"service-single.php","meta":{"_acf_changed":false,"footnotes":""},"class_list":["post-11825","page","type-page","status-publish","has-post-thumbnail","hentry"],"acf":[],"yoast_head":"<!-- This site is optimized with the Yoast SEO plugin v27.5 - https:\/\/yoast.com\/product\/yoast-seo-wordpress\/ -->\n<title>Medicina interna | Ospedale Specialistico Medico<\/title>\n<meta name=\"description\" content=\"La medicina interna \u00e8 la specialit\u00e0 medica dedicata allo studio, alla diagnosi e alla cura delle malattie che colpiscono gli organi interni e i sistemi\" \/>\n<meta name=\"robots\" content=\"index, follow, max-snippet:-1, max-image-preview:large, max-video-preview:-1\" \/>\n<link rel=\"canonical\" href=\"https:\/\/www.medico.hr\/it\/attivita\/medicina-interna\/\" \/>\n<meta property=\"og:locale\" content=\"it_IT\" \/>\n<meta property=\"og:type\" content=\"article\" \/>\n<meta property=\"og:title\" content=\"Medicina interna | Ospedale Specialistico Medico\" \/>\n<meta property=\"og:description\" content=\"La medicina interna \u00e8 la specialit\u00e0 medica dedicata allo studio, alla diagnosi e alla cura delle malattie che colpiscono gli organi interni e i sistemi\" \/>\n<meta property=\"og:url\" content=\"https:\/\/www.medico.hr\/it\/attivita\/medicina-interna\/\" \/>\n<meta property=\"og:site_name\" content=\"Ospedale Specialistico Medico\" \/>\n<meta property=\"article:modified_time\" content=\"2025-07-30T11:00:17+00:00\" \/>\n<meta property=\"og:image\" content=\"https:\/\/www.medico.hr\/wp-content\/uploads\/2019\/02\/kirurgija2.jpg\" \/>\n\t<meta property=\"og:image:width\" content=\"1200\" \/>\n\t<meta property=\"og:image:height\" content=\"675\" \/>\n\t<meta property=\"og:image:type\" content=\"image\/jpeg\" \/>\n<meta name=\"twitter:card\" content=\"summary_large_image\" \/>\n<meta name=\"twitter:label1\" content=\"Tempo di lettura stimato\" \/>\n\t<meta name=\"twitter:data1\" content=\"2 minuti\" \/>\n<script type=\"application\/ld+json\" class=\"yoast-schema-graph\">{\"@context\":\"https:\\\/\\\/schema.org\",\"@graph\":[{\"@type\":\"WebPage\",\"@id\":\"https:\\\/\\\/www.medico.hr\\\/it\\\/attivita\\\/medicina-interna\\\/\",\"url\":\"https:\\\/\\\/www.medico.hr\\\/it\\\/attivita\\\/medicina-interna\\\/\",\"name\":\"Medicina interna | Ospedale Specialistico Medico\",\"isPartOf\":{\"@id\":\"https:\\\/\\\/www.medico.hr\\\/it\\\/#website\"},\"primaryImageOfPage\":{\"@id\":\"https:\\\/\\\/www.medico.hr\\\/it\\\/attivita\\\/medicina-interna\\\/#primaryimage\"},\"image\":{\"@id\":\"https:\\\/\\\/www.medico.hr\\\/it\\\/attivita\\\/medicina-interna\\\/#primaryimage\"},\"thumbnailUrl\":\"https:\\\/\\\/www.medico.hr\\\/wp-content\\\/uploads\\\/2019\\\/02\\\/kirurgija2.jpg\",\"datePublished\":\"2019-01-28T14:23:04+00:00\",\"dateModified\":\"2025-07-30T11:00:17+00:00\",\"description\":\"La medicina interna \u00e8 la specialit\u00e0 medica dedicata allo studio, alla diagnosi e alla cura delle malattie che colpiscono gli organi interni e i sistemi\",\"breadcrumb\":{\"@id\":\"https:\\\/\\\/www.medico.hr\\\/it\\\/attivita\\\/medicina-interna\\\/#breadcrumb\"},\"inLanguage\":\"it-IT\",\"potentialAction\":[{\"@type\":\"ReadAction\",\"target\":[\"https:\\\/\\\/www.medico.hr\\\/it\\\/attivita\\\/medicina-interna\\\/\"]}]},{\"@type\":\"ImageObject\",\"inLanguage\":\"it-IT\",\"@id\":\"https:\\\/\\\/www.medico.hr\\\/it\\\/attivita\\\/medicina-interna\\\/#primaryimage\",\"url\":\"https:\\\/\\\/www.medico.hr\\\/wp-content\\\/uploads\\\/2019\\\/02\\\/kirurgija2.jpg\",\"contentUrl\":\"https:\\\/\\\/www.medico.hr\\\/wp-content\\\/uploads\\\/2019\\\/02\\\/kirurgija2.jpg\",\"width\":1200,\"height\":675},{\"@type\":\"BreadcrumbList\",\"@id\":\"https:\\\/\\\/www.medico.hr\\\/it\\\/attivita\\\/medicina-interna\\\/#breadcrumb\",\"itemListElement\":[{\"@type\":\"ListItem\",\"position\":1,\"name\":\"Po\u010detna\",\"item\":\"https:\\\/\\\/www.medico.hr\\\/it\\\/\"},{\"@type\":\"ListItem\",\"position\":2,\"name\":\"Attivit\u00e0\",\"item\":\"https:\\\/\\\/www.medico.hr\\\/it\\\/attivita\\\/\"},{\"@type\":\"ListItem\",\"position\":3,\"name\":\"Medicina interna\"}]},{\"@type\":\"WebSite\",\"@id\":\"https:\\\/\\\/www.medico.hr\\\/it\\\/#website\",\"url\":\"https:\\\/\\\/www.medico.hr\\\/it\\\/\",\"name\":\"Specijalna bolnica Medico\",\"description\":\"In un solo giorno, in un solo luogo\",\"publisher\":{\"@id\":\"https:\\\/\\\/www.medico.hr\\\/it\\\/#organization\"},\"potentialAction\":[{\"@type\":\"SearchAction\",\"target\":{\"@type\":\"EntryPoint\",\"urlTemplate\":\"https:\\\/\\\/www.medico.hr\\\/it\\\/?s={search_term_string}\"},\"query-input\":{\"@type\":\"PropertyValueSpecification\",\"valueRequired\":true,\"valueName\":\"search_term_string\"}}],\"inLanguage\":\"it-IT\"},{\"@type\":\"Organization\",\"@id\":\"https:\\\/\\\/www.medico.hr\\\/it\\\/#organization\",\"name\":\"Specijalna bolnica Medico\",\"url\":\"https:\\\/\\\/www.medico.hr\\\/it\\\/\",\"logo\":{\"@type\":\"ImageObject\",\"inLanguage\":\"it-IT\",\"@id\":\"https:\\\/\\\/www.medico.hr\\\/it\\\/#\\\/schema\\\/logo\\\/image\\\/\",\"url\":\"https:\\\/\\\/www.medico.hr\\\/wp-content\\\/uploads\\\/2022\\\/03\\\/logo-medico.png\",\"contentUrl\":\"https:\\\/\\\/www.medico.hr\\\/wp-content\\\/uploads\\\/2022\\\/03\\\/logo-medico.png\",\"width\":391,\"height\":101,\"caption\":\"Specijalna bolnica Medico\"},\"image\":{\"@id\":\"https:\\\/\\\/www.medico.hr\\\/it\\\/#\\\/schema\\\/logo\\\/image\\\/\"}}]}<\/script>\n<!-- \/ Yoast SEO plugin. -->","yoast_head_json":{"title":"Medicina interna | Ospedale Specialistico Medico","description":"La medicina interna \u00e8 la specialit\u00e0 medica dedicata allo studio, alla diagnosi e alla cura delle malattie che colpiscono gli organi interni e i sistemi","robots":{"index":"index","follow":"follow","max-snippet":"max-snippet:-1","max-image-preview":"max-image-preview:large","max-video-preview":"max-video-preview:-1"},"canonical":"https:\/\/www.medico.hr\/it\/attivita\/medicina-interna\/","og_locale":"it_IT","og_type":"article","og_title":"Medicina interna | Ospedale Specialistico Medico","og_description":"La medicina interna \u00e8 la specialit\u00e0 medica dedicata allo studio, alla diagnosi e alla cura delle malattie che colpiscono gli organi interni e i sistemi","og_url":"https:\/\/www.medico.hr\/it\/attivita\/medicina-interna\/","og_site_name":"Ospedale Specialistico Medico","article_modified_time":"2025-07-30T11:00:17+00:00","og_image":[{"width":1200,"height":675,"url":"https:\/\/www.medico.hr\/wp-content\/uploads\/2019\/02\/kirurgija2.jpg","type":"image\/jpeg"}],"twitter_card":"summary_large_image","twitter_misc":{"Tempo di lettura stimato":"2 minuti"},"schema":{"@context":"https:\/\/schema.org","@graph":[{"@type":"WebPage","@id":"https:\/\/www.medico.hr\/it\/attivita\/medicina-interna\/","url":"https:\/\/www.medico.hr\/it\/attivita\/medicina-interna\/","name":"Medicina interna | Ospedale Specialistico Medico","isPartOf":{"@id":"https:\/\/www.medico.hr\/it\/#website"},"primaryImageOfPage":{"@id":"https:\/\/www.medico.hr\/it\/attivita\/medicina-interna\/#primaryimage"},"image":{"@id":"https:\/\/www.medico.hr\/it\/attivita\/medicina-interna\/#primaryimage"},"thumbnailUrl":"https:\/\/www.medico.hr\/wp-content\/uploads\/2019\/02\/kirurgija2.jpg","datePublished":"2019-01-28T14:23:04+00:00","dateModified":"2025-07-30T11:00:17+00:00","description":"La medicina interna \u00e8 la specialit\u00e0 medica dedicata allo studio, alla diagnosi e alla cura delle malattie che colpiscono gli organi interni e i sistemi","breadcrumb":{"@id":"https:\/\/www.medico.hr\/it\/attivita\/medicina-interna\/#breadcrumb"},"inLanguage":"it-IT","potentialAction":[{"@type":"ReadAction","target":["https:\/\/www.medico.hr\/it\/attivita\/medicina-interna\/"]}]},{"@type":"ImageObject","inLanguage":"it-IT","@id":"https:\/\/www.medico.hr\/it\/attivita\/medicina-interna\/#primaryimage","url":"https:\/\/www.medico.hr\/wp-content\/uploads\/2019\/02\/kirurgija2.jpg","contentUrl":"https:\/\/www.medico.hr\/wp-content\/uploads\/2019\/02\/kirurgija2.jpg","width":1200,"height":675},{"@type":"BreadcrumbList","@id":"https:\/\/www.medico.hr\/it\/attivita\/medicina-interna\/#breadcrumb","itemListElement":[{"@type":"ListItem","position":1,"name":"Po\u010detna","item":"https:\/\/www.medico.hr\/it\/"},{"@type":"ListItem","position":2,"name":"Attivit\u00e0","item":"https:\/\/www.medico.hr\/it\/attivita\/"},{"@type":"ListItem","position":3,"name":"Medicina interna"}]},{"@type":"WebSite","@id":"https:\/\/www.medico.hr\/it\/#website","url":"https:\/\/www.medico.hr\/it\/","name":"Specijalna bolnica Medico","description":"In un solo giorno, in un solo luogo","publisher":{"@id":"https:\/\/www.medico.hr\/it\/#organization"},"potentialAction":[{"@type":"SearchAction","target":{"@type":"EntryPoint","urlTemplate":"https:\/\/www.medico.hr\/it\/?s={search_term_string}"},"query-input":{"@type":"PropertyValueSpecification","valueRequired":true,"valueName":"search_term_string"}}],"inLanguage":"it-IT"},{"@type":"Organization","@id":"https:\/\/www.medico.hr\/it\/#organization","name":"Specijalna bolnica Medico","url":"https:\/\/www.medico.hr\/it\/","logo":{"@type":"ImageObject","inLanguage":"it-IT","@id":"https:\/\/www.medico.hr\/it\/#\/schema\/logo\/image\/","url":"https:\/\/www.medico.hr\/wp-content\/uploads\/2022\/03\/logo-medico.png","contentUrl":"https:\/\/www.medico.hr\/wp-content\/uploads\/2022\/03\/logo-medico.png","width":391,"height":101,"caption":"Specijalna bolnica Medico"},"image":{"@id":"https:\/\/www.medico.hr\/it\/#\/schema\/logo\/image\/"}}]}},"_links":{"self":[{"href":"https:\/\/www.medico.hr\/it\/wp-json\/wp\/v2\/pages\/11825","targetHints":{"allow":["GET"]}}],"collection":[{"href":"https:\/\/www.medico.hr\/it\/wp-json\/wp\/v2\/pages"}],"about":[{"href":"https:\/\/www.medico.hr\/it\/wp-json\/wp\/v2\/types\/page"}],"author":[{"embeddable":true,"href":"https:\/\/www.medico.hr\/it\/wp-json\/wp\/v2\/users\/1"}],"replies":[{"embeddable":true,"href":"https:\/\/www.medico.hr\/it\/wp-json\/wp\/v2\/comments?post=11825"}],"version-history":[{"count":1,"href":"https:\/\/www.medico.hr\/it\/wp-json\/wp\/v2\/pages\/11825\/revisions"}],"predecessor-version":[{"id":11826,"href":"https:\/\/www.medico.hr\/it\/wp-json\/wp\/v2\/pages\/11825\/revisions\/11826"}],"up":[{"embeddable":true,"href":"https:\/\/www.medico.hr\/it\/wp-json\/wp\/v2\/pages\/11400"}],"wp:featuredmedia":[{"embeddable":true,"href":"https:\/\/www.medico.hr\/it\/wp-json\/wp\/v2\/media\/11827"}],"wp:attachment":[{"href":"https:\/\/www.medico.hr\/it\/wp-json\/wp\/v2\/media?parent=11825"}],"curies":[{"name":"wp","href":"https:\/\/api.w.org\/{rel}","templated":true}]}}