{"id":11844,"date":"2023-12-12T13:19:33","date_gmt":"2023-12-12T12:19:33","guid":{"rendered":"https:\/\/www.medico.hr\/?page_id=11844"},"modified":"2025-07-30T14:06:57","modified_gmt":"2025-07-30T12:06:57","slug":"trattamento-dei-disturbi-alimentari","status":"publish","type":"page","link":"https:\/\/www.medico.hr\/it\/attivita\/trattamento-dei-disturbi-alimentari\/","title":{"rendered":"Trattamento dei disturbi alimentari"},"content":{"rendered":"\n<p class=\"is-style-intro\">Programma BeneFIT per il trattamento dell\u2019obesit\u00e0 e altri disturbi alimentari<\/p>\n\n\n\n<p>Il programma BeneFIT \u00e8 un percorso specializzato che offre un\u2019assistenza completa a pazienti con disturbi alimentari, tra cui sovrappeso, anoressia, bulimia e disturbo da alimentazione incontrollata, supportandoli nel recupero e nel miglioramento della qualit\u00e0 della vita. Il programma dell\u2019Ospedale specialistico Medico coinvolge un team multidisciplinare di esperti di eccellenza ed \u00e8 concepito per garantire ai pazienti un approccio integrato al trattamento e al supporto, prendendo in considerazione gli aspetti fisici, emotivi e psicologici della salute, con l\u2019obiettivo di ottenere risultati duraturi nel controllo del peso e nel mantenimento del benessere complessivo.<\/p>\n\n\n\n<p>L\u2019obesit\u00e0 rappresenta uno dei maggiori problemi e sfide di sanit\u00e0 pubblica nella societ\u00e0 odierna. Sebbene la maggior parte delle persone si preoccupi principalmente per ragioni estetiche, l\u2019obesit\u00e0 \u00e8 fondamentalmente un problema di salute, poich\u00e9 \u00e8 associata a numerose malattie e a una riduzione dell\u2019aspettativa di vita. Il 65% della popolazione adulta in Croazia \u00e8 in sovrappeso, collocando il Paese al primo posto per obesit\u00e0 all\u2019interno dell\u2019Unione Europea. (Fonte: Eurostat https:\/\/ec.europa.eu\/eurostat\/web\/products-eurostat-news\/-\/ddn-20210721-2). L\u2019obesit\u00e0 \u00e8 una malattia e un fattore di rischio per numerose patologie, tra cui malattie cardiovascolari e del sistema muscoloscheletrico. Rappresenta inoltre una minaccia per la salute mentale ed \u00e8 collegata ad alcuni tipi di tumori.<\/p>\n\n\n\n<p>Per un\u2019efficace gestione dell\u2019obesit\u00e0, BeneFIT si concentra su un approccio personalizzato e multidisciplinare, analizzando approfonditamente le cause sottostanti per trattare non solo i sintomi, ma anche le radici del problema.<\/p>\n\n\n\n<p>Il nostro team multidisciplinare \u00e8 composto da nutrizionisti, psicologi, psichiatri, gastroenterologi, cardiologi, endocrinologi e diabetologi. Tenendo conto di tutti gli aspetti della salute individuale, offriamo piani terapeutici personalizzati ed efficaci che includono modifiche comportamentali, abitudini alimentari, attivit\u00e0 fisica, supporto psicologico, farmacoterapia e interventi chirurgici.<\/p>\n\n\n\n<p>Il nostro approccio permette un monitoraggio costante dei progressi di ciascun paziente, con adattamenti del trattamento personalizzati in base alle sue specifiche esigenze. Per qusto motivo abbiamo sviluppato tre pacchetti distinti per il trattamento dell\u2019obesit\u00e0, differenziati in base al numero e alla complessit\u00e0 di esami, visite e terapie incluse:<\/p>\n\n\n            <div class=\"block-accordion-wrap\">\r\n                    <div class=\"block-accordion-item\" id=\"block-accordion-item-1\">\r\n                <div class=\"block-accordion-title closed\">\r\n                    <h2>BASIC<\/h2><\/div>\r\n                <div class=\"block-accordion-content\"\r\n                     style=\"display: none;\"><ul>\n<li>Diagnostica di laboratorio (emocromo, glucosio, colesterolo, colesterolo HDL, colesterolo LDL, trigliceridi, AST, ALT, GGT)<br \/>\nConsultazioni con un nutrizionista, misurazione della composizione corporea e misurazioni antropometriche (peso, indice di massa corporea, metabolismo basale, percentuale di tessuto adiposo, percentuale di massa muscolare, grasso viscerale, livello di idratazione&#8230;), valutazione dello stato nutrizionale<br \/>\nElaborazione di un piano alimentare individuale di sette giorni con norme precise per i pasti e un libro di ricette<br \/>\nSupporto psicologico \u2013 consulenze, educazione e assistenza nel cambiamento delle abitudini alimentari e di vita<br \/>\nConsulenza nutrizionale di controllo<\/li>\n<\/ul>\n<\/div>\r\n                <div style=\"overflow: hidden;\"><\/div>\r\n            <\/div>\r\n                                <div class=\"block-accordion-item\" id=\"block-accordion-item-2\">\r\n                <div class=\"block-accordion-title closed\">\r\n                    <h2>PREMIUM<\/h2><\/div>\r\n                <div class=\"block-accordion-content\"\r\n                     style=\"display: none;\"><ul>\n<li>Visita medica\/specialistica \u2013 internista\/endocrinologo<br \/>\nDiagnostica di laboratorio ampliata (emocromo, glucosio, trigliceridi, colesterolo, colesterolo HDL, colesterolo LDL, AST, ALT, GGT, urea, urati, creatinina sierica, bilirubina, potassio, sodio, LDH, insulina, resistenza insulinica (HOMA 2-IR), vitamina D 25-OH, urina)<br \/>\nConsultazioni con un nutrizionista, misurazione della composizione corporea e misurazioni antropometriche (peso, indice di massa corporea, metabolismo basale, percentuale di tessuto adiposo, percentuale di massa muscolare, grasso viscerale, livello di idratazione&#8230;), valutazione dello stato nutrizionale<br \/>\nElaborazione di un piano alimentare individuale di sette giorni con norme precise per i pasti e un libro di ricette<br \/>\nSupporto psicologico \u2013 consulenze, educazione e assistenza nel cambiamento delle abitudini alimentari e di vita<br \/>\nConsulenza nutrizionale di controllo, adattamento del piano alimentare (2 visite)<br \/>\nSupporto psicologico \u2013 consulenze di controllo e monitoraggio dei progressi (2 visite)<\/li>\n<\/ul>\n<\/div>\r\n                <div style=\"overflow: hidden;\"><\/div>\r\n            <\/div>\r\n                                <div class=\"block-accordion-item\" id=\"block-accordion-item-3\">\r\n                <div class=\"block-accordion-title closed\">\r\n                    <h2>DIAMOND<\/h2><\/div>\r\n                <div class=\"block-accordion-content\"\r\n                     style=\"display: none;\"><p>Visita medica\/specialistica \u2013 internista\/endocrinologo<\/p>\n<p>Diagnostica di laboratorio ampliata (emocromo, glucosio, trigliceridi, colesterolo, colesterolo HDL, colesterolo LDL, AST, ALT, GGT, urea, urati, creatinina sierica, bilirubina, potassio, sodio, LDH, insulina, resistenza insulinica (HOMA 2-IR), vitamina D 25-OH, TSH, fT3, fT4, HbA1c, urina)<br \/>\nEcografia addominale<\/p>\n<p>Consultazioni con un nutrizionista, misurazione della composizione corporea e misurazioni antropometriche (peso, indice di massa corporea, metabolismo basale, percentuale di tessuto adiposo, percentuale di massa muscolare, grasso viscerale, livello di idratazione&#8230;), valutazione dello stato nutrizionale<br \/>\nElaborazione di un piano alimentare individuale di sette giorni con norme precise per i pasti e un libro di ricette<br \/>\nConsulenza nutrizionale di controllo, adattamento del piano alimentare (3 visite)<br \/>\nSupporto psicologico \u2013 consulenze di controllo e monitoraggio dei progressi (3 visite)<\/p>\n<\/div>\r\n                <div style=\"overflow: hidden;\"><\/div>\r\n            <\/div>\r\n                        <\/div>\r\n\n\n\n<p>Il trattamento degli altri disturbi alimentari (anoressia, bulimia, abbuffate compulsive) \u00e8 completamente personalizzato, con piani terapeutici studiati su misura in base alle specifiche problematiche, obiettivi e necessit\u00e0 di ogni paziente.<\/p>\n","protected":false},"excerpt":{"rendered":"<p>Programma BeneFIT per il trattamento dell\u2019obesit\u00e0 e altri disturbi alimentari Il programma BeneFIT \u00e8 un percorso specializzato che offre un\u2019assistenza&#8230;<\/p>\n","protected":false},"author":1,"featured_media":0,"parent":11400,"menu_order":0,"comment_status":"closed","ping_status":"closed","template":"service-single.php","meta":{"_acf_changed":false,"footnotes":""},"class_list":["post-11844","page","type-page","status-publish","hentry"],"acf":[],"yoast_head":"<!-- This site is optimized with the Yoast SEO plugin v27.5 - https:\/\/yoast.com\/product\/yoast-seo-wordpress\/ -->\n<title>Trattamento dei disturbi alimentari | Ospedale Specialistico Medico<\/title>\n<meta name=\"description\" content=\"Programma BeneFIT per il trattamento dell\u2019obesit\u00e0 e altri disturbi alimentari Il programma BeneFIT \u00e8 un percorso specializzato che offre un\u2019assistenza\" \/>\n<meta name=\"robots\" content=\"index, follow, max-snippet:-1, max-image-preview:large, max-video-preview:-1\" \/>\n<link rel=\"canonical\" href=\"https:\/\/www.medico.hr\/it\/attivita\/trattamento-dei-disturbi-alimentari\/\" \/>\n<meta property=\"og:locale\" content=\"it_IT\" \/>\n<meta property=\"og:type\" content=\"article\" \/>\n<meta property=\"og:title\" content=\"Trattamento dei disturbi alimentari | Ospedale Specialistico Medico\" \/>\n<meta property=\"og:description\" content=\"Programma BeneFIT per il trattamento dell\u2019obesit\u00e0 e altri disturbi alimentari Il programma BeneFIT \u00e8 un percorso specializzato che offre un\u2019assistenza\" \/>\n<meta property=\"og:url\" content=\"https:\/\/www.medico.hr\/it\/attivita\/trattamento-dei-disturbi-alimentari\/\" \/>\n<meta property=\"og:site_name\" content=\"Ospedale Specialistico Medico\" \/>\n<meta property=\"article:modified_time\" content=\"2025-07-30T12:06:57+00:00\" \/>\n<meta name=\"twitter:card\" content=\"summary_large_image\" \/>\n<meta name=\"twitter:label1\" content=\"Tempo di lettura stimato\" \/>\n\t<meta name=\"twitter:data1\" content=\"2 minuti\" \/>\n<script type=\"application\/ld+json\" class=\"yoast-schema-graph\">{\"@context\":\"https:\\\/\\\/schema.org\",\"@graph\":[{\"@type\":\"WebPage\",\"@id\":\"https:\\\/\\\/www.medico.hr\\\/it\\\/attivita\\\/trattamento-dei-disturbi-alimentari\\\/\",\"url\":\"https:\\\/\\\/www.medico.hr\\\/it\\\/attivita\\\/trattamento-dei-disturbi-alimentari\\\/\",\"name\":\"Trattamento dei disturbi alimentari | Ospedale Specialistico Medico\",\"isPartOf\":{\"@id\":\"https:\\\/\\\/www.medico.hr\\\/it\\\/#website\"},\"datePublished\":\"2023-12-12T12:19:33+00:00\",\"dateModified\":\"2025-07-30T12:06:57+00:00\",\"description\":\"Programma BeneFIT per il trattamento dell\u2019obesit\u00e0 e altri disturbi alimentari Il programma BeneFIT \u00e8 un percorso specializzato che offre un\u2019assistenza\",\"breadcrumb\":{\"@id\":\"https:\\\/\\\/www.medico.hr\\\/it\\\/attivita\\\/trattamento-dei-disturbi-alimentari\\\/#breadcrumb\"},\"inLanguage\":\"it-IT\",\"potentialAction\":[{\"@type\":\"ReadAction\",\"target\":[\"https:\\\/\\\/www.medico.hr\\\/it\\\/attivita\\\/trattamento-dei-disturbi-alimentari\\\/\"]}]},{\"@type\":\"BreadcrumbList\",\"@id\":\"https:\\\/\\\/www.medico.hr\\\/it\\\/attivita\\\/trattamento-dei-disturbi-alimentari\\\/#breadcrumb\",\"itemListElement\":[{\"@type\":\"ListItem\",\"position\":1,\"name\":\"Po\u010detna\",\"item\":\"https:\\\/\\\/www.medico.hr\\\/it\\\/\"},{\"@type\":\"ListItem\",\"position\":2,\"name\":\"Attivit\u00e0\",\"item\":\"https:\\\/\\\/www.medico.hr\\\/it\\\/attivita\\\/\"},{\"@type\":\"ListItem\",\"position\":3,\"name\":\"Trattamento dei disturbi alimentari\"}]},{\"@type\":\"WebSite\",\"@id\":\"https:\\\/\\\/www.medico.hr\\\/it\\\/#website\",\"url\":\"https:\\\/\\\/www.medico.hr\\\/it\\\/\",\"name\":\"Specijalna bolnica Medico\",\"description\":\"In un solo giorno, in un solo luogo\",\"publisher\":{\"@id\":\"https:\\\/\\\/www.medico.hr\\\/it\\\/#organization\"},\"potentialAction\":[{\"@type\":\"SearchAction\",\"target\":{\"@type\":\"EntryPoint\",\"urlTemplate\":\"https:\\\/\\\/www.medico.hr\\\/it\\\/?s={search_term_string}\"},\"query-input\":{\"@type\":\"PropertyValueSpecification\",\"valueRequired\":true,\"valueName\":\"search_term_string\"}}],\"inLanguage\":\"it-IT\"},{\"@type\":\"Organization\",\"@id\":\"https:\\\/\\\/www.medico.hr\\\/it\\\/#organization\",\"name\":\"Specijalna bolnica Medico\",\"url\":\"https:\\\/\\\/www.medico.hr\\\/it\\\/\",\"logo\":{\"@type\":\"ImageObject\",\"inLanguage\":\"it-IT\",\"@id\":\"https:\\\/\\\/www.medico.hr\\\/it\\\/#\\\/schema\\\/logo\\\/image\\\/\",\"url\":\"https:\\\/\\\/www.medico.hr\\\/wp-content\\\/uploads\\\/2022\\\/03\\\/logo-medico.png\",\"contentUrl\":\"https:\\\/\\\/www.medico.hr\\\/wp-content\\\/uploads\\\/2022\\\/03\\\/logo-medico.png\",\"width\":391,\"height\":101,\"caption\":\"Specijalna bolnica Medico\"},\"image\":{\"@id\":\"https:\\\/\\\/www.medico.hr\\\/it\\\/#\\\/schema\\\/logo\\\/image\\\/\"}}]}<\/script>\n<!-- \/ Yoast SEO plugin. -->","yoast_head_json":{"title":"Trattamento dei disturbi alimentari | Ospedale Specialistico Medico","description":"Programma BeneFIT per il trattamento dell\u2019obesit\u00e0 e altri disturbi alimentari Il programma BeneFIT \u00e8 un percorso specializzato che offre un\u2019assistenza","robots":{"index":"index","follow":"follow","max-snippet":"max-snippet:-1","max-image-preview":"max-image-preview:large","max-video-preview":"max-video-preview:-1"},"canonical":"https:\/\/www.medico.hr\/it\/attivita\/trattamento-dei-disturbi-alimentari\/","og_locale":"it_IT","og_type":"article","og_title":"Trattamento dei disturbi alimentari | Ospedale Specialistico Medico","og_description":"Programma BeneFIT per il trattamento dell\u2019obesit\u00e0 e altri disturbi alimentari Il programma BeneFIT \u00e8 un percorso specializzato che offre un\u2019assistenza","og_url":"https:\/\/www.medico.hr\/it\/attivita\/trattamento-dei-disturbi-alimentari\/","og_site_name":"Ospedale Specialistico Medico","article_modified_time":"2025-07-30T12:06:57+00:00","twitter_card":"summary_large_image","twitter_misc":{"Tempo di lettura stimato":"2 minuti"},"schema":{"@context":"https:\/\/schema.org","@graph":[{"@type":"WebPage","@id":"https:\/\/www.medico.hr\/it\/attivita\/trattamento-dei-disturbi-alimentari\/","url":"https:\/\/www.medico.hr\/it\/attivita\/trattamento-dei-disturbi-alimentari\/","name":"Trattamento dei disturbi alimentari | Ospedale Specialistico Medico","isPartOf":{"@id":"https:\/\/www.medico.hr\/it\/#website"},"datePublished":"2023-12-12T12:19:33+00:00","dateModified":"2025-07-30T12:06:57+00:00","description":"Programma BeneFIT per il trattamento dell\u2019obesit\u00e0 e altri disturbi alimentari Il programma BeneFIT \u00e8 un percorso specializzato che offre un\u2019assistenza","breadcrumb":{"@id":"https:\/\/www.medico.hr\/it\/attivita\/trattamento-dei-disturbi-alimentari\/#breadcrumb"},"inLanguage":"it-IT","potentialAction":[{"@type":"ReadAction","target":["https:\/\/www.medico.hr\/it\/attivita\/trattamento-dei-disturbi-alimentari\/"]}]},{"@type":"BreadcrumbList","@id":"https:\/\/www.medico.hr\/it\/attivita\/trattamento-dei-disturbi-alimentari\/#breadcrumb","itemListElement":[{"@type":"ListItem","position":1,"name":"Po\u010detna","item":"https:\/\/www.medico.hr\/it\/"},{"@type":"ListItem","position":2,"name":"Attivit\u00e0","item":"https:\/\/www.medico.hr\/it\/attivita\/"},{"@type":"ListItem","position":3,"name":"Trattamento dei disturbi alimentari"}]},{"@type":"WebSite","@id":"https:\/\/www.medico.hr\/it\/#website","url":"https:\/\/www.medico.hr\/it\/","name":"Specijalna bolnica Medico","description":"In un solo giorno, in un solo luogo","publisher":{"@id":"https:\/\/www.medico.hr\/it\/#organization"},"potentialAction":[{"@type":"SearchAction","target":{"@type":"EntryPoint","urlTemplate":"https:\/\/www.medico.hr\/it\/?s={search_term_string}"},"query-input":{"@type":"PropertyValueSpecification","valueRequired":true,"valueName":"search_term_string"}}],"inLanguage":"it-IT"},{"@type":"Organization","@id":"https:\/\/www.medico.hr\/it\/#organization","name":"Specijalna bolnica Medico","url":"https:\/\/www.medico.hr\/it\/","logo":{"@type":"ImageObject","inLanguage":"it-IT","@id":"https:\/\/www.medico.hr\/it\/#\/schema\/logo\/image\/","url":"https:\/\/www.medico.hr\/wp-content\/uploads\/2022\/03\/logo-medico.png","contentUrl":"https:\/\/www.medico.hr\/wp-content\/uploads\/2022\/03\/logo-medico.png","width":391,"height":101,"caption":"Specijalna bolnica Medico"},"image":{"@id":"https:\/\/www.medico.hr\/it\/#\/schema\/logo\/image\/"}}]}},"_links":{"self":[{"href":"https:\/\/www.medico.hr\/it\/wp-json\/wp\/v2\/pages\/11844","targetHints":{"allow":["GET"]}}],"collection":[{"href":"https:\/\/www.medico.hr\/it\/wp-json\/wp\/v2\/pages"}],"about":[{"href":"https:\/\/www.medico.hr\/it\/wp-json\/wp\/v2\/types\/page"}],"author":[{"embeddable":true,"href":"https:\/\/www.medico.hr\/it\/wp-json\/wp\/v2\/users\/1"}],"replies":[{"embeddable":true,"href":"https:\/\/www.medico.hr\/it\/wp-json\/wp\/v2\/comments?post=11844"}],"version-history":[{"count":2,"href":"https:\/\/www.medico.hr\/it\/wp-json\/wp\/v2\/pages\/11844\/revisions"}],"predecessor-version":[{"id":11849,"href":"https:\/\/www.medico.hr\/it\/wp-json\/wp\/v2\/pages\/11844\/revisions\/11849"}],"up":[{"embeddable":true,"href":"https:\/\/www.medico.hr\/it\/wp-json\/wp\/v2\/pages\/11400"}],"wp:attachment":[{"href":"https:\/\/www.medico.hr\/it\/wp-json\/wp\/v2\/media?parent=11844"}],"curies":[{"name":"wp","href":"https:\/\/api.w.org\/{rel}","templated":true}]}}