{"id":11869,"date":"2019-01-29T20:13:44","date_gmt":"2019-01-29T19:13:44","guid":{"rendered":"https:\/\/www.medico.hr\/?page_id=11869"},"modified":"2025-07-30T14:24:07","modified_gmt":"2025-07-30T12:24:07","slug":"ortopedia","status":"publish","type":"page","link":"https:\/\/www.medico.hr\/it\/attivita\/ortopedia\/","title":{"rendered":"Ortopedia"},"content":{"rendered":"\n<p class=\"is-style-intro\">L\u2019ortopedia \u00e8 la branca della medicina che si occupa della diagnosi, cura e prevenzione di patologie e traumi dell\u2019apparato muscolo-scheletrico.<\/p>\n\n\n\n<p>Questa specialit\u00e0 comprende un\u2019ampia gamma di disturbi e condizioni, dalle lesioni articolari e ossee alle malattie degenerative che colpiscono il sistema muscolo-scheletrico.<\/p>\n\n\n\n<p>Gli ortopedici si avvalgono di vari strumenti diagnostici per identificare la natura e l\u2019entit\u00e0 del disturbo. Tra gli strumenti utilizzati rientrano le radiografie, la risonanza magnetica (RM), la tomografia computerizzata multistrato (MSCT), l\u2019ecografia e la valutazione clinica.<\/p>\n\n\n\n<p>Presso l\u2019Ospedale Specialistico Medico si adotta un approccio individualizzato, finalizzato a una diagnosi mirata e alla definizione del percorso terapeutico in accordo con il paziente, considerando le sue caratteristiche personali, il quadro clinico e le necessit\u00e0 della vita quotidiana.<\/p>\n\n\n\n<p>L\u2019ortopedia evolve costantemente grazie all\u2019innovazione tecnologica. All\u2019interno dell\u2019ampia offerta terapeutica per le patologie dell\u2019apparato muscolo-scheletrico, presso l\u2019Ospedale Specialistico Medico si eseguono interventi chirurgici mini-invasivi, tra cui artroscopie di spalla, gomito, ginocchio e caviglia, ricostruzioni tendinee e del legamento crociato anteriore, interventi su menisco, spalla e gomito del tennista, oltre a correzioni chirurgiche di deformit\u00e0 del piede, delle dita e dell\u2019alluce valgo.<\/p>\n\n\n\n<p>L\u2019Ospedale Specialistico Medico ha notevolmente ampliato la gamma di interventi chirurgici ortopedici, rafforzando il proprio team che utilizza le pi\u00f9 moderne tecniche di medicina rigenerativa, ovvero ortobiologia.<\/p>\n\n\n\n<p>La medicina rigenerativa mira a sviluppare nuovi trattamenti per tessuti e organi, promuovendo e utilizzando le capacit\u00e0 innate di rigenerazione del corpo umano. Lo scopo di questo trattamento \u00e8 ripristinare la funzionalit\u00e0 del tessuto o dell\u2019organo compromesso a causa di invecchiamento, malattia o danni.<\/p>\n\n\n\n<p>L\u2019ortobiologia, ramo della medicina rigenerativa, impiega sostanze biologiche naturali del corpo umano per favorire la cura delle malattie dell\u2019apparato muscolo-scheletrico. In parole semplici, i farmaci biologici impiegati in ortobiologia agiscono in sinergia con le cellule e i tessuti del corpo per stimolare i processi di guarigione in diverse patologie ortopediche, specialmente in quelle aree dell\u2019apparato muscolo-scheletrico che si rigenerano o cicatrizzano con difficolt\u00e0.<\/p>\n\n\n\n<p>Presso l\u2019Ospedale Specialistico Medico mettiamo a disposizione dei nostri pazienti tutte le pi\u00f9 avanzate tecniche di trattamento ortobiologico.<\/p>\n\n\n            <div class=\"block-accordion-wrap\">\r\n                    <div class=\"block-accordion-item\" id=\"block-accordion-item-1\">\r\n                <div class=\"block-accordion-title closed\">\r\n                    <h3>ACIDO IALURONICO (IALURONATO)<\/h3><\/div>\r\n                <div class=\"block-accordion-content\"\r\n                     style=\"display: none;\"><p>L\u2019acido ialuronico \u00e8 una grande molecola viscoelastica di glicosaminoglicano che si trova naturalmente nel liquido sinoviale (intra-articolare) e nella cartilagine. Favorisce la rigenerazione della cartilagine articolare, lubrifica l\u2019articolazione, assorbe gli urti durante il movimento e protegge lo strato superficiale della cartilagine. La sua applicazione allevia il dolore, migliora la mobilit\u00e0 delle articolazioni e pu\u00f2 ritardare l\u2019intervento chirurgico.<\/p>\n<\/div>\r\n                <div style=\"overflow: hidden;\"><\/div>\r\n            <\/div>\r\n                                <div class=\"block-accordion-item\" id=\"block-accordion-item-2\">\r\n                <div class=\"block-accordion-title closed\">\r\n                    <h3>PLASMA AUTOLOGA CONDIZIONATA (ACP o TERAPIA PRP)<\/h3><\/div>\r\n                <div class=\"block-accordion-content\"\r\n                     style=\"display: none;\"><p>La terapia con plasma autologo condizionato (ACP, dall\u2019inglese Autologous Conditioned Plasma) \u00e8 un trattamento con plasma ricco di piastrine (PRP, dall\u2019inglese Platelet-Rich Plasma) ampiamente utilizzato oggi nella medicina rigenerativa.<\/p>\n<p>Il plasma ricco di piastrine, estratto dal sangue del paziente, favorisce la rigenerazione e il recupero dei tessuti danneggiati sia acutamente che cronicamente a causa dell\u2019invecchiamento (degenerazione). La terapia PRP pu\u00f2 prevenire lo sviluppo di nuovi danni e ridurre il rischio di recidive.<\/p>\n<\/div>\r\n                <div style=\"overflow: hidden;\"><\/div>\r\n            <\/div>\r\n                                <div class=\"block-accordion-item\" id=\"block-accordion-item-3\">\r\n                <div class=\"block-accordion-title closed\">\r\n                    <h3>CELLULE STAMINALI MESENCHIMALI<\/h3><\/div>\r\n                <div class=\"block-accordion-content\"\r\n                     style=\"display: none;\"><p>Le cellule staminali sono note per le loro molteplici capacit\u00e0 nel ripristino e nella rigenerazione dei tessuti danneggiati. L\u2019aspetto principale \u00e8 la rigenerazione del tessuto lesionato e l\u2019effetto antinfiammatorio, ovvero un trattamento volto a riportare lo stato del tessuto a quello precedente la malattia. Questa terapia \u00e8 principalmente utilizzata nei pazienti affetti da artrosi o osteoartrite di una o pi\u00f9 articolazioni, nonch\u00e9 nelle malattie degenerative della colonna vertebrale.<\/p>\n<\/div>\r\n                <div style=\"overflow: hidden;\"><\/div>\r\n            <\/div>\r\n                                <div class=\"block-accordion-item\" id=\"block-accordion-item-4\">\r\n                <div class=\"block-accordion-title closed\">\r\n                    <h3>CORTICOSTEROIDI<\/h3><\/div>\r\n                <div class=\"block-accordion-content\"\r\n                     style=\"display: none;\"><p>L\u2019uso dei corticosteroidi non rientra tra le tecniche pi\u00f9 avanzate offerte dall\u2019ortobiologia, ma li menzioniamo qui per la loro ampia applicazione in ortopedia. Le iniezioni locali, chiamate comunemente \u201cblocco\u201d, vengono impiegate sin dagli anni \u201950 del secolo scorso. La \u201cblocco\u201d \u00e8 un\u2019iniezione composta da un anestetico a breve durata d\u2019azione, che allevia temporaneamente il dolore, e un corticosteroide a lunga durata d\u2019azione, con effetto antinfiammatorio. L\u2019obiettivo del trattamento \u00e8 ridurre il dolore e il gonfiore, migliorando la mobilit\u00e0.<\/p>\n<p>Dopo la somministrazione della terapia ortobiologica, molti pazienti avvertono miglioramenti gi\u00e0 nei primi giorni; tuttavia, \u00e8 fondamentale ricordare che il trattamento rigenerativo necessita di tempo, poich\u00e9 il corpo si rinnova progressivamente. Il risultato completo si raggiunge di norma entro due-quattro mesi dall\u2019avvio della terapia ortobiologica.<\/p>\n<\/div>\r\n                <div style=\"overflow: hidden;\"><\/div>\r\n            <\/div>\r\n                        <\/div>\r\n","protected":false},"excerpt":{"rendered":"<p>L\u2019ortopedia \u00e8 la branca della medicina che si occupa della diagnosi, cura e prevenzione di patologie e traumi dell\u2019apparato muscolo-scheletrico&#8230;.<\/p>\n","protected":false},"author":1,"featured_media":11871,"parent":11400,"menu_order":0,"comment_status":"closed","ping_status":"closed","template":"service-single.php","meta":{"_acf_changed":false,"footnotes":""},"class_list":["post-11869","page","type-page","status-publish","has-post-thumbnail","hentry"],"acf":[],"yoast_head":"<!-- This site is optimized with the Yoast SEO plugin v27.5 - https:\/\/yoast.com\/product\/yoast-seo-wordpress\/ -->\n<title>Ortopedia | Ospedale Specialistico Medico<\/title>\n<meta name=\"description\" content=\"L\u2019ortopedia \u00e8 la branca della medicina che si occupa della diagnosi, cura e prevenzione di patologie e traumi dell\u2019apparato muscolo-scheletrico. Questa\" \/>\n<meta name=\"robots\" content=\"index, follow, max-snippet:-1, max-image-preview:large, max-video-preview:-1\" \/>\n<link rel=\"canonical\" href=\"https:\/\/www.medico.hr\/it\/attivita\/ortopedia\/\" \/>\n<meta property=\"og:locale\" content=\"it_IT\" \/>\n<meta property=\"og:type\" content=\"article\" \/>\n<meta property=\"og:title\" content=\"Ortopedia | Ospedale Specialistico Medico\" \/>\n<meta property=\"og:description\" content=\"L\u2019ortopedia \u00e8 la branca della medicina che si occupa della diagnosi, cura e prevenzione di patologie e traumi dell\u2019apparato muscolo-scheletrico. Questa\" \/>\n<meta property=\"og:url\" content=\"https:\/\/www.medico.hr\/it\/attivita\/ortopedia\/\" \/>\n<meta property=\"og:site_name\" content=\"Ospedale Specialistico Medico\" \/>\n<meta property=\"article:modified_time\" content=\"2025-07-30T12:24:07+00:00\" \/>\n<meta property=\"og:image\" content=\"https:\/\/www.medico.hr\/wp-content\/uploads\/2019\/02\/ortopedija.jpg\" \/>\n\t<meta property=\"og:image:width\" content=\"1200\" \/>\n\t<meta property=\"og:image:height\" content=\"675\" \/>\n\t<meta property=\"og:image:type\" content=\"image\/jpeg\" \/>\n<meta name=\"twitter:card\" content=\"summary_large_image\" \/>\n<meta name=\"twitter:label1\" content=\"Tempo di lettura stimato\" \/>\n\t<meta name=\"twitter:data1\" content=\"2 minuti\" \/>\n<script type=\"application\/ld+json\" class=\"yoast-schema-graph\">{\"@context\":\"https:\\\/\\\/schema.org\",\"@graph\":[{\"@type\":\"WebPage\",\"@id\":\"https:\\\/\\\/www.medico.hr\\\/it\\\/attivita\\\/ortopedia\\\/\",\"url\":\"https:\\\/\\\/www.medico.hr\\\/it\\\/attivita\\\/ortopedia\\\/\",\"name\":\"Ortopedia | Ospedale Specialistico Medico\",\"isPartOf\":{\"@id\":\"https:\\\/\\\/www.medico.hr\\\/it\\\/#website\"},\"primaryImageOfPage\":{\"@id\":\"https:\\\/\\\/www.medico.hr\\\/it\\\/attivita\\\/ortopedia\\\/#primaryimage\"},\"image\":{\"@id\":\"https:\\\/\\\/www.medico.hr\\\/it\\\/attivita\\\/ortopedia\\\/#primaryimage\"},\"thumbnailUrl\":\"https:\\\/\\\/www.medico.hr\\\/wp-content\\\/uploads\\\/2019\\\/02\\\/ortopedija.jpg\",\"datePublished\":\"2019-01-29T19:13:44+00:00\",\"dateModified\":\"2025-07-30T12:24:07+00:00\",\"description\":\"L\u2019ortopedia \u00e8 la branca della medicina che si occupa della diagnosi, cura e prevenzione di patologie e traumi dell\u2019apparato muscolo-scheletrico. Questa\",\"breadcrumb\":{\"@id\":\"https:\\\/\\\/www.medico.hr\\\/it\\\/attivita\\\/ortopedia\\\/#breadcrumb\"},\"inLanguage\":\"it-IT\",\"potentialAction\":[{\"@type\":\"ReadAction\",\"target\":[\"https:\\\/\\\/www.medico.hr\\\/it\\\/attivita\\\/ortopedia\\\/\"]}]},{\"@type\":\"ImageObject\",\"inLanguage\":\"it-IT\",\"@id\":\"https:\\\/\\\/www.medico.hr\\\/it\\\/attivita\\\/ortopedia\\\/#primaryimage\",\"url\":\"https:\\\/\\\/www.medico.hr\\\/wp-content\\\/uploads\\\/2019\\\/02\\\/ortopedija.jpg\",\"contentUrl\":\"https:\\\/\\\/www.medico.hr\\\/wp-content\\\/uploads\\\/2019\\\/02\\\/ortopedija.jpg\",\"width\":1200,\"height\":675},{\"@type\":\"BreadcrumbList\",\"@id\":\"https:\\\/\\\/www.medico.hr\\\/it\\\/attivita\\\/ortopedia\\\/#breadcrumb\",\"itemListElement\":[{\"@type\":\"ListItem\",\"position\":1,\"name\":\"Po\u010detna\",\"item\":\"https:\\\/\\\/www.medico.hr\\\/it\\\/\"},{\"@type\":\"ListItem\",\"position\":2,\"name\":\"Attivit\u00e0\",\"item\":\"https:\\\/\\\/www.medico.hr\\\/it\\\/attivita\\\/\"},{\"@type\":\"ListItem\",\"position\":3,\"name\":\"Ortopedia\"}]},{\"@type\":\"WebSite\",\"@id\":\"https:\\\/\\\/www.medico.hr\\\/it\\\/#website\",\"url\":\"https:\\\/\\\/www.medico.hr\\\/it\\\/\",\"name\":\"Specijalna bolnica Medico\",\"description\":\"In un solo giorno, in un solo luogo\",\"publisher\":{\"@id\":\"https:\\\/\\\/www.medico.hr\\\/it\\\/#organization\"},\"potentialAction\":[{\"@type\":\"SearchAction\",\"target\":{\"@type\":\"EntryPoint\",\"urlTemplate\":\"https:\\\/\\\/www.medico.hr\\\/it\\\/?s={search_term_string}\"},\"query-input\":{\"@type\":\"PropertyValueSpecification\",\"valueRequired\":true,\"valueName\":\"search_term_string\"}}],\"inLanguage\":\"it-IT\"},{\"@type\":\"Organization\",\"@id\":\"https:\\\/\\\/www.medico.hr\\\/it\\\/#organization\",\"name\":\"Specijalna bolnica Medico\",\"url\":\"https:\\\/\\\/www.medico.hr\\\/it\\\/\",\"logo\":{\"@type\":\"ImageObject\",\"inLanguage\":\"it-IT\",\"@id\":\"https:\\\/\\\/www.medico.hr\\\/it\\\/#\\\/schema\\\/logo\\\/image\\\/\",\"url\":\"https:\\\/\\\/www.medico.hr\\\/wp-content\\\/uploads\\\/2022\\\/03\\\/logo-medico.png\",\"contentUrl\":\"https:\\\/\\\/www.medico.hr\\\/wp-content\\\/uploads\\\/2022\\\/03\\\/logo-medico.png\",\"width\":391,\"height\":101,\"caption\":\"Specijalna bolnica Medico\"},\"image\":{\"@id\":\"https:\\\/\\\/www.medico.hr\\\/it\\\/#\\\/schema\\\/logo\\\/image\\\/\"}}]}<\/script>\n<!-- \/ Yoast SEO plugin. -->","yoast_head_json":{"title":"Ortopedia | Ospedale Specialistico Medico","description":"L\u2019ortopedia \u00e8 la branca della medicina che si occupa della diagnosi, cura e prevenzione di patologie e traumi dell\u2019apparato muscolo-scheletrico. Questa","robots":{"index":"index","follow":"follow","max-snippet":"max-snippet:-1","max-image-preview":"max-image-preview:large","max-video-preview":"max-video-preview:-1"},"canonical":"https:\/\/www.medico.hr\/it\/attivita\/ortopedia\/","og_locale":"it_IT","og_type":"article","og_title":"Ortopedia | Ospedale Specialistico Medico","og_description":"L\u2019ortopedia \u00e8 la branca della medicina che si occupa della diagnosi, cura e prevenzione di patologie e traumi dell\u2019apparato muscolo-scheletrico. Questa","og_url":"https:\/\/www.medico.hr\/it\/attivita\/ortopedia\/","og_site_name":"Ospedale Specialistico Medico","article_modified_time":"2025-07-30T12:24:07+00:00","og_image":[{"width":1200,"height":675,"url":"https:\/\/www.medico.hr\/wp-content\/uploads\/2019\/02\/ortopedija.jpg","type":"image\/jpeg"}],"twitter_card":"summary_large_image","twitter_misc":{"Tempo di lettura stimato":"2 minuti"},"schema":{"@context":"https:\/\/schema.org","@graph":[{"@type":"WebPage","@id":"https:\/\/www.medico.hr\/it\/attivita\/ortopedia\/","url":"https:\/\/www.medico.hr\/it\/attivita\/ortopedia\/","name":"Ortopedia | Ospedale Specialistico Medico","isPartOf":{"@id":"https:\/\/www.medico.hr\/it\/#website"},"primaryImageOfPage":{"@id":"https:\/\/www.medico.hr\/it\/attivita\/ortopedia\/#primaryimage"},"image":{"@id":"https:\/\/www.medico.hr\/it\/attivita\/ortopedia\/#primaryimage"},"thumbnailUrl":"https:\/\/www.medico.hr\/wp-content\/uploads\/2019\/02\/ortopedija.jpg","datePublished":"2019-01-29T19:13:44+00:00","dateModified":"2025-07-30T12:24:07+00:00","description":"L\u2019ortopedia \u00e8 la branca della medicina che si occupa della diagnosi, cura e prevenzione di patologie e traumi dell\u2019apparato muscolo-scheletrico. Questa","breadcrumb":{"@id":"https:\/\/www.medico.hr\/it\/attivita\/ortopedia\/#breadcrumb"},"inLanguage":"it-IT","potentialAction":[{"@type":"ReadAction","target":["https:\/\/www.medico.hr\/it\/attivita\/ortopedia\/"]}]},{"@type":"ImageObject","inLanguage":"it-IT","@id":"https:\/\/www.medico.hr\/it\/attivita\/ortopedia\/#primaryimage","url":"https:\/\/www.medico.hr\/wp-content\/uploads\/2019\/02\/ortopedija.jpg","contentUrl":"https:\/\/www.medico.hr\/wp-content\/uploads\/2019\/02\/ortopedija.jpg","width":1200,"height":675},{"@type":"BreadcrumbList","@id":"https:\/\/www.medico.hr\/it\/attivita\/ortopedia\/#breadcrumb","itemListElement":[{"@type":"ListItem","position":1,"name":"Po\u010detna","item":"https:\/\/www.medico.hr\/it\/"},{"@type":"ListItem","position":2,"name":"Attivit\u00e0","item":"https:\/\/www.medico.hr\/it\/attivita\/"},{"@type":"ListItem","position":3,"name":"Ortopedia"}]},{"@type":"WebSite","@id":"https:\/\/www.medico.hr\/it\/#website","url":"https:\/\/www.medico.hr\/it\/","name":"Specijalna bolnica Medico","description":"In un solo giorno, in un solo luogo","publisher":{"@id":"https:\/\/www.medico.hr\/it\/#organization"},"potentialAction":[{"@type":"SearchAction","target":{"@type":"EntryPoint","urlTemplate":"https:\/\/www.medico.hr\/it\/?s={search_term_string}"},"query-input":{"@type":"PropertyValueSpecification","valueRequired":true,"valueName":"search_term_string"}}],"inLanguage":"it-IT"},{"@type":"Organization","@id":"https:\/\/www.medico.hr\/it\/#organization","name":"Specijalna bolnica Medico","url":"https:\/\/www.medico.hr\/it\/","logo":{"@type":"ImageObject","inLanguage":"it-IT","@id":"https:\/\/www.medico.hr\/it\/#\/schema\/logo\/image\/","url":"https:\/\/www.medico.hr\/wp-content\/uploads\/2022\/03\/logo-medico.png","contentUrl":"https:\/\/www.medico.hr\/wp-content\/uploads\/2022\/03\/logo-medico.png","width":391,"height":101,"caption":"Specijalna bolnica Medico"},"image":{"@id":"https:\/\/www.medico.hr\/it\/#\/schema\/logo\/image\/"}}]}},"_links":{"self":[{"href":"https:\/\/www.medico.hr\/it\/wp-json\/wp\/v2\/pages\/11869","targetHints":{"allow":["GET"]}}],"collection":[{"href":"https:\/\/www.medico.hr\/it\/wp-json\/wp\/v2\/pages"}],"about":[{"href":"https:\/\/www.medico.hr\/it\/wp-json\/wp\/v2\/types\/page"}],"author":[{"embeddable":true,"href":"https:\/\/www.medico.hr\/it\/wp-json\/wp\/v2\/users\/1"}],"replies":[{"embeddable":true,"href":"https:\/\/www.medico.hr\/it\/wp-json\/wp\/v2\/comments?post=11869"}],"version-history":[{"count":2,"href":"https:\/\/www.medico.hr\/it\/wp-json\/wp\/v2\/pages\/11869\/revisions"}],"predecessor-version":[{"id":11874,"href":"https:\/\/www.medico.hr\/it\/wp-json\/wp\/v2\/pages\/11869\/revisions\/11874"}],"up":[{"embeddable":true,"href":"https:\/\/www.medico.hr\/it\/wp-json\/wp\/v2\/pages\/11400"}],"wp:featuredmedia":[{"embeddable":true,"href":"https:\/\/www.medico.hr\/it\/wp-json\/wp\/v2\/media\/11871"}],"wp:attachment":[{"href":"https:\/\/www.medico.hr\/it\/wp-json\/wp\/v2\/media?parent=11869"}],"curies":[{"name":"wp","href":"https:\/\/api.w.org\/{rel}","templated":true}]}}