{"id":11884,"date":"2023-10-02T09:37:23","date_gmt":"2023-10-02T07:37:23","guid":{"rendered":"https:\/\/www.medico.hr\/?page_id=11884"},"modified":"2025-07-30T14:28:06","modified_gmt":"2025-07-30T12:28:06","slug":"consulenza-psicologica","status":"publish","type":"page","link":"https:\/\/www.medico.hr\/it\/attivita\/consulenza-psicologica\/","title":{"rendered":"Consulenza psicologica"},"content":{"rendered":"\n<p class=\"is-style-intro\">Nell\u2019Ospedale Specialistico Medico offriamo supporto psicologico professionale a singoli o gruppi che, a causa di diverse circostanze della vita o pressioni esterne, trovano difficolt\u00e0 nella gestione delle situazioni quotidiane o desiderano risolvere problemi specifici, come migliorare una relazione.<\/p>\n\n\n\n<p>La consulenza psicologica \u00e8 finalizzata a rafforzare e preparare gli individui ad affrontare con maggiore facilit\u00e0 le difficolt\u00e0 e a risolvere autonomamente i problemi della vita, con l\u2019obiettivo di aumentare la soddisfazione e la qualit\u00e0 della vita. Il nostro obiettivo \u00e8 fornire alle persone nuove competenze che facilitino un migliore adattamento e gestione delle situazioni di crisi nella vita quotidiana.<\/p>\n\n\n\n<p>Nel nostro ospedale, tuteliamo con la massima attenzione la vostra privacy, fiducia e sicurezza. Perci\u00f2 non esitate a contattarci, senza alcun timore o esitazione, perch\u00e9 siamo qui per offrirvi la sicurezza e il supporto di cui avete bisogno.<\/p>\n\n\n\n<p>Servizi:<\/p>\n\n\n\n<p>Consulenza psicologica (individuale)<br>Consulenza psicologica (familiare)<br>Consulenza matrimoniale\/di coppia<br>Consulenza per adolescenti (dai 15 anni)<br>Disturbi alimentari<\/p>\n","protected":false},"excerpt":{"rendered":"<p>Nell\u2019Ospedale Specialistico Medico offriamo supporto psicologico professionale a singoli o gruppi che, a causa di diverse circostanze della vita o&#8230;<\/p>\n","protected":false},"author":1,"featured_media":0,"parent":11400,"menu_order":0,"comment_status":"closed","ping_status":"closed","template":"service-single.php","meta":{"_acf_changed":false,"footnotes":""},"class_list":["post-11884","page","type-page","status-publish","hentry"],"acf":[],"yoast_head":"<!-- This site is optimized with the Yoast SEO plugin v27.5 - https:\/\/yoast.com\/product\/yoast-seo-wordpress\/ -->\n<title>Consulenza psicologica | Ospedale Specialistico Medico<\/title>\n<meta name=\"description\" content=\"Nell\u2019Ospedale Specialistico Medico offriamo supporto psicologico professionale a singoli o gruppi che, a causa di diverse circostanze della vita o\" \/>\n<meta name=\"robots\" content=\"index, follow, max-snippet:-1, max-image-preview:large, max-video-preview:-1\" \/>\n<link rel=\"canonical\" href=\"https:\/\/www.medico.hr\/it\/attivita\/consulenza-psicologica\/\" \/>\n<meta property=\"og:locale\" content=\"it_IT\" \/>\n<meta property=\"og:type\" content=\"article\" \/>\n<meta property=\"og:title\" content=\"Consulenza psicologica | Ospedale Specialistico Medico\" \/>\n<meta property=\"og:description\" content=\"Nell\u2019Ospedale Specialistico Medico offriamo supporto psicologico professionale a singoli o gruppi che, a causa di diverse circostanze della vita o\" \/>\n<meta property=\"og:url\" content=\"https:\/\/www.medico.hr\/it\/attivita\/consulenza-psicologica\/\" \/>\n<meta property=\"og:site_name\" content=\"Ospedale Specialistico Medico\" \/>\n<meta property=\"article:modified_time\" content=\"2025-07-30T12:28:06+00:00\" \/>\n<meta name=\"twitter:card\" content=\"summary_large_image\" \/>\n<meta name=\"twitter:label1\" content=\"Tempo di lettura stimato\" \/>\n\t<meta name=\"twitter:data1\" content=\"1 minuto\" \/>\n<script type=\"application\/ld+json\" class=\"yoast-schema-graph\">{\"@context\":\"https:\\\/\\\/schema.org\",\"@graph\":[{\"@type\":\"WebPage\",\"@id\":\"https:\\\/\\\/www.medico.hr\\\/it\\\/attivita\\\/consulenza-psicologica\\\/\",\"url\":\"https:\\\/\\\/www.medico.hr\\\/it\\\/attivita\\\/consulenza-psicologica\\\/\",\"name\":\"Consulenza psicologica | Ospedale Specialistico Medico\",\"isPartOf\":{\"@id\":\"https:\\\/\\\/www.medico.hr\\\/it\\\/#website\"},\"datePublished\":\"2023-10-02T07:37:23+00:00\",\"dateModified\":\"2025-07-30T12:28:06+00:00\",\"description\":\"Nell\u2019Ospedale Specialistico Medico offriamo supporto psicologico professionale a singoli o gruppi che, a causa di diverse circostanze della vita o\",\"breadcrumb\":{\"@id\":\"https:\\\/\\\/www.medico.hr\\\/it\\\/attivita\\\/consulenza-psicologica\\\/#breadcrumb\"},\"inLanguage\":\"it-IT\",\"potentialAction\":[{\"@type\":\"ReadAction\",\"target\":[\"https:\\\/\\\/www.medico.hr\\\/it\\\/attivita\\\/consulenza-psicologica\\\/\"]}]},{\"@type\":\"BreadcrumbList\",\"@id\":\"https:\\\/\\\/www.medico.hr\\\/it\\\/attivita\\\/consulenza-psicologica\\\/#breadcrumb\",\"itemListElement\":[{\"@type\":\"ListItem\",\"position\":1,\"name\":\"Po\u010detna\",\"item\":\"https:\\\/\\\/www.medico.hr\\\/it\\\/\"},{\"@type\":\"ListItem\",\"position\":2,\"name\":\"Attivit\u00e0\",\"item\":\"https:\\\/\\\/www.medico.hr\\\/it\\\/attivita\\\/\"},{\"@type\":\"ListItem\",\"position\":3,\"name\":\"Consulenza psicologica\"}]},{\"@type\":\"WebSite\",\"@id\":\"https:\\\/\\\/www.medico.hr\\\/it\\\/#website\",\"url\":\"https:\\\/\\\/www.medico.hr\\\/it\\\/\",\"name\":\"Specijalna bolnica Medico\",\"description\":\"In un solo giorno, in un solo luogo\",\"publisher\":{\"@id\":\"https:\\\/\\\/www.medico.hr\\\/it\\\/#organization\"},\"potentialAction\":[{\"@type\":\"SearchAction\",\"target\":{\"@type\":\"EntryPoint\",\"urlTemplate\":\"https:\\\/\\\/www.medico.hr\\\/it\\\/?s={search_term_string}\"},\"query-input\":{\"@type\":\"PropertyValueSpecification\",\"valueRequired\":true,\"valueName\":\"search_term_string\"}}],\"inLanguage\":\"it-IT\"},{\"@type\":\"Organization\",\"@id\":\"https:\\\/\\\/www.medico.hr\\\/it\\\/#organization\",\"name\":\"Specijalna bolnica Medico\",\"url\":\"https:\\\/\\\/www.medico.hr\\\/it\\\/\",\"logo\":{\"@type\":\"ImageObject\",\"inLanguage\":\"it-IT\",\"@id\":\"https:\\\/\\\/www.medico.hr\\\/it\\\/#\\\/schema\\\/logo\\\/image\\\/\",\"url\":\"https:\\\/\\\/www.medico.hr\\\/wp-content\\\/uploads\\\/2022\\\/03\\\/logo-medico.png\",\"contentUrl\":\"https:\\\/\\\/www.medico.hr\\\/wp-content\\\/uploads\\\/2022\\\/03\\\/logo-medico.png\",\"width\":391,\"height\":101,\"caption\":\"Specijalna bolnica Medico\"},\"image\":{\"@id\":\"https:\\\/\\\/www.medico.hr\\\/it\\\/#\\\/schema\\\/logo\\\/image\\\/\"}}]}<\/script>\n<!-- \/ Yoast SEO plugin. -->","yoast_head_json":{"title":"Consulenza psicologica | Ospedale Specialistico Medico","description":"Nell\u2019Ospedale Specialistico Medico offriamo supporto psicologico professionale a singoli o gruppi che, a causa di diverse circostanze della vita o","robots":{"index":"index","follow":"follow","max-snippet":"max-snippet:-1","max-image-preview":"max-image-preview:large","max-video-preview":"max-video-preview:-1"},"canonical":"https:\/\/www.medico.hr\/it\/attivita\/consulenza-psicologica\/","og_locale":"it_IT","og_type":"article","og_title":"Consulenza psicologica | Ospedale Specialistico Medico","og_description":"Nell\u2019Ospedale Specialistico Medico offriamo supporto psicologico professionale a singoli o gruppi che, a causa di diverse circostanze della vita o","og_url":"https:\/\/www.medico.hr\/it\/attivita\/consulenza-psicologica\/","og_site_name":"Ospedale Specialistico Medico","article_modified_time":"2025-07-30T12:28:06+00:00","twitter_card":"summary_large_image","twitter_misc":{"Tempo di lettura stimato":"1 minuto"},"schema":{"@context":"https:\/\/schema.org","@graph":[{"@type":"WebPage","@id":"https:\/\/www.medico.hr\/it\/attivita\/consulenza-psicologica\/","url":"https:\/\/www.medico.hr\/it\/attivita\/consulenza-psicologica\/","name":"Consulenza psicologica | Ospedale Specialistico Medico","isPartOf":{"@id":"https:\/\/www.medico.hr\/it\/#website"},"datePublished":"2023-10-02T07:37:23+00:00","dateModified":"2025-07-30T12:28:06+00:00","description":"Nell\u2019Ospedale Specialistico Medico offriamo supporto psicologico professionale a singoli o gruppi che, a causa di diverse circostanze della vita o","breadcrumb":{"@id":"https:\/\/www.medico.hr\/it\/attivita\/consulenza-psicologica\/#breadcrumb"},"inLanguage":"it-IT","potentialAction":[{"@type":"ReadAction","target":["https:\/\/www.medico.hr\/it\/attivita\/consulenza-psicologica\/"]}]},{"@type":"BreadcrumbList","@id":"https:\/\/www.medico.hr\/it\/attivita\/consulenza-psicologica\/#breadcrumb","itemListElement":[{"@type":"ListItem","position":1,"name":"Po\u010detna","item":"https:\/\/www.medico.hr\/it\/"},{"@type":"ListItem","position":2,"name":"Attivit\u00e0","item":"https:\/\/www.medico.hr\/it\/attivita\/"},{"@type":"ListItem","position":3,"name":"Consulenza psicologica"}]},{"@type":"WebSite","@id":"https:\/\/www.medico.hr\/it\/#website","url":"https:\/\/www.medico.hr\/it\/","name":"Specijalna bolnica Medico","description":"In un solo giorno, in un solo luogo","publisher":{"@id":"https:\/\/www.medico.hr\/it\/#organization"},"potentialAction":[{"@type":"SearchAction","target":{"@type":"EntryPoint","urlTemplate":"https:\/\/www.medico.hr\/it\/?s={search_term_string}"},"query-input":{"@type":"PropertyValueSpecification","valueRequired":true,"valueName":"search_term_string"}}],"inLanguage":"it-IT"},{"@type":"Organization","@id":"https:\/\/www.medico.hr\/it\/#organization","name":"Specijalna bolnica Medico","url":"https:\/\/www.medico.hr\/it\/","logo":{"@type":"ImageObject","inLanguage":"it-IT","@id":"https:\/\/www.medico.hr\/it\/#\/schema\/logo\/image\/","url":"https:\/\/www.medico.hr\/wp-content\/uploads\/2022\/03\/logo-medico.png","contentUrl":"https:\/\/www.medico.hr\/wp-content\/uploads\/2022\/03\/logo-medico.png","width":391,"height":101,"caption":"Specijalna bolnica Medico"},"image":{"@id":"https:\/\/www.medico.hr\/it\/#\/schema\/logo\/image\/"}}]}},"_links":{"self":[{"href":"https:\/\/www.medico.hr\/it\/wp-json\/wp\/v2\/pages\/11884","targetHints":{"allow":["GET"]}}],"collection":[{"href":"https:\/\/www.medico.hr\/it\/wp-json\/wp\/v2\/pages"}],"about":[{"href":"https:\/\/www.medico.hr\/it\/wp-json\/wp\/v2\/types\/page"}],"author":[{"embeddable":true,"href":"https:\/\/www.medico.hr\/it\/wp-json\/wp\/v2\/users\/1"}],"replies":[{"embeddable":true,"href":"https:\/\/www.medico.hr\/it\/wp-json\/wp\/v2\/comments?post=11884"}],"version-history":[{"count":1,"href":"https:\/\/www.medico.hr\/it\/wp-json\/wp\/v2\/pages\/11884\/revisions"}],"predecessor-version":[{"id":11885,"href":"https:\/\/www.medico.hr\/it\/wp-json\/wp\/v2\/pages\/11884\/revisions\/11885"}],"up":[{"embeddable":true,"href":"https:\/\/www.medico.hr\/it\/wp-json\/wp\/v2\/pages\/11400"}],"wp:attachment":[{"href":"https:\/\/www.medico.hr\/it\/wp-json\/wp\/v2\/media?parent=11884"}],"curies":[{"name":"wp","href":"https:\/\/api.w.org\/{rel}","templated":true}]}}