{"id":11890,"date":"2019-01-29T21:11:19","date_gmt":"2019-01-29T20:11:19","guid":{"rendered":"https:\/\/www.medico.hr\/?page_id=11890"},"modified":"2025-07-30T14:31:51","modified_gmt":"2025-07-30T12:31:51","slug":"radiologia","status":"publish","type":"page","link":"https:\/\/www.medico.hr\/it\/attivita\/radiologia\/","title":{"rendered":"Radiologia"},"content":{"rendered":"\n<p class=\"is-style-intro\">La diagnostica radiologica \u00e8 una disciplina medica che utilizza apparecchiature basate su radiazioni ionizzanti, ultrasuoni e risonanza magnetica per individuare patologie di tutti i sistemi organici del corpo umano.<\/p>\n\n\n\n<p>Le moderne tecniche diagnostiche sono di fondamentale importanza per la precisa individuazione e il trattamento efficace delle malattie. L\u2019Ospedale Medico \u00e8 dotato di apparecchiature moderne a tecnologia digitale, che offrono immagini diagnostiche di alta qualit\u00e0 con elevata velocit\u00e0 di acquisizione, permettendo ai pazienti un esame rapido e confortevole.<\/p>\n\n\n\n<p>L\u2019approccio al paziente \u00e8 individuale e la scelta dell\u2019esame radiologico dipende dalle indicazioni cliniche.<\/p>\n\n\n            <div class=\"block-accordion-wrap\">\r\n                    <div class=\"block-accordion-item\" id=\"block-accordion-item-1\">\r\n                <div class=\"block-accordion-title closed\">\r\n                    <h2>RADIOGRAFIA DIGITALE \u2014 ESAME RX<\/h2><\/div>\r\n                <div class=\"block-accordion-content\"\r\n                     style=\"display: none;\"><p>Nell\u2019Ospedale Specialistico Medico disponiamo del sistema Philips Digital Diagnost Eleva per radiografia digitale, che consente l\u2019esecuzione di:<\/p>\n<p>RX delle ossa del cranio<br \/>\nRX dei seni paranasali<br \/>\nRX della colonna vertebrale<br \/>\nRX delle costole<br \/>\nRX dell\u2019apparato muscoloscheletrico<br \/>\nRX degli organi toracici<br \/>\nRX dell\u2019addome \u2013 panoramica addominale (SAP)<br \/>\nRX con mezzo di contrasto (urografia endovenosa \u2013 IVU)<br \/>\nLa radiografia viene utilizzata nella diagnostica poich\u00e9 mostra in dettaglio le strutture ossee ed \u00e8 pi\u00f9 frequentemente indicata in caso di traumi dell\u2019apparato scheletrico; \u00e8 inoltre ampiamente utilizzata per lo studio dei polmoni.<\/p>\n<p>Nella maggior parte dei casi, l\u2019esame radiografico non richiede una preparazione particolare. Prima dell\u2019esecuzione, il tecnico di radiologia medica Le fornir\u00e0 tutte le indicazioni necessarie. I tecnici di radiologia medica sono professionisti altamente qualificati, a disposizione per dialogare con voi sul problema di salute per cui vi state sottoponendo all\u2019esame e per rispondere a qualsiasi domanda riguardante la procedura diagnostica.<\/p>\n<p>La radiografia \u00e8 un metodo diagnostico completamente indolore e viene spesso combinata con altre tecniche diagnostiche, per es. l\u2019ecografia (UTZ) o la risonanza magnetica (RM), che si integrano reciprocamente per fornire le informazioni necessarie alla diagnosi di specifiche condizioni patologiche.<\/p>\n<p>Le radiografie oggi garantiscono un elevato livello di sicurezza rispetto ai rischi da radiazioni, grazie a regolari controlli e verifiche effettuati da enti specializzati esclusivamente negli standard tecnici per l\u2019uso delle radiazioni RX. Non esistono le zone di rischio, e particolare attenzione viene posta alla dose di radiazione, che con le apparecchiature digitali \u00e8 ridotta al minimo necessario: si utilizza sempre la dose pi\u00f9 bassa possibile per ottenere le informazioni diagnostiche richieste dall\u2019esame radiografico.<\/p>\n<p>Alle donne in et\u00e0 fertile che si presentano per un esame radiografico, \u00e8 sempre buona norma chiedere informazioni riguardo a un\u2019eventuale gravidanza, cos\u00ec da poter, se necessario, optare per un metodo diagnostico alternativo pi\u00f9 sicuro.<\/p>\n<\/div>\r\n                <div style=\"overflow: hidden;\"><\/div>\r\n            <\/div>\r\n                                <div class=\"block-accordion-item\" id=\"block-accordion-item-2\">\r\n                <div class=\"block-accordion-title closed\">\r\n                    <h2>MAMMOGRAFIA<\/h2><\/div>\r\n                <div class=\"block-accordion-content\"\r\n                     style=\"display: none;\"><p>La mammografia \u00e8 un esame radiologico utilizzato per la diagnosi delle patologie mammarie. L\u2019esame viene effettuato mediante mammografo, un dispositivo che funziona grazie all\u2019impiego di radiazioni ionizzanti. Durante l\u2019esame, il seno viene compresso tra due piastre del mammografo.<\/p>\n<p>Alla Clinica Specialistica Medico disponiamo del Siemens MAMMOMAT Inspiration, un mammografo moderno dotato di tomosintesi che permette acquisizioni 3D, garantendo risultati pi\u00f9 veloci e precisi, oltre a un\u2019esame pi\u00f9 confortevole per la paziente.<\/p>\n<p>La prima mammografia viene solitamente consigliata alle donne a partire dai 40 anni, o prima in caso di specifiche indicazioni. Se avete una storia familiare positiva, le raccomandazioni variano in base al rischio stimato di carcinoma della mammella, e il medico vi guider\u00e0 di conseguenza.<\/p>\n<p>Mammografia e ecografia mammaria sono tecniche complementari che costituiscono lo standard per la diagnosi di tumori e altre anomalie del seno. Le basse dosi di radiazioni ionizzanti a cui la donna \u00e8 esposta durante la mammografia comportano un rischio molto inferiore rispetto ai benefici che questo esame offre.<\/p>\n<p>Questo esame non richiede alcuna preparazione particolare. Al momento della visita, evitate di applicare crema, cipria, lozioni o deodorante. L\u2019esame dura solitamente 15-20 minuti e durante la procedura la paziente deve rimanere in piedi mentre il seno viene compresso.<\/p>\n<p>Il momento ideale per effettuare la mammografia \u00e8 tra il quinto e il decimo giorno del ciclo mestruale.<\/p>\n<\/div>\r\n                <div style=\"overflow: hidden;\"><\/div>\r\n            <\/div>\r\n                                <div class=\"block-accordion-item\" id=\"block-accordion-item-3\">\r\n                <div class=\"block-accordion-title closed\">\r\n                    <h2>RISONANZA MAGNETICA<\/h2><\/div>\r\n                <div class=\"block-accordion-content\"\r\n                     style=\"display: none;\"><p><!-- wp:paragraph --><\/p>\n<p>Una moderna indagine diagnostica come la risonanza magnetica offre una visualizzazione dettagliata degli organi e del corpo, ed \u00e8 utilizzata per la valutazione di diverse condizioni o patologie. Presso la Clinica Specialistica Medico eseguiamo le risonanze magnetiche utilizzando il sistema Philips Ingenia Ambition da 1,5 Tesla, dotato di tecnologia digitale avanzata e software all\u2019avanguardia, mentre i nostri radiologi, grazie alla loro pluriennale esperienza nell\u2019interpretazione delle immagini RM, vi forniranno il referto nel minor tempo possibile, lo illustreranno e vi consiglieranno i prossimi passi da seguire.<\/p>\n<p>Poich\u00e9 la risonanza magnetica rappresenta un esame diagnostico di alto livello, l\u2019indicazione per l\u2019esecuzione della RM dipende dalla sintomatologia, e presso l\u2019Ospedale Specialistico Medico \u00e8 possibile effettuare:<\/p>\n<p>RM della testa, del cervello<br \/>\nRM dell\u2019intera colonna vertebrale<br \/>\nRM del collo<br \/>\nRM delle articolazioni temporomandibolari<br \/>\nRM del plesso brachiale<br \/>\nRM del seno<br \/>\nRM degli organi addominali + MRCP<br \/>\nRM del sistema muscolo-scheletrico (apparato locomotore)<br \/>\nRM dei vasi sanguigni (angiografie)<br \/>\nRM fistulografia<br \/>\nRM enterografia (esame dell\u2019intestino tenue)<br \/>\nRM del bacino<br \/>\nRM imaging multiparametrico della prostata<br \/>\nRM half body<br \/>\nDurante gli esami RM si entra nel campo magnetico, pertanto \u00e8 necessaria una preparazione del paziente riguardo a tutti gli oggetti metallici che non devono essere introdotti nell\u2019area destinata all\u2019esame, come: gioielli, orologi, carte di credito, cuffie varie, telefoni cellulari, monete, fermagli, forcine, chiusure metalliche, bottoni, penne, occhiali, coltelli tascabili, protesi dentarie mobili&#8230;<\/p>\n<p>Prima di iniziare l\u2019esame, il paziente firma il consenso informato, che contiene domande fondamentali per la sicurezza del paziente all\u2019ingresso nel campo magnetico.<\/p>\n<p>Le indicazioni riguardo all\u2019assunzione di cibo e bevande prima della risonanza magnetica dipendono dal tipo di esame a cui siete stati indirizzati, mentre gli esami RM dell\u2019apparato muscoloscheletrico non richiedono particolari accorgimenti alimentari.<\/p>\n<p>In alcuni esami di risonanza magnetica pu\u00f2 essere necessario l\u2019uso di un mezzo di contrasto somministrato per via endovenosa.<\/p>\n<p>Il personale radiologico vi far\u00e0 alcune domande riguardo a eventuali allergie a farmaci, alimenti o altre sostanze. I mezzi di contrasto utilizzati per la risonanza magnetica contengono gadolinio e, di norma, non provocano reazioni allergiche.<\/p>\n<p>Le donne che potrebbero essere in gravidanza sono tenute a informare il personale radiologico prima di effettuare l\u2019esame.<\/p>\n<p><!-- \/wp:paragraph --><\/p>\n<\/div>\r\n                <div style=\"overflow: hidden;\"><\/div>\r\n            <\/div>\r\n                                <div class=\"block-accordion-item\" id=\"block-accordion-item-4\">\r\n                <div class=\"block-accordion-title closed\">\r\n                    <h2>DIAGNOSTICA ECOGRAFICA<\/h2><\/div>\r\n                <div class=\"block-accordion-content\"\r\n                     style=\"display: none;\"><p><!-- wp:paragraph --><\/p>\n<p>L\u2019ecografia \u00e8 una tecnica diagnostica moderna che impiega onde ultrasonore per visualizzare principalmente gli organi interni, nonch\u00e9 le strutture superficiali e i vasi sanguigni. L\u2019esame ecografico \u00e8 completamente sicuro e indolore.<\/p>\n<p>L\u2019esame ecografico dura generalmente tra i 15 e i 30 minuti. Durante l\u2019esame ecografico, il paziente rimane disteso sul lettino o seduto, mentre il medico applica il gel sulla pelle e muove la sonda ecografica sopra l\u2019area da esaminare per acquisire le immagini necessarie. Alcuni esami ecografici richiedono una preparazione particolare; il nostro staff vi fornir\u00e0 tutte le istruzioni necessarie al momento della prenotazione.<\/p>\n<p>Esami ecografici disponibili presso l\u2019Ospedale Specialistico Medico:<\/p>\n<p>UTZ del seno<br \/>\nUTZ dell\u2019addome<br \/>\nUTZ del collo e della tiroide<br \/>\nUTZ delle ascelle \/ inguine<br \/>\nUTZ dell\u2019urotratto e dei testicoli<br \/>\nUTZ della prostata<br \/>\nUTZ delle strutture superficiali<br \/>\nUTZ dello spazio pleurico<br \/>\nUTZ delle anche<br \/>\nUTZ dei linfonodi<br \/>\nUTZ dei reni<br \/>\nPuntura citologica guidata da UTZ (con referto)<br \/>\nCD delle arterie carotidee, circolo vertebro-basilare + TCD<br \/>\nCD delle vene \/ arterie delle gambe<br \/>\nCD delle vene \/ arterie delle braccia<br \/>\nCD doppler transcranico<br \/>\nCD delle arterie renali e dei reni<br \/>\nCD dell\u2019aorta addominale<br \/>\nCD dei testicoli<\/p>\n<p><!-- \/wp:list --><\/p>\n<\/div>\r\n                <div style=\"overflow: hidden;\"><\/div>\r\n            <\/div>\r\n                                <div class=\"block-accordion-item\" id=\"block-accordion-item-5\">\r\n                <div class=\"block-accordion-title closed\">\r\n                    <h2>TOMOGRAFIA COMPUTERIZZATA MULTISTRATO (MSCT)<\/h2><\/div>\r\n                <div class=\"block-accordion-content\"\r\n                     style=\"display: none;\"><p>Il dispositivo MSCT permette di raccogliere un maggior volume di dati grazie al passaggio dei raggi X nel corpo del paziente, assicurando una scansione pi\u00f9 rapida e di durata ridotta, con una minore esposizione alle radiazioni e un\u2019alta precisione diagnostica.<\/p>\n<p>La MSCT acquisisce in modo stratificato una serie di immagini radiografiche e utilizza l\u2019elaborazione computerizzata per creare e ricostruire le immagini dei tessuti e degli organi del vostro corpo. Viene utilizzata per visualizzare tutte le parti del corpo, diagnosticare malattie o traumi e pianificare trattamenti medici o interventi chirurgici.<\/p>\n<p>L\u2019esame dura poco, appena pochi secondi. In base alla diagnosi e alla zona da esaminare, l\u2019esame pu\u00f2 essere effettuato sia senza mezzo di contrasto sia con somministrazione endovenosa dello stesso.<\/p>\n<p>Per la somministrazione del mezzo di contrasto endovenoso, \u00e8 necessario che il paziente presenti i valori ematici di urea e creatinina.<\/p>\n<p>Esami MSCT disponibili presso l\u2019Ospedale Specialistico Medico:<\/p>\n<p>MSCT della colonna vertebrale (mirato)<br \/>\nMSCT urografia<br \/>\nMSCT della colonna vertebrale toracica<br \/>\nMSCT del torace e dell\u2019addome<br \/>\nMSCT della colonna cervicale<br \/>\nMSCT della testa<br \/>\nMSCT della colonna lombosacrale<br \/>\nMSCT del bacino<br \/>\nMSCT delle articolazioni, mani, piedi, arti<br \/>\nMSCT dei seni paranasali<br \/>\nMSCT del torace, addome e bacino<br \/>\nMSCT dell\u2019addome<br \/>\nMSCT del collo<br \/>\nMSCT dell\u2019addome e del bacino<br \/>\nMSCT della testa e del collo<br \/>\nMSCT del torace<br \/>\nMSCT delle ghiandole surrenali<br \/>\nMSCT dell\u2019apparato urinario (nativo)<\/p>\n<\/div>\r\n                <div style=\"overflow: hidden;\"><\/div>\r\n            <\/div>\r\n                        <\/div>\r\n","protected":false},"excerpt":{"rendered":"<p>La diagnostica radiologica \u00e8 una disciplina medica che utilizza apparecchiature basate su radiazioni ionizzanti, ultrasuoni e risonanza magnetica per individuare&#8230;<\/p>\n","protected":false},"author":1,"featured_media":11893,"parent":11400,"menu_order":0,"comment_status":"closed","ping_status":"closed","template":"service-single.php","meta":{"_acf_changed":false,"footnotes":""},"class_list":["post-11890","page","type-page","status-publish","has-post-thumbnail","hentry"],"acf":[],"yoast_head":"<!-- This site is optimized with the Yoast SEO plugin v27.5 - https:\/\/yoast.com\/product\/yoast-seo-wordpress\/ -->\n<title>Radiologia | Ospedale Specialistico Medico<\/title>\n<meta name=\"description\" content=\"La diagnostica radiologica \u00e8 una disciplina medica che utilizza apparecchiature basate su radiazioni ionizzanti, ultrasuoni e risonanza magnetica per\" \/>\n<meta name=\"robots\" content=\"index, follow, max-snippet:-1, max-image-preview:large, max-video-preview:-1\" \/>\n<link rel=\"canonical\" href=\"https:\/\/www.medico.hr\/it\/attivita\/radiologia\/\" \/>\n<meta property=\"og:locale\" content=\"it_IT\" \/>\n<meta property=\"og:type\" content=\"article\" \/>\n<meta property=\"og:title\" content=\"Radiologia | Ospedale Specialistico Medico\" \/>\n<meta property=\"og:description\" content=\"La diagnostica radiologica \u00e8 una disciplina medica che utilizza apparecchiature basate su radiazioni ionizzanti, ultrasuoni e risonanza magnetica per\" \/>\n<meta property=\"og:url\" content=\"https:\/\/www.medico.hr\/it\/attivita\/radiologia\/\" \/>\n<meta property=\"og:site_name\" content=\"Ospedale Specialistico Medico\" \/>\n<meta property=\"article:modified_time\" content=\"2025-07-30T12:31:51+00:00\" \/>\n<meta property=\"og:image\" content=\"https:\/\/www.medico.hr\/wp-content\/uploads\/2019\/02\/radiologija.jpg\" \/>\n\t<meta property=\"og:image:width\" content=\"1200\" \/>\n\t<meta property=\"og:image:height\" content=\"675\" \/>\n\t<meta property=\"og:image:type\" content=\"image\/jpeg\" \/>\n<meta name=\"twitter:card\" content=\"summary_large_image\" \/>\n<script type=\"application\/ld+json\" class=\"yoast-schema-graph\">{\"@context\":\"https:\\\/\\\/schema.org\",\"@graph\":[{\"@type\":\"WebPage\",\"@id\":\"https:\\\/\\\/www.medico.hr\\\/it\\\/attivita\\\/radiologia\\\/\",\"url\":\"https:\\\/\\\/www.medico.hr\\\/it\\\/attivita\\\/radiologia\\\/\",\"name\":\"Radiologia | Ospedale Specialistico Medico\",\"isPartOf\":{\"@id\":\"https:\\\/\\\/www.medico.hr\\\/it\\\/#website\"},\"primaryImageOfPage\":{\"@id\":\"https:\\\/\\\/www.medico.hr\\\/it\\\/attivita\\\/radiologia\\\/#primaryimage\"},\"image\":{\"@id\":\"https:\\\/\\\/www.medico.hr\\\/it\\\/attivita\\\/radiologia\\\/#primaryimage\"},\"thumbnailUrl\":\"https:\\\/\\\/www.medico.hr\\\/wp-content\\\/uploads\\\/2019\\\/02\\\/radiologija.jpg\",\"datePublished\":\"2019-01-29T20:11:19+00:00\",\"dateModified\":\"2025-07-30T12:31:51+00:00\",\"description\":\"La diagnostica radiologica \u00e8 una disciplina medica che utilizza apparecchiature basate su radiazioni ionizzanti, ultrasuoni e risonanza magnetica per\",\"breadcrumb\":{\"@id\":\"https:\\\/\\\/www.medico.hr\\\/it\\\/attivita\\\/radiologia\\\/#breadcrumb\"},\"inLanguage\":\"it-IT\",\"potentialAction\":[{\"@type\":\"ReadAction\",\"target\":[\"https:\\\/\\\/www.medico.hr\\\/it\\\/attivita\\\/radiologia\\\/\"]}]},{\"@type\":\"ImageObject\",\"inLanguage\":\"it-IT\",\"@id\":\"https:\\\/\\\/www.medico.hr\\\/it\\\/attivita\\\/radiologia\\\/#primaryimage\",\"url\":\"https:\\\/\\\/www.medico.hr\\\/wp-content\\\/uploads\\\/2019\\\/02\\\/radiologija.jpg\",\"contentUrl\":\"https:\\\/\\\/www.medico.hr\\\/wp-content\\\/uploads\\\/2019\\\/02\\\/radiologija.jpg\",\"width\":1200,\"height\":675},{\"@type\":\"BreadcrumbList\",\"@id\":\"https:\\\/\\\/www.medico.hr\\\/it\\\/attivita\\\/radiologia\\\/#breadcrumb\",\"itemListElement\":[{\"@type\":\"ListItem\",\"position\":1,\"name\":\"Po\u010detna\",\"item\":\"https:\\\/\\\/www.medico.hr\\\/it\\\/\"},{\"@type\":\"ListItem\",\"position\":2,\"name\":\"Attivit\u00e0\",\"item\":\"https:\\\/\\\/www.medico.hr\\\/it\\\/attivita\\\/\"},{\"@type\":\"ListItem\",\"position\":3,\"name\":\"Radiologia\"}]},{\"@type\":\"WebSite\",\"@id\":\"https:\\\/\\\/www.medico.hr\\\/it\\\/#website\",\"url\":\"https:\\\/\\\/www.medico.hr\\\/it\\\/\",\"name\":\"Specijalna bolnica Medico\",\"description\":\"In un solo giorno, in un solo luogo\",\"publisher\":{\"@id\":\"https:\\\/\\\/www.medico.hr\\\/it\\\/#organization\"},\"potentialAction\":[{\"@type\":\"SearchAction\",\"target\":{\"@type\":\"EntryPoint\",\"urlTemplate\":\"https:\\\/\\\/www.medico.hr\\\/it\\\/?s={search_term_string}\"},\"query-input\":{\"@type\":\"PropertyValueSpecification\",\"valueRequired\":true,\"valueName\":\"search_term_string\"}}],\"inLanguage\":\"it-IT\"},{\"@type\":\"Organization\",\"@id\":\"https:\\\/\\\/www.medico.hr\\\/it\\\/#organization\",\"name\":\"Specijalna bolnica Medico\",\"url\":\"https:\\\/\\\/www.medico.hr\\\/it\\\/\",\"logo\":{\"@type\":\"ImageObject\",\"inLanguage\":\"it-IT\",\"@id\":\"https:\\\/\\\/www.medico.hr\\\/it\\\/#\\\/schema\\\/logo\\\/image\\\/\",\"url\":\"https:\\\/\\\/www.medico.hr\\\/wp-content\\\/uploads\\\/2022\\\/03\\\/logo-medico.png\",\"contentUrl\":\"https:\\\/\\\/www.medico.hr\\\/wp-content\\\/uploads\\\/2022\\\/03\\\/logo-medico.png\",\"width\":391,\"height\":101,\"caption\":\"Specijalna bolnica Medico\"},\"image\":{\"@id\":\"https:\\\/\\\/www.medico.hr\\\/it\\\/#\\\/schema\\\/logo\\\/image\\\/\"}}]}<\/script>\n<!-- \/ Yoast SEO plugin. -->","yoast_head_json":{"title":"Radiologia | Ospedale Specialistico Medico","description":"La diagnostica radiologica \u00e8 una disciplina medica che utilizza apparecchiature basate su radiazioni ionizzanti, ultrasuoni e risonanza magnetica per","robots":{"index":"index","follow":"follow","max-snippet":"max-snippet:-1","max-image-preview":"max-image-preview:large","max-video-preview":"max-video-preview:-1"},"canonical":"https:\/\/www.medico.hr\/it\/attivita\/radiologia\/","og_locale":"it_IT","og_type":"article","og_title":"Radiologia | Ospedale Specialistico Medico","og_description":"La diagnostica radiologica \u00e8 una disciplina medica che utilizza apparecchiature basate su radiazioni ionizzanti, ultrasuoni e risonanza magnetica per","og_url":"https:\/\/www.medico.hr\/it\/attivita\/radiologia\/","og_site_name":"Ospedale Specialistico Medico","article_modified_time":"2025-07-30T12:31:51+00:00","og_image":[{"width":1200,"height":675,"url":"https:\/\/www.medico.hr\/wp-content\/uploads\/2019\/02\/radiologija.jpg","type":"image\/jpeg"}],"twitter_card":"summary_large_image","schema":{"@context":"https:\/\/schema.org","@graph":[{"@type":"WebPage","@id":"https:\/\/www.medico.hr\/it\/attivita\/radiologia\/","url":"https:\/\/www.medico.hr\/it\/attivita\/radiologia\/","name":"Radiologia | Ospedale Specialistico Medico","isPartOf":{"@id":"https:\/\/www.medico.hr\/it\/#website"},"primaryImageOfPage":{"@id":"https:\/\/www.medico.hr\/it\/attivita\/radiologia\/#primaryimage"},"image":{"@id":"https:\/\/www.medico.hr\/it\/attivita\/radiologia\/#primaryimage"},"thumbnailUrl":"https:\/\/www.medico.hr\/wp-content\/uploads\/2019\/02\/radiologija.jpg","datePublished":"2019-01-29T20:11:19+00:00","dateModified":"2025-07-30T12:31:51+00:00","description":"La diagnostica radiologica \u00e8 una disciplina medica che utilizza apparecchiature basate su radiazioni ionizzanti, ultrasuoni e risonanza magnetica per","breadcrumb":{"@id":"https:\/\/www.medico.hr\/it\/attivita\/radiologia\/#breadcrumb"},"inLanguage":"it-IT","potentialAction":[{"@type":"ReadAction","target":["https:\/\/www.medico.hr\/it\/attivita\/radiologia\/"]}]},{"@type":"ImageObject","inLanguage":"it-IT","@id":"https:\/\/www.medico.hr\/it\/attivita\/radiologia\/#primaryimage","url":"https:\/\/www.medico.hr\/wp-content\/uploads\/2019\/02\/radiologija.jpg","contentUrl":"https:\/\/www.medico.hr\/wp-content\/uploads\/2019\/02\/radiologija.jpg","width":1200,"height":675},{"@type":"BreadcrumbList","@id":"https:\/\/www.medico.hr\/it\/attivita\/radiologia\/#breadcrumb","itemListElement":[{"@type":"ListItem","position":1,"name":"Po\u010detna","item":"https:\/\/www.medico.hr\/it\/"},{"@type":"ListItem","position":2,"name":"Attivit\u00e0","item":"https:\/\/www.medico.hr\/it\/attivita\/"},{"@type":"ListItem","position":3,"name":"Radiologia"}]},{"@type":"WebSite","@id":"https:\/\/www.medico.hr\/it\/#website","url":"https:\/\/www.medico.hr\/it\/","name":"Specijalna bolnica Medico","description":"In un solo giorno, in un solo luogo","publisher":{"@id":"https:\/\/www.medico.hr\/it\/#organization"},"potentialAction":[{"@type":"SearchAction","target":{"@type":"EntryPoint","urlTemplate":"https:\/\/www.medico.hr\/it\/?s={search_term_string}"},"query-input":{"@type":"PropertyValueSpecification","valueRequired":true,"valueName":"search_term_string"}}],"inLanguage":"it-IT"},{"@type":"Organization","@id":"https:\/\/www.medico.hr\/it\/#organization","name":"Specijalna bolnica Medico","url":"https:\/\/www.medico.hr\/it\/","logo":{"@type":"ImageObject","inLanguage":"it-IT","@id":"https:\/\/www.medico.hr\/it\/#\/schema\/logo\/image\/","url":"https:\/\/www.medico.hr\/wp-content\/uploads\/2022\/03\/logo-medico.png","contentUrl":"https:\/\/www.medico.hr\/wp-content\/uploads\/2022\/03\/logo-medico.png","width":391,"height":101,"caption":"Specijalna bolnica Medico"},"image":{"@id":"https:\/\/www.medico.hr\/it\/#\/schema\/logo\/image\/"}}]}},"_links":{"self":[{"href":"https:\/\/www.medico.hr\/it\/wp-json\/wp\/v2\/pages\/11890","targetHints":{"allow":["GET"]}}],"collection":[{"href":"https:\/\/www.medico.hr\/it\/wp-json\/wp\/v2\/pages"}],"about":[{"href":"https:\/\/www.medico.hr\/it\/wp-json\/wp\/v2\/types\/page"}],"author":[{"embeddable":true,"href":"https:\/\/www.medico.hr\/it\/wp-json\/wp\/v2\/users\/1"}],"replies":[{"embeddable":true,"href":"https:\/\/www.medico.hr\/it\/wp-json\/wp\/v2\/comments?post=11890"}],"version-history":[{"count":1,"href":"https:\/\/www.medico.hr\/it\/wp-json\/wp\/v2\/pages\/11890\/revisions"}],"predecessor-version":[{"id":11894,"href":"https:\/\/www.medico.hr\/it\/wp-json\/wp\/v2\/pages\/11890\/revisions\/11894"}],"up":[{"embeddable":true,"href":"https:\/\/www.medico.hr\/it\/wp-json\/wp\/v2\/pages\/11400"}],"wp:featuredmedia":[{"embeddable":true,"href":"https:\/\/www.medico.hr\/it\/wp-json\/wp\/v2\/media\/11893"}],"wp:attachment":[{"href":"https:\/\/www.medico.hr\/it\/wp-json\/wp\/v2\/media?parent=11890"}],"curies":[{"name":"wp","href":"https:\/\/api.w.org\/{rel}","templated":true}]}}