{"id":11901,"date":"2019-01-29T21:17:47","date_gmt":"2019-01-29T20:17:47","guid":{"rendered":"https:\/\/www.medico.hr\/?page_id=11901"},"modified":"2025-07-30T14:36:40","modified_gmt":"2025-07-30T12:36:40","slug":"chirurgia-vascolare","status":"publish","type":"page","link":"https:\/\/www.medico.hr\/it\/attivita\/chirurgia-vascolare\/","title":{"rendered":"Chirurgia vascolare"},"content":{"rendered":"\n<p class=\"is-style-intro\">Le vene varicose vengono trattate con moderne tecniche minimamente invasive.<\/p>\n\n\n\n<p>Le problematiche legate alle vene varicose vengono diagnosticate attraverso l\u2019esame clinico e l\u2019ecografia Doppler color.<\/p>\n\n\n\n<p>L\u2019ecografia consente di esaminare morfologia e funzionalit\u00e0 delle vene superficiali e profonde, escludendo inoltre la presenza di trombosi venosa profonda o patologie arteriose.<\/p>\n\n\n\n<p>Dopo un\u2019accurata valutazione dello stato delle vene varicose \u2014 considerando dimensioni, forma, anatomia e condizioni generali del paziente \u2014 scegliamo la terapia pi\u00f9 idonea.<\/p>\n\n\n\n<p>L\u2019ablazione laser endovenosa \u00e8 una tecnica che consiste nel chiudere dall\u2019interno la vena compromessa mediante l\u2019uso del laser. L\u2019intervento viene eseguito in anestesia locale tumescente, sotto controllo ecografico, in regime ambulatoriale; \u00e8 di breve durata, lascia cicatrici minime e permette al paziente di muoversi subito dopo. L\u2019ablazione laser viene solitamente eseguita in combinazione con la flebectomia. La letteratura medica moderna dimostra che il laser \u00e8 il metodo pi\u00f9 efficace per il trattamento delle vene varicose.<br>La flebectomia \u00e8 una procedura minimamente invasiva eseguita in anestesia locale per l\u2019asportazione delle vene varicose. Si interviene principalmente quando le vene principali sono funzionanti.<br>Lo stripping, ovvero l\u2019intervento classico per le vene varicose, prevede l\u2019asportazione della vena principale sotto anestesia generale o spinale, mentre le vene secondarie vengono rimosse tramite piccole incisioni sulla pelle.<br>Spesso, nello stesso paziente, \u00e8 necessario ricorrere a diverse tecniche terapeutiche. \u00c8 fondamentale un lavoro di squadra efficace e un approccio individuale a ogni paziente. Un trattamento tempestivo consente di ridurre o eliminare i sintomi, prevenire complicanze e rallentare l\u2019evoluzione della malattia.<\/p>\n","protected":false},"excerpt":{"rendered":"<p>Le vene varicose vengono trattate con moderne tecniche minimamente invasive. Le problematiche legate alle vene varicose vengono diagnosticate attraverso l\u2019esame&#8230;<\/p>\n","protected":false},"author":1,"featured_media":11903,"parent":11400,"menu_order":0,"comment_status":"closed","ping_status":"closed","template":"service-single.php","meta":{"_acf_changed":false,"footnotes":""},"class_list":["post-11901","page","type-page","status-publish","has-post-thumbnail","hentry"],"acf":[],"yoast_head":"<!-- This site is optimized with the Yoast SEO plugin v27.5 - https:\/\/yoast.com\/product\/yoast-seo-wordpress\/ -->\n<title>Chirurgia vascolare | Ospedale Specialistico Medico<\/title>\n<meta name=\"description\" content=\"Le vene varicose vengono trattate con moderne tecniche minimamente invasive. Le problematiche legate alle vene varicose vengono diagnosticate attraverso\" \/>\n<meta name=\"robots\" content=\"index, follow, max-snippet:-1, max-image-preview:large, max-video-preview:-1\" \/>\n<link rel=\"canonical\" href=\"https:\/\/www.medico.hr\/it\/attivita\/chirurgia-vascolare\/\" \/>\n<meta property=\"og:locale\" content=\"it_IT\" \/>\n<meta property=\"og:type\" content=\"article\" \/>\n<meta property=\"og:title\" content=\"Chirurgia vascolare | Ospedale Specialistico Medico\" \/>\n<meta property=\"og:description\" content=\"Le vene varicose vengono trattate con moderne tecniche minimamente invasive. Le problematiche legate alle vene varicose vengono diagnosticate attraverso\" \/>\n<meta property=\"og:url\" content=\"https:\/\/www.medico.hr\/it\/attivita\/chirurgia-vascolare\/\" \/>\n<meta property=\"og:site_name\" content=\"Ospedale Specialistico Medico\" \/>\n<meta property=\"article:modified_time\" content=\"2025-07-30T12:36:40+00:00\" \/>\n<meta property=\"og:image\" content=\"https:\/\/www.medico.hr\/wp-content\/uploads\/2019\/02\/kirurgija4.jpg\" \/>\n\t<meta property=\"og:image:width\" content=\"1200\" \/>\n\t<meta property=\"og:image:height\" content=\"675\" \/>\n\t<meta property=\"og:image:type\" content=\"image\/jpeg\" \/>\n<meta name=\"twitter:card\" content=\"summary_large_image\" \/>\n<meta name=\"twitter:label1\" content=\"Tempo di lettura stimato\" \/>\n\t<meta name=\"twitter:data1\" content=\"1 minuto\" \/>\n<script type=\"application\/ld+json\" class=\"yoast-schema-graph\">{\"@context\":\"https:\\\/\\\/schema.org\",\"@graph\":[{\"@type\":\"WebPage\",\"@id\":\"https:\\\/\\\/www.medico.hr\\\/it\\\/attivita\\\/chirurgia-vascolare\\\/\",\"url\":\"https:\\\/\\\/www.medico.hr\\\/it\\\/attivita\\\/chirurgia-vascolare\\\/\",\"name\":\"Chirurgia vascolare | Ospedale Specialistico Medico\",\"isPartOf\":{\"@id\":\"https:\\\/\\\/www.medico.hr\\\/it\\\/#website\"},\"primaryImageOfPage\":{\"@id\":\"https:\\\/\\\/www.medico.hr\\\/it\\\/attivita\\\/chirurgia-vascolare\\\/#primaryimage\"},\"image\":{\"@id\":\"https:\\\/\\\/www.medico.hr\\\/it\\\/attivita\\\/chirurgia-vascolare\\\/#primaryimage\"},\"thumbnailUrl\":\"https:\\\/\\\/www.medico.hr\\\/wp-content\\\/uploads\\\/2019\\\/02\\\/kirurgija4.jpg\",\"datePublished\":\"2019-01-29T20:17:47+00:00\",\"dateModified\":\"2025-07-30T12:36:40+00:00\",\"description\":\"Le vene varicose vengono trattate con moderne tecniche minimamente invasive. Le problematiche legate alle vene varicose vengono diagnosticate attraverso\",\"breadcrumb\":{\"@id\":\"https:\\\/\\\/www.medico.hr\\\/it\\\/attivita\\\/chirurgia-vascolare\\\/#breadcrumb\"},\"inLanguage\":\"it-IT\",\"potentialAction\":[{\"@type\":\"ReadAction\",\"target\":[\"https:\\\/\\\/www.medico.hr\\\/it\\\/attivita\\\/chirurgia-vascolare\\\/\"]}]},{\"@type\":\"ImageObject\",\"inLanguage\":\"it-IT\",\"@id\":\"https:\\\/\\\/www.medico.hr\\\/it\\\/attivita\\\/chirurgia-vascolare\\\/#primaryimage\",\"url\":\"https:\\\/\\\/www.medico.hr\\\/wp-content\\\/uploads\\\/2019\\\/02\\\/kirurgija4.jpg\",\"contentUrl\":\"https:\\\/\\\/www.medico.hr\\\/wp-content\\\/uploads\\\/2019\\\/02\\\/kirurgija4.jpg\",\"width\":1200,\"height\":675},{\"@type\":\"BreadcrumbList\",\"@id\":\"https:\\\/\\\/www.medico.hr\\\/it\\\/attivita\\\/chirurgia-vascolare\\\/#breadcrumb\",\"itemListElement\":[{\"@type\":\"ListItem\",\"position\":1,\"name\":\"Po\u010detna\",\"item\":\"https:\\\/\\\/www.medico.hr\\\/it\\\/\"},{\"@type\":\"ListItem\",\"position\":2,\"name\":\"Attivit\u00e0\",\"item\":\"https:\\\/\\\/www.medico.hr\\\/it\\\/attivita\\\/\"},{\"@type\":\"ListItem\",\"position\":3,\"name\":\"Chirurgia vascolare\"}]},{\"@type\":\"WebSite\",\"@id\":\"https:\\\/\\\/www.medico.hr\\\/it\\\/#website\",\"url\":\"https:\\\/\\\/www.medico.hr\\\/it\\\/\",\"name\":\"Specijalna bolnica Medico\",\"description\":\"In un solo giorno, in un solo luogo\",\"publisher\":{\"@id\":\"https:\\\/\\\/www.medico.hr\\\/it\\\/#organization\"},\"potentialAction\":[{\"@type\":\"SearchAction\",\"target\":{\"@type\":\"EntryPoint\",\"urlTemplate\":\"https:\\\/\\\/www.medico.hr\\\/it\\\/?s={search_term_string}\"},\"query-input\":{\"@type\":\"PropertyValueSpecification\",\"valueRequired\":true,\"valueName\":\"search_term_string\"}}],\"inLanguage\":\"it-IT\"},{\"@type\":\"Organization\",\"@id\":\"https:\\\/\\\/www.medico.hr\\\/it\\\/#organization\",\"name\":\"Specijalna bolnica Medico\",\"url\":\"https:\\\/\\\/www.medico.hr\\\/it\\\/\",\"logo\":{\"@type\":\"ImageObject\",\"inLanguage\":\"it-IT\",\"@id\":\"https:\\\/\\\/www.medico.hr\\\/it\\\/#\\\/schema\\\/logo\\\/image\\\/\",\"url\":\"https:\\\/\\\/www.medico.hr\\\/wp-content\\\/uploads\\\/2022\\\/03\\\/logo-medico.png\",\"contentUrl\":\"https:\\\/\\\/www.medico.hr\\\/wp-content\\\/uploads\\\/2022\\\/03\\\/logo-medico.png\",\"width\":391,\"height\":101,\"caption\":\"Specijalna bolnica Medico\"},\"image\":{\"@id\":\"https:\\\/\\\/www.medico.hr\\\/it\\\/#\\\/schema\\\/logo\\\/image\\\/\"}}]}<\/script>\n<!-- \/ Yoast SEO plugin. -->","yoast_head_json":{"title":"Chirurgia vascolare | Ospedale Specialistico Medico","description":"Le vene varicose vengono trattate con moderne tecniche minimamente invasive. Le problematiche legate alle vene varicose vengono diagnosticate attraverso","robots":{"index":"index","follow":"follow","max-snippet":"max-snippet:-1","max-image-preview":"max-image-preview:large","max-video-preview":"max-video-preview:-1"},"canonical":"https:\/\/www.medico.hr\/it\/attivita\/chirurgia-vascolare\/","og_locale":"it_IT","og_type":"article","og_title":"Chirurgia vascolare | Ospedale Specialistico Medico","og_description":"Le vene varicose vengono trattate con moderne tecniche minimamente invasive. Le problematiche legate alle vene varicose vengono diagnosticate attraverso","og_url":"https:\/\/www.medico.hr\/it\/attivita\/chirurgia-vascolare\/","og_site_name":"Ospedale Specialistico Medico","article_modified_time":"2025-07-30T12:36:40+00:00","og_image":[{"width":1200,"height":675,"url":"https:\/\/www.medico.hr\/wp-content\/uploads\/2019\/02\/kirurgija4.jpg","type":"image\/jpeg"}],"twitter_card":"summary_large_image","twitter_misc":{"Tempo di lettura stimato":"1 minuto"},"schema":{"@context":"https:\/\/schema.org","@graph":[{"@type":"WebPage","@id":"https:\/\/www.medico.hr\/it\/attivita\/chirurgia-vascolare\/","url":"https:\/\/www.medico.hr\/it\/attivita\/chirurgia-vascolare\/","name":"Chirurgia vascolare | Ospedale Specialistico Medico","isPartOf":{"@id":"https:\/\/www.medico.hr\/it\/#website"},"primaryImageOfPage":{"@id":"https:\/\/www.medico.hr\/it\/attivita\/chirurgia-vascolare\/#primaryimage"},"image":{"@id":"https:\/\/www.medico.hr\/it\/attivita\/chirurgia-vascolare\/#primaryimage"},"thumbnailUrl":"https:\/\/www.medico.hr\/wp-content\/uploads\/2019\/02\/kirurgija4.jpg","datePublished":"2019-01-29T20:17:47+00:00","dateModified":"2025-07-30T12:36:40+00:00","description":"Le vene varicose vengono trattate con moderne tecniche minimamente invasive. Le problematiche legate alle vene varicose vengono diagnosticate attraverso","breadcrumb":{"@id":"https:\/\/www.medico.hr\/it\/attivita\/chirurgia-vascolare\/#breadcrumb"},"inLanguage":"it-IT","potentialAction":[{"@type":"ReadAction","target":["https:\/\/www.medico.hr\/it\/attivita\/chirurgia-vascolare\/"]}]},{"@type":"ImageObject","inLanguage":"it-IT","@id":"https:\/\/www.medico.hr\/it\/attivita\/chirurgia-vascolare\/#primaryimage","url":"https:\/\/www.medico.hr\/wp-content\/uploads\/2019\/02\/kirurgija4.jpg","contentUrl":"https:\/\/www.medico.hr\/wp-content\/uploads\/2019\/02\/kirurgija4.jpg","width":1200,"height":675},{"@type":"BreadcrumbList","@id":"https:\/\/www.medico.hr\/it\/attivita\/chirurgia-vascolare\/#breadcrumb","itemListElement":[{"@type":"ListItem","position":1,"name":"Po\u010detna","item":"https:\/\/www.medico.hr\/it\/"},{"@type":"ListItem","position":2,"name":"Attivit\u00e0","item":"https:\/\/www.medico.hr\/it\/attivita\/"},{"@type":"ListItem","position":3,"name":"Chirurgia vascolare"}]},{"@type":"WebSite","@id":"https:\/\/www.medico.hr\/it\/#website","url":"https:\/\/www.medico.hr\/it\/","name":"Specijalna bolnica Medico","description":"In un solo giorno, in un solo luogo","publisher":{"@id":"https:\/\/www.medico.hr\/it\/#organization"},"potentialAction":[{"@type":"SearchAction","target":{"@type":"EntryPoint","urlTemplate":"https:\/\/www.medico.hr\/it\/?s={search_term_string}"},"query-input":{"@type":"PropertyValueSpecification","valueRequired":true,"valueName":"search_term_string"}}],"inLanguage":"it-IT"},{"@type":"Organization","@id":"https:\/\/www.medico.hr\/it\/#organization","name":"Specijalna bolnica Medico","url":"https:\/\/www.medico.hr\/it\/","logo":{"@type":"ImageObject","inLanguage":"it-IT","@id":"https:\/\/www.medico.hr\/it\/#\/schema\/logo\/image\/","url":"https:\/\/www.medico.hr\/wp-content\/uploads\/2022\/03\/logo-medico.png","contentUrl":"https:\/\/www.medico.hr\/wp-content\/uploads\/2022\/03\/logo-medico.png","width":391,"height":101,"caption":"Specijalna bolnica Medico"},"image":{"@id":"https:\/\/www.medico.hr\/it\/#\/schema\/logo\/image\/"}}]}},"_links":{"self":[{"href":"https:\/\/www.medico.hr\/it\/wp-json\/wp\/v2\/pages\/11901","targetHints":{"allow":["GET"]}}],"collection":[{"href":"https:\/\/www.medico.hr\/it\/wp-json\/wp\/v2\/pages"}],"about":[{"href":"https:\/\/www.medico.hr\/it\/wp-json\/wp\/v2\/types\/page"}],"author":[{"embeddable":true,"href":"https:\/\/www.medico.hr\/it\/wp-json\/wp\/v2\/users\/1"}],"replies":[{"embeddable":true,"href":"https:\/\/www.medico.hr\/it\/wp-json\/wp\/v2\/comments?post=11901"}],"version-history":[{"count":1,"href":"https:\/\/www.medico.hr\/it\/wp-json\/wp\/v2\/pages\/11901\/revisions"}],"predecessor-version":[{"id":11902,"href":"https:\/\/www.medico.hr\/it\/wp-json\/wp\/v2\/pages\/11901\/revisions\/11902"}],"up":[{"embeddable":true,"href":"https:\/\/www.medico.hr\/it\/wp-json\/wp\/v2\/pages\/11400"}],"wp:featuredmedia":[{"embeddable":true,"href":"https:\/\/www.medico.hr\/it\/wp-json\/wp\/v2\/media\/11903"}],"wp:attachment":[{"href":"https:\/\/www.medico.hr\/it\/wp-json\/wp\/v2\/media?parent=11901"}],"curies":[{"name":"wp","href":"https:\/\/api.w.org\/{rel}","templated":true}]}}